{"id":2999,"date":"2024-10-30T22:11:05","date_gmt":"2024-10-30T21:11:05","guid":{"rendered":"https:\/\/www.instaclima.com\/nuevaweb\/?page_id=2999"},"modified":"2024-11-01T12:30:54","modified_gmt":"2024-11-01T11:30:54","slug":"politica-de-privacidad","status":"publish","type":"page","link":"https:\/\/www.instaclima.com\/nuevaweb\/politica-de-privacidad\/","title":{"rendered":"Pol\u00edtica de Privacidad"},"content":{"rendered":"\t\t<div data-elementor-type=\"wp-page\" data-elementor-id=\"2999\" class=\"elementor elementor-2999\" data-elementor-post-type=\"page\">\n\t\t\t\t<div class=\"elementor-element elementor-element-231a8c3 e-con-full e-flex e-con e-parent\" data-id=\"231a8c3\" data-element_type=\"container\" data-e-type=\"container\">\n\t\t\t\t<div class=\"elementor-element elementor-element-c4dfbf2 elementor-widget elementor-widget-text-editor\" data-id=\"c4dfbf2\" data-element_type=\"widget\" data-e-type=\"widget\" data-widget_type=\"text-editor.default\">\n\t\t\t\t<div class=\"elementor-widget-container\">\n\t\t\t\t\t\t\t\t\t<p>Pol\u00edtica de privacidad<br \/>A trav\u00e9s de este sitio web no se recaban datos de car\u00e1cter personal de las personas usuarias sin su conocimiento, ni se ceden a terceros.<\/p><p>Con la finalidad de ofrecerle el mejor servicio y con el objeto de facilitar el uso, se analizan el n\u00famero de p\u00e1ginas visitadas, el n\u00famero de visitas, as\u00ed como la actividad de las persona visitantes y su frecuencia de utilizaci\u00f3n. A estos efectos, la Agencia Espa\u00f1ola de Protecci\u00f3n de Datos (AEPD) utiliza la informaci\u00f3n estad\u00edstica elaborada por el Proveedor de Servicios de Internet.<\/p><p>La AEPD no utiliza cookies para recoger informaci\u00f3n de las personas usuarias, ni registra las direcciones IP de acceso. \u00danicamente se utilizan cookies propias, de sesi\u00f3n, con finalidad t\u00e9cnica (aquellas que permiten la navegaci\u00f3n a trav\u00e9s del sitio web y la utilizaci\u00f3n de las diferentes opciones y servicios que en ella existen).<\/p><p>El portal del que es titular la AEPD contiene enlaces a sitios web de terceros, cuyas pol\u00edticas de privacidad son ajenas a la de la AEPD. Al acceder a tales sitios web usted puede decidir si acepta sus pol\u00edticas de privacidad y de cookies. Con car\u00e1cter general, si navega por internet usted puede aceptar o rechazar las cookies de terceros desde las opciones de configuraci\u00f3n de su navegador.<\/p><p>Informaci\u00f3n b\u00e1sica sobre protecci\u00f3n de datos<br \/>A continuaci\u00f3n le informamos sobre la pol\u00edtica de protecci\u00f3n de datos de la Agencia Espa\u00f1ola de Protecci\u00f3n de Datos.<\/p><p>Responsable del tratamiento<br \/>Los datos de car\u00e1cter personal que se pudieran recabar directamente de la persona interesada ser\u00e1n tratados de forma confidencial y quedar\u00e1n incorporados a la correspondiente actividad de tratamiento titularidad de la Agencia Espa\u00f1ola de Protecci\u00f3n de Datos (AEPD).<\/p><p>La relaci\u00f3n actualizada de las actividades de tratamiento que la AEPD lleva a cabo se encuentra disponible en el siguiente registro de actividades de la AEPD.<\/p><p>Finalidad<br \/>La finalidad del tratamiento de los datos corresponde a cada una de las actividades de tratamiento que realiza la AEPD y que est\u00e1n accesibles en el registro de actividadesde tratamiento.<\/p><p>Legitimaci\u00f3n<br \/>El tratamiento de sus datos se realiza para el cumplimiento de obligaciones legales por parte de la AEPD, para el cumplimiento de misiones realizada en inter\u00e9s p\u00fablico o en el ejercicio de poderes p\u00fablicos conferidos a la AEPD, as\u00ed como cuando la finalidad del tratamiento requiera su consentimiento, que habr\u00e1 de ser prestado mediante una clara acci\u00f3n afirmativa.<\/p><p>Puede consultar la base legal para cada una de las actividades de tratamiento que lleva a cabo la AEPD en el siguiente Acceder al registro de actividades de la AEPD.<\/p><p>Conservaci\u00f3n de datos<br \/>Los datos personales proporcionados se conservar\u00e1n durante el tiempo necesario para cumplir con la finalidad para la que se recaban y para determinar las posibles responsabilidades que se pudieran derivar de la finalidad, adem\u00e1s de los per\u00edodos establecidos en la normativa de archivos y documentaci\u00f3n.<\/p><p>Comunicaci\u00f3n de datos<br \/>Con car\u00e1cter general no se comunicar\u00e1n los datos personales a terceros, salvo obligaci\u00f3n legal, entre las que pueden estar las comunicaciones al Defensor del Pueblo, Jueces y Tribunales, personas interesadas en los procedimientos relacionados con la reclamaciones presentadas.<\/p><p>Puede consultar los destinatarios para cada una de las actividades de tratamiento que lleva a cabo la AEPD en el siguiente Acceder al registro de actividades de la AEPD.<\/p><p>Derechos de las personas interesadas<br \/>Para solicitar el acceso, la rectificaci\u00f3n, supresi\u00f3n o limitaci\u00f3n del tratamiento de los datos personales o a oponerse al tratamiento, en el caso de se den los requisitos establecidos en el Reglamento General de Protecci\u00f3n de Datos, as\u00ed como en la Ley Org\u00e1nica 3\/2018, de 5 de diciembre, de Protecci\u00f3n de Datos Personal y garant\u00eda de los derechos digitales, puede dirigir un escrito al responsable del tratamiento, en este caso, la AEPD, dirigiendo el mismo a la Agencia Espa\u00f1ola de Protecci\u00f3n de Datos, C\/Jorge Juan, 6, 28001- Madrid o en el registro electr\u00f3nico de la AEPD<\/p>\t\t\t\t\t\t\t\t<\/div>\n\t\t\t\t<\/div>\n\t\t\t\t<\/div>\n\t\t\t\t<\/div>\n\t\t","protected":false},"excerpt":{"rendered":"<p>Pol\u00edtica de privacidadA trav\u00e9s de este sitio web no se recaban datos de car\u00e1cter personal de las personas usuarias sin su conocimiento, ni se ceden&#8230;<\/p>\n","protected":false},"author":1,"featured_media":0,"parent":0,"menu_order":0,"comment_status":"closed","ping_status":"closed","template":"","meta":{"footnotes":""},"class_list":["post-2999","page","type-page","status-publish","hentry"],"_links":{"self":[{"href":"https:\/\/www.instaclima.com\/nuevaweb\/wp-json\/wp\/v2\/pages\/2999","targetHints":{"allow":["GET"]}}],"collection":[{"href":"https:\/\/www.instaclima.com\/nuevaweb\/wp-json\/wp\/v2\/pages"}],"about":[{"href":"https:\/\/www.instaclima.com\/nuevaweb\/wp-json\/wp\/v2\/types\/page"}],"author":[{"embeddable":true,"href":"https:\/\/www.instaclima.com\/nuevaweb\/wp-json\/wp\/v2\/users\/1"}],"replies":[{"embeddable":true,"href":"https:\/\/www.instaclima.com\/nuevaweb\/wp-json\/wp\/v2\/comments?post=2999"}],"version-history":[{"count":4,"href":"https:\/\/www.instaclima.com\/nuevaweb\/wp-json\/wp\/v2\/pages\/2999\/revisions"}],"predecessor-version":[{"id":3057,"href":"https:\/\/www.instaclima.com\/nuevaweb\/wp-json\/wp\/v2\/pages\/2999\/revisions\/3057"}],"wp:attachment":[{"href":"https:\/\/www.instaclima.com\/nuevaweb\/wp-json\/wp\/v2\/media?parent=2999"}],"curies":[{"name":"wp","href":"https:\/\/api.w.org\/{rel}","templated":true}]}}