{"id":1924,"date":"2024-10-29T20:53:58","date_gmt":"2024-10-29T19:53:58","guid":{"rendered":"https:\/\/www.instaclima.com\/nuevaweb\/?post_type=product&#038;p=1924"},"modified":"2024-10-29T20:54:02","modified_gmt":"2024-10-29T19:54:02","slug":"caldera-condensacion-vaillant-ecotec-pure-vmw-236-7-2","status":"publish","type":"product","link":"https:\/\/www.instaclima.com\/nuevaweb\/producto\/caldera-condensacion-vaillant-ecotec-pure-vmw-236-7-2\/","title":{"rendered":"Caldera Condensaci\u00f3n Vaillant EcoTEC Pure VMW 236\/7-2"},"content":{"rendered":"<p>Compra la nuevaCaldera Condensaci\u00f3n Vaillant EcoTEC Pure VMW 236\/7-2. Posee una potencia en calefacci\u00f3n de 23 kW. Su eficiencia energ\u00e9tica es A. Cuenta con una tensi\u00f3n de alimentaci\u00f3n de 220 V. Dispone de un caudal de agua de 13,8 L. Y sus dimensiones son de 720x440x335 mm.<\/p>\n<p>Con la adquisici\u00f3n de la caldera, puedes tener dos a\u00f1os de garant\u00eda total por parte de su fabricante. Los mejores precios solo podr\u00e1s encontrarlos en tu tienda favorita Instaclima.<\/p>\n<h2><strong>Caracter\u00edsticas de la Caldera<\/strong><\/h2>\n<p><iframe loading=\"lazy\" title=\"YouTube video player\" src=\"https:\/\/www.youtube.com\/embed\/5YWSgMBf-xo\" width=\"560\" height=\"315\" frameborder=\"0\" allowfullscreen=\"allowfullscreen\"><\/iframe><\/p>\n<ul>\n<li>Disponibles en potencias de 23 y 28 kW.<\/li>\n<li>Confort y ahorro para el usuario.<\/li>\n<li>Nuevo dise\u00f1o.<\/li>\n<li>CLASE 6 NOx Preparadas para el futuro.<\/li>\n<li>Instalaci\u00f3n sencilla.<\/li>\n<li>M\u00e1xima calidad garantizada.<\/li>\n<li>Garant\u00eda total de dos a\u00f1os por parte de su fabricante.<\/li>\n<\/ul>\n<h3>Ficha T\u00e9cnica de la Caldera Condensaci\u00f3n Vaillant EcoTEC Pure VMW 236\/7-2<\/h3>\n<table>\n<tbody>\n<tr>\n<td width=\"283\"><strong>Potencia en Calefacci\u00f3n<\/strong><\/td>\n<td width=\"283\">23 kW.<\/td>\n<\/tr>\n<tr>\n<td width=\"283\"><strong>Tensi\u00f3n de Alimentaci\u00f3n<\/strong><\/td>\n<td width=\"283\">220 v.<\/td>\n<\/tr>\n<tr>\n<td width=\"283\"><strong>Eficiencia Energ\u00e9tica<\/strong><\/td>\n<td width=\"283\">A.<\/td>\n<\/tr>\n<tr>\n<td width=\"283\"><strong>Caudal de Agua<\/strong><\/td>\n<td width=\"283\">13,8 L.<\/td>\n<\/tr>\n<tr>\n<td width=\"283\"><strong>Dimensiones<\/strong><\/td>\n<td width=\"283\">720x440x335 mm.<\/td>\n<\/tr>\n<tr>\n<td width=\"283\"><strong>Salida de Humos<\/strong><\/td>\n<td width=\"283\">60\/100 mm.<\/td>\n<\/tr>\n<\/tbody>\n<\/table>\n<h3>\u00bfPor qu\u00e9 comprar la Caldera Condensaci\u00f3n Vaillant EcoTEC Pure VMW 236\/7-2?<\/h3>\n<p>A diferencia de otras calderas. Este equipo cuenta con una funci\u00f3n mixta tanto para calefacci\u00f3n como de ACS. Ademas, su tecnolog\u00eda de primera permitiendo que dispongas de nuevas funciones digitales que puedan adaptarse a tus necesidades. Es de las pocas calderas que ayuda a preservar el medio ambiente y no expulsa gases t\u00f3xicos mientras est\u00e1 en funcionamiento.<\/p>\n<p>El mejor precio solo lo podr\u00e1s conseguir en tu tienda de confianza Instaclima. Somos expertos en productos de climatizaci\u00f3n en toda Espa\u00f1a. Trabajamos a domicilio por todo el territorio Nacional.<\/p>\n","protected":false},"excerpt":{"rendered":"<p>OFERTA <strong>Caldera Condensaci\u00f3n Vaillant EcoTEC Pure VMW 236\/7-2<\/strong>. Potencia en Calefacci\u00f3n 23 kW. Tensi\u00f3n de Alimentaci\u00f3n 220 v. Eficiencia Energ\u00e9tica A. Caudal de Agua 13,8 L. Dimensiones 720x440x335 mm. Salida de Humos 60\/100 mm. Compra al mejor precio la Vaillant a gas.<\/p>\n","protected":false},"featured_media":1966,"comment_status":"closed","ping_status":"closed","template":"","meta":[],"etheme_brands":[],"product_brand":[],"product_cat":[59],"product_tag":[62],"class_list":{"0":"post-1924","1":"product","2":"type-product","3":"status-publish","4":"has-post-thumbnail","6":"product_cat-calderas","7":"product_tag-vaillant","9":"first","10":"instock","11":"taxable","12":"shipping-taxable","13":"purchasable","14":"product-type-simple"},"_links":{"self":[{"href":"https:\/\/www.instaclima.com\/nuevaweb\/wp-json\/wp\/v2\/product\/1924","targetHints":{"allow":["GET"]}}],"collection":[{"href":"https:\/\/www.instaclima.com\/nuevaweb\/wp-json\/wp\/v2\/product"}],"about":[{"href":"https:\/\/www.instaclima.com\/nuevaweb\/wp-json\/wp\/v2\/types\/product"}],"replies":[{"embeddable":true,"href":"https:\/\/www.instaclima.com\/nuevaweb\/wp-json\/wp\/v2\/comments?post=1924"}],"version-history":[{"count":1,"href":"https:\/\/www.instaclima.com\/nuevaweb\/wp-json\/wp\/v2\/product\/1924\/revisions"}],"predecessor-version":[{"id":1967,"href":"https:\/\/www.instaclima.com\/nuevaweb\/wp-json\/wp\/v2\/product\/1924\/revisions\/1967"}],"wp:featuredmedia":[{"embeddable":true,"href":"https:\/\/www.instaclima.com\/nuevaweb\/wp-json\/wp\/v2\/media\/1966"}],"wp:attachment":[{"href":"https:\/\/www.instaclima.com\/nuevaweb\/wp-json\/wp\/v2\/media?parent=1924"}],"wp:term":[{"taxonomy":"brand","embeddable":true,"href":"https:\/\/www.instaclima.com\/nuevaweb\/wp-json\/wp\/v2\/etheme_brands?post=1924"},{"taxonomy":"product_brand","embeddable":true,"href":"https:\/\/www.instaclima.com\/nuevaweb\/wp-json\/wp\/v2\/product_brand?post=1924"},{"taxonomy":"product_cat","embeddable":true,"href":"https:\/\/www.instaclima.com\/nuevaweb\/wp-json\/wp\/v2\/product_cat?post=1924"},{"taxonomy":"product_tag","embeddable":true,"href":"https:\/\/www.instaclima.com\/nuevaweb\/wp-json\/wp\/v2\/product_tag?post=1924"}],"curies":[{"name":"wp","href":"https:\/\/api.w.org\/{rel}","templated":true}]}}