{"id":1925,"date":"2024-10-29T20:53:58","date_gmt":"2024-10-29T19:53:58","guid":{"rendered":"https:\/\/www.instaclima.com\/nuevaweb\/?post_type=product&#038;p=1925"},"modified":"2024-10-29T20:54:01","modified_gmt":"2024-10-29T19:54:01","slug":"caldera-baxi-platinum-iplus-32-af","status":"publish","type":"product","link":"https:\/\/www.instaclima.com\/nuevaweb\/producto\/caldera-baxi-platinum-iplus-32-af\/","title":{"rendered":"Caldera Baxi Platinum IPLUS 32 AF"},"content":{"rendered":"<p>Disponible la nueva Caldera De Condensaci\u00f3n Baxi Platinum Plus 32 AF. Posee una potencia en calefacci\u00f3n de 32 kW. Su eficiencia energ\u00e9tica es A. Cuenta con una tensi\u00f3n de alimentaci\u00f3n de 220 V. Dispone de un caudal de agua de 17 L. Y sus dimensiones son de 763x450x345 mm.<\/p>\n<p>Con la adquisici\u00f3n de la caldera, puedes tener dos a\u00f1os de garant\u00eda total por parte de su fabricante. Los mejores precios solo podr\u00e1s encontrarlos en tu tienda favorita Instaclima.<\/p>\n<h2><strong>\u00a0Caracter\u00edsticas de la Caldera<\/strong><\/h2>\n<p><iframe loading=\"lazy\" title=\"YouTube video player\" src=\"https:\/\/www.youtube.com\/embed\/7yfy9hUN5nE\" width=\"560\" height=\"315\" frameborder=\"0\" allowfullscreen=\"allowfullscreen\"><\/iframe><\/p>\n<ul>\n<li>Amplio campo de modulaci\u00f3n: Mayor eficiencia y m\u00e1s silenciosa.<\/li>\n<li>Cuadro de control extra\u00edble con display LCD.<\/li>\n<li>Funciones de termostato de ambiente programable con regulaci\u00f3n clim\u00e1tica de calefacci\u00f3n y agua caliente sanitaria.<\/li>\n<li>Preparada para trabajar como apoyo en sistemas solares de agua caliente sanitaria.<\/li>\n<li>Ventilador modulante.<\/li>\n<li>Intercambiador monot\u00e9rmico de acero inoxidable AISI 316L.<\/li>\n<li>Mayor fiabilidad y larga vida \u00fatil.<\/li>\n<li>Alto rendimiento **** (Directiva 92\/42\/CEE).<\/li>\n<li>Ecol\u00f3gica: Clase 5 de Nox.<\/li>\n<li>Garant\u00eda total de dos a\u00f1os por parte del fabricante.<\/li>\n<\/ul>\n<h3>Ficha T\u00e9cnica de la Caldera De Condensaci\u00f3n Baxi Platinum Plus 32 AF<\/h3>\n<table>\n<tbody>\n<tr>\n<td width=\"283\"><strong>Potencia en Calefacci\u00f3n<\/strong><\/td>\n<td width=\"283\">32 kW.<\/td>\n<\/tr>\n<tr>\n<td width=\"283\"><strong>Tensi\u00f3n de Alimentaci\u00f3n<\/strong><\/td>\n<td width=\"283\">220 v.<\/td>\n<\/tr>\n<tr>\n<td width=\"283\"><strong>Eficiencia Energ\u00e9tica<\/strong><\/td>\n<td width=\"283\">A.<\/td>\n<\/tr>\n<tr>\n<td width=\"283\"><strong>Caudal de Agua<\/strong><\/td>\n<td width=\"283\">17 L.<\/td>\n<\/tr>\n<tr>\n<td width=\"283\"><strong>Dimensiones<\/strong><\/td>\n<td width=\"283\">763x450x345 mm.<\/td>\n<\/tr>\n<tr>\n<td width=\"283\"><strong>Salida de Humos<\/strong><\/td>\n<td width=\"283\">60\/100 mm.<\/td>\n<\/tr>\n<\/tbody>\n<\/table>\n<h3>\u00bfPor qu\u00e9 comprar la Caldera De Condensaci\u00f3n Baxi Platinum Plus 32 AF?<\/h3>\n<p>A diferencia de otras calderas. Este equipo cuenta con una funci\u00f3n mixta tanto para calefacci\u00f3n como de ACS. Ademas, su tecnolog\u00eda de primera permitiendo que dispongas de nuevas funciones digitales que puedan adaptarse a tus necesidades. Es de las pocas calderas que ayuda a preservar el medio ambiente y no expulsa gases t\u00f3xicos mientras est\u00e1 en funcionamiento.<\/p>\n<p>El mejor precio solo lo podr\u00e1s conseguir en tu tienda de confianza Instaclima. Somos expertos en productos de climatizaci\u00f3n en toda Espa\u00f1a. Trabajamos a domicilio por todo el territorio Nacional.<\/p>\n","protected":false},"excerpt":{"rendered":"<p>OFERTA <strong>Caldera De Condensaci\u00f3n Baxi Platinum Plus 32 AF<\/strong>. Potencia en Calefacci\u00f3n 32 kW. Tensi\u00f3n de Alimentaci\u00f3n 220 v. Eficiencia Energ\u00e9tica A. Caudal de Agua 17 L. Dimensiones 763x450x345 mm. Salida de Humos 60\/100 mm. Compra al mejor precio el Baxi a gas.<\/p>\n<p>&nbsp;<\/p>\n<blockquote>\n<h4><span style=\"color: #ff0000;\">NOTA INFORMATIVA: Todas las calderas una vez instaladas deben de realizar la puesta en marcha por el servicio t\u00e9cnico oficial para que selle su garant\u00eda ofrecida por el fabricante.<\/span><\/h4>\n<\/blockquote>\n","protected":false},"featured_media":1964,"comment_status":"closed","ping_status":"closed","template":"","meta":[],"etheme_brands":[],"product_brand":[],"product_cat":[59],"product_tag":[61],"class_list":{"0":"post-1925","1":"product","2":"type-product","3":"status-publish","4":"has-post-thumbnail","6":"product_cat-calderas","7":"product_tag-baxi","9":"first","10":"instock","11":"taxable","12":"shipping-taxable","13":"purchasable","14":"product-type-simple"},"_links":{"self":[{"href":"https:\/\/www.instaclima.com\/nuevaweb\/wp-json\/wp\/v2\/product\/1925","targetHints":{"allow":["GET"]}}],"collection":[{"href":"https:\/\/www.instaclima.com\/nuevaweb\/wp-json\/wp\/v2\/product"}],"about":[{"href":"https:\/\/www.instaclima.com\/nuevaweb\/wp-json\/wp\/v2\/types\/product"}],"replies":[{"embeddable":true,"href":"https:\/\/www.instaclima.com\/nuevaweb\/wp-json\/wp\/v2\/comments?post=1925"}],"version-history":[{"count":1,"href":"https:\/\/www.instaclima.com\/nuevaweb\/wp-json\/wp\/v2\/product\/1925\/revisions"}],"predecessor-version":[{"id":1965,"href":"https:\/\/www.instaclima.com\/nuevaweb\/wp-json\/wp\/v2\/product\/1925\/revisions\/1965"}],"wp:featuredmedia":[{"embeddable":true,"href":"https:\/\/www.instaclima.com\/nuevaweb\/wp-json\/wp\/v2\/media\/1964"}],"wp:attachment":[{"href":"https:\/\/www.instaclima.com\/nuevaweb\/wp-json\/wp\/v2\/media?parent=1925"}],"wp:term":[{"taxonomy":"brand","embeddable":true,"href":"https:\/\/www.instaclima.com\/nuevaweb\/wp-json\/wp\/v2\/etheme_brands?post=1925"},{"taxonomy":"product_brand","embeddable":true,"href":"https:\/\/www.instaclima.com\/nuevaweb\/wp-json\/wp\/v2\/product_brand?post=1925"},{"taxonomy":"product_cat","embeddable":true,"href":"https:\/\/www.instaclima.com\/nuevaweb\/wp-json\/wp\/v2\/product_cat?post=1925"},{"taxonomy":"product_tag","embeddable":true,"href":"https:\/\/www.instaclima.com\/nuevaweb\/wp-json\/wp\/v2\/product_tag?post=1925"}],"curies":[{"name":"wp","href":"https:\/\/api.w.org\/{rel}","templated":true}]}}