{"id":1926,"date":"2024-10-29T20:53:58","date_gmt":"2024-10-29T19:53:58","guid":{"rendered":"https:\/\/www.instaclima.com\/nuevaweb\/?post_type=product&#038;p=1926"},"modified":"2024-10-29T20:54:02","modified_gmt":"2024-10-29T19:54:02","slug":"caldera-vaillant-ecotec-pure-vmw-286-7-2","status":"publish","type":"product","link":"https:\/\/www.instaclima.com\/nuevaweb\/producto\/caldera-vaillant-ecotec-pure-vmw-286-7-2\/","title":{"rendered":"Caldera Vaillant EcoTEC Pure VMW 286\/7-2"},"content":{"rendered":"<h2><strong>Caldera De Gas Condensaci\u00f3n Vaillant EcoTEC Pure VMW 286\/7-2 Caracter\u00edsticas:<\/strong><\/h2>\n<ul>\n<li><strong>\u00a0<\/strong>La caldera incorpora\u00a0<strong>bomba de alta eficiencia<\/strong>\u00a0permitiendo ahorrar en el consumo el\u00e9ctrico, e\u00a0<strong>incluso en Stand-By<\/strong>\u00a0el ahorro energ\u00e9tico de la caldera es considerable ya que reduce el consumo a m\u00ednimos llegando a suponer una reducci\u00f3n con respecto a anteriores calderas de 4W al a\u00f1o. Aunque la caldera no est\u00e9 calentando (en Stand-By) se sigue consumiendo electricidad, por ello es importante conseguir mejoras en los consumos a todos los niveles.<\/li>\n<li>Siempre pensando en el ahorro tanto energ\u00e9tico como en el menor impacto ambiental Vaillant consigue que se\u00a0<strong>aproveche la alta combusti\u00f3n<\/strong>\u00a0de temperatura de los gases quemados\u00a0<strong>para precalentar el agua<\/strong>\u00a0en el quemador. Gracias a \u00e9ste precalentamiento la caldera ha de trabajar menos para conseguir la temperatura del agua con la consiguiente economizaci\u00f3n en gas.<\/li>\n<li>Las calderas Vaillant tienen la m\u00e1xima calidad garantizada, y \u00e9sta caldera no pod\u00eda ser distinta. Se ha construido en Alemania siguiendo las mismas pautas y pruebas de seguridad que el resto de gama de Vaillant.<\/li>\n<li>Se ha\u00a0<strong>renovado el dise\u00f1o,<\/strong>\u00a0pero se conserva la misma posicii\u00f3n entre conexiones(l<strong>as salidas de humos son las mismas que en los otros modelos<\/strong>), para facilitar su instalaci\u00f3n, a la hora de cambiar por una antigua. La<strong>\u00a0plantilla de instalaci\u00f3n es diferente<\/strong>\u00a0del resto de calderas ecoTEC pero la nueva posici\u00f3n de las tomas permite una r\u00e1pida y f\u00e1cil instalaci\u00f3n en casos de reposici\u00f3n. Llevan un nuevo\u00a0<strong>display central iluminado en azu<\/strong>l y con el panel de mandos de f\u00e1cil uso, para facilitar al propietario a la hora de enchufar la caldera.<\/li>\n<li>Vaillant se anticipa a las nuevas normativas y la caldera cuando entre en vigor la normativa en la que se indica que han de ser Clase NOx 6 ya estar\u00e1 adaptada a esta normativa. En qu\u00e9 nos repercute que sea clase NOx 6. Pues sencillamente que emitir\u00e1n menos NOx y contaminar\u00e1n menos.<\/li>\n<li>Las calderas Vaillant ecoTEC pure vienen de f\u00e1brica en gas natura pero est\u00e1n\u00a0<strong>homologadas para gas propano(G31<\/strong>). La transformaci\u00f3n ser\u00e1 v\u00e1lida siempre que la haga un servicio t\u00e9cnico oficial de la casa Vaillant.<\/li>\n<li><strong>El precio incluye<\/strong>\u00a0el Kit de evacuaci\u00f3n horizontal 60\/100 (tubo, codo de 87\u00ba, abrazaderas y embellecedores), con una longitud total de 1,8 m(incluyendo el codo) y la plantilla de instalaci\u00f3n (llaves de corte de calefacci\u00f3n con puntos de vaciado, llave entrada agua fr\u00eda, conexi\u00f3n agua caliente y racores de cobre para soldar).<\/li>\n<\/ul>\n<h3><strong>Entre sus elementos lleva:<\/strong><\/h3>\n<ul>\n<li>Vaso de expansi\u00f3n de 8 litros.<\/li>\n<li>Llave de llenado de calefacci\u00f3n con antirretorno.<\/li>\n<li>Sistema antical.<\/li>\n<li>Sistema de precalentamiento de agua<\/li>\n<li>Conexiones verticales DIN.<\/li>\n<li>Intercambiador de calor primario de\u00a0<strong>acero inoxidable.<\/strong><\/li>\n<li>Un nuevo bloque hidr\u00e1ulico.<\/li>\n<li>Bomba de alta eficiencia.<\/li>\n<li>Nuevo sif\u00f3n de recogida de condensados.<\/li>\n<\/ul>\n<p>&nbsp;<\/p>\n<h3><strong>Garant\u00eda:<\/strong><\/h3>\n<p>2 a\u00f1os de garant\u00eda del fabricante Vaillant.<\/p>\n","protected":false},"excerpt":{"rendered":"<p>Oferta en caldera condensaci\u00f3n Vaillant ecoTEC pure VMW 286\/7-2 es mixta con una potencia de 24 Kw. en calefacci\u00f3n y 28 Kw. en agua caliente sanitaria. Sistema de precalentamiento de agua. Caudal 16,2 li\/min. Incluye kit de evacuaci\u00f3n de humos.<\/p>\n<p>&nbsp;<\/p>\n<blockquote>\n<h4><span style=\"color: #ff0000;\">NOTA INFORMATIVA: Todas las calderas una vez instaladas deben de realizar la puesta en marcha por el servicio t\u00e9cnico oficial para que selle su garant\u00eda ofrecida por el fabricante.<\/span><\/h4>\n<\/blockquote>\n<div class=\"wp-menu-arrow\">\n<h3><\/h3>\n<\/div>\n","protected":false},"featured_media":1968,"comment_status":"closed","ping_status":"closed","template":"","meta":[],"etheme_brands":[],"product_brand":[],"product_cat":[59],"product_tag":[62],"class_list":{"0":"post-1926","1":"product","2":"type-product","3":"status-publish","4":"has-post-thumbnail","6":"product_cat-calderas","7":"product_tag-vaillant","9":"first","10":"instock","11":"taxable","12":"shipping-taxable","13":"purchasable","14":"product-type-simple"},"_links":{"self":[{"href":"https:\/\/www.instaclima.com\/nuevaweb\/wp-json\/wp\/v2\/product\/1926","targetHints":{"allow":["GET"]}}],"collection":[{"href":"https:\/\/www.instaclima.com\/nuevaweb\/wp-json\/wp\/v2\/product"}],"about":[{"href":"https:\/\/www.instaclima.com\/nuevaweb\/wp-json\/wp\/v2\/types\/product"}],"replies":[{"embeddable":true,"href":"https:\/\/www.instaclima.com\/nuevaweb\/wp-json\/wp\/v2\/comments?post=1926"}],"version-history":[{"count":1,"href":"https:\/\/www.instaclima.com\/nuevaweb\/wp-json\/wp\/v2\/product\/1926\/revisions"}],"predecessor-version":[{"id":1969,"href":"https:\/\/www.instaclima.com\/nuevaweb\/wp-json\/wp\/v2\/product\/1926\/revisions\/1969"}],"wp:featuredmedia":[{"embeddable":true,"href":"https:\/\/www.instaclima.com\/nuevaweb\/wp-json\/wp\/v2\/media\/1968"}],"wp:attachment":[{"href":"https:\/\/www.instaclima.com\/nuevaweb\/wp-json\/wp\/v2\/media?parent=1926"}],"wp:term":[{"taxonomy":"brand","embeddable":true,"href":"https:\/\/www.instaclima.com\/nuevaweb\/wp-json\/wp\/v2\/etheme_brands?post=1926"},{"taxonomy":"product_brand","embeddable":true,"href":"https:\/\/www.instaclima.com\/nuevaweb\/wp-json\/wp\/v2\/product_brand?post=1926"},{"taxonomy":"product_cat","embeddable":true,"href":"https:\/\/www.instaclima.com\/nuevaweb\/wp-json\/wp\/v2\/product_cat?post=1926"},{"taxonomy":"product_tag","embeddable":true,"href":"https:\/\/www.instaclima.com\/nuevaweb\/wp-json\/wp\/v2\/product_tag?post=1926"}],"curies":[{"name":"wp","href":"https:\/\/api.w.org\/{rel}","templated":true}]}}