{"id":1928,"date":"2024-10-29T20:53:58","date_gmt":"2024-10-29T19:53:58","guid":{"rendered":"https:\/\/www.instaclima.com\/nuevaweb\/?post_type=product&#038;p=1928"},"modified":"2024-10-29T20:54:02","modified_gmt":"2024-10-29T19:54:02","slug":"caldera-vaillant-ecotec-plus-vmw-es-236-5-5","status":"publish","type":"product","link":"https:\/\/www.instaclima.com\/nuevaweb\/producto\/caldera-vaillant-ecotec-plus-vmw-es-236-5-5\/","title":{"rendered":"Caldera Vaillant Ecotec Plus VMW ES 236\/5-5"},"content":{"rendered":"<h2><strong><u>Caldera De Gas Vaillant Ecotec Plus VMW ES 236\/5-5 Caracter\u00edsticas:<\/u><\/strong><\/h2>\n<ul>\n<li>Confort de ACS seg\u00fan prEN 13203<\/li>\n<li>Diferente potencia para calefacci\u00f3n y ACS<\/li>\n<li>Bomba 2 velocidades autom\u00e1tica<\/li>\n<li><strong>Caldera Vaillant ecoTEC plus VMW 236\/5-5 F A con\u00a0<\/strong>Microacumulaci\u00f3n inteligente<\/li>\n<li>Sistema aquaPLUS<\/li>\n<li>Homologaci\u00f3n de propano (G31). V\u00e1lida siempre que la transformaci\u00f3n la realice el SAT oficial de Vaillant.<\/li>\n<li>Sistema de diagn\u00f3stico con display grande e intuitivo retroiluminado.<\/li>\n<li>Vaso de expansi\u00f3n de 10 litros.<\/li>\n<li>Sistema antical<\/li>\n<li><strong>Caldera Vaillant ecoTEC plus VMW 236\/5-5 F A<\/strong>esta preparada para funcionar como apoyo directo de instalaci\u00f3n solar.<\/li>\n<li>Llave de llenado de calefacci\u00f3n con antirretorno<\/li>\n<li>Clase 5 NOx.<\/li>\n<\/ul>\n<h3>Garant\u00eda:<\/h3>\n<p>2 a\u00f1os<\/p>\n","protected":false},"excerpt":{"rendered":"<p>Caldera mixta de gas de condensaci\u00f3n con potencia en calefacci\u00f3n de 19 kw y en agua caliente 23 kw gracias a su sitema Dual-Power. Bomba de alta eficiencia. Bajo nivel sonoro y bajo consumo y emisiones contaminantes. Combustible Gas Natural (tambi\u00e9n versi\u00f3n en propano con ref. 2518492).<\/p>\n<h3><\/h3>\n<blockquote>\n<h4><span style=\"color: #ff0000;\">NOTA INFORMATIVA: Todas las calderas una vez instaladas deben de realizar la puesta en marcha por el servicio t\u00e9cnico oficial para que selle su garant\u00eda ofrecida por el fabricante.<\/span><\/h4>\n<\/blockquote>\n<div class=\"wp-menu-arrow\">\n<h3><\/h3>\n<\/div>\n<p>&nbsp;<\/p>\n","protected":false},"featured_media":1972,"comment_status":"closed","ping_status":"closed","template":"","meta":[],"etheme_brands":[],"product_brand":[],"product_cat":[59],"product_tag":[62],"class_list":{"0":"post-1928","1":"product","2":"type-product","3":"status-publish","4":"has-post-thumbnail","6":"product_cat-calderas","7":"product_tag-vaillant","9":"first","10":"instock","11":"taxable","12":"shipping-taxable","13":"purchasable","14":"product-type-simple"},"_links":{"self":[{"href":"https:\/\/www.instaclima.com\/nuevaweb\/wp-json\/wp\/v2\/product\/1928","targetHints":{"allow":["GET"]}}],"collection":[{"href":"https:\/\/www.instaclima.com\/nuevaweb\/wp-json\/wp\/v2\/product"}],"about":[{"href":"https:\/\/www.instaclima.com\/nuevaweb\/wp-json\/wp\/v2\/types\/product"}],"replies":[{"embeddable":true,"href":"https:\/\/www.instaclima.com\/nuevaweb\/wp-json\/wp\/v2\/comments?post=1928"}],"version-history":[{"count":1,"href":"https:\/\/www.instaclima.com\/nuevaweb\/wp-json\/wp\/v2\/product\/1928\/revisions"}],"predecessor-version":[{"id":1973,"href":"https:\/\/www.instaclima.com\/nuevaweb\/wp-json\/wp\/v2\/product\/1928\/revisions\/1973"}],"wp:featuredmedia":[{"embeddable":true,"href":"https:\/\/www.instaclima.com\/nuevaweb\/wp-json\/wp\/v2\/media\/1972"}],"wp:attachment":[{"href":"https:\/\/www.instaclima.com\/nuevaweb\/wp-json\/wp\/v2\/media?parent=1928"}],"wp:term":[{"taxonomy":"brand","embeddable":true,"href":"https:\/\/www.instaclima.com\/nuevaweb\/wp-json\/wp\/v2\/etheme_brands?post=1928"},{"taxonomy":"product_brand","embeddable":true,"href":"https:\/\/www.instaclima.com\/nuevaweb\/wp-json\/wp\/v2\/product_brand?post=1928"},{"taxonomy":"product_cat","embeddable":true,"href":"https:\/\/www.instaclima.com\/nuevaweb\/wp-json\/wp\/v2\/product_cat?post=1928"},{"taxonomy":"product_tag","embeddable":true,"href":"https:\/\/www.instaclima.com\/nuevaweb\/wp-json\/wp\/v2\/product_tag?post=1928"}],"curies":[{"name":"wp","href":"https:\/\/api.w.org\/{rel}","templated":true}]}}