{"id":2012,"date":"2024-10-29T20:54:08","date_gmt":"2024-10-29T19:54:08","guid":{"rendered":"https:\/\/www.instaclima.com\/nuevaweb\/?post_type=product&#038;p=2012"},"modified":"2024-10-29T20:54:10","modified_gmt":"2024-10-29T19:54:10","slug":"caldera-gasoil-condensacion-ferroli-silent-d-condens-30-unit","status":"publish","type":"product","link":"https:\/\/www.instaclima.com\/nuevaweb\/producto\/caldera-gasoil-condensacion-ferroli-silent-d-condens-30-unit\/","title":{"rendered":"Caldera Gasoil Condensaci\u00f3n Ferroli Silent D Condens 30 Unit"},"content":{"rendered":"<p>Nueva Caldera Gasoil Condensaci\u00f3n Ferroli Silent D Condens 30 Unit. Posee una potencia en calefacci\u00f3n de 30 kW; y una potencia en ACS de 25,8 kW. Tiene un caudal de agua de 17,2 L. Su eficiencia energ\u00e9tica es A\/XL y su contenido de agua para calefacci\u00f3n es de 18 L aproximadamente.<\/p>\n<p>Con la compra de este equipo, podr\u00e1s tener dos a\u00f1os de garant\u00eda total p0r parte de su fabricante. Pero solo el mejor precio lo encontraras en Instaclima.<\/p>\n<h2><strong>Caracter\u00edsticas de la Caldera\u00a0<\/strong><\/h2>\n<p><iframe loading=\"lazy\" src=\"https:\/\/www.youtube.com\/embed\/RTSWzxHLxvY\" width=\"560\" height=\"315\" frameborder=\"0\" allowfullscreen=\"allowfullscreen\"><\/iframe><\/p>\n<ul>\n<li>La nueva caldera de gasoil de condensaci\u00f3n de Ferroli se ha adaptado a la nueva normativa de\u00a0<strong>bajas emisiones NOx<\/strong>, y es la que suple a la antigua Silent D Condens 30 SI UNIT.<\/li>\n<li>Con una\u00a0<strong>potencia nominal \u00fatil\u00a0 (50-30\u00baC) de 30 kW<\/strong>\u00a0nos da 25.800 kcal\/h.<\/li>\n<li>Su calificaci\u00f3n energ\u00e9tica es\u00a0<strong>A<\/strong>\u00a0en calefacci\u00f3n y agua caliente sanitaria y su perfil de consumo<strong>\u00a0XL<\/strong>.<\/li>\n<li>Da un caudal de\u00a0<strong>17,2 l\/min<\/strong>\u00a0a un salto t\u00e9rmico de 25\u00baC.<\/li>\n<li>Incorpora con la caldera vaso de expansi\u00f3n y bomba de circulaci\u00f3n.<\/li>\n<li>Su panel de mandos lleva un display digital con amplia informaci\u00f3n del estado de la caldera, como presi\u00f3n del circuito, temperatura de calefacci\u00f3n y de agua sanitaria, indicaci\u00f3n de posibles bloqueos.<\/li>\n<li>El grupo t\u00e9rmico Silent est\u00e1 fabricado en chapa de acero.<\/li>\n<li>Como es una gama digital se obtendr\u00e1 mayor precisi\u00f3n y control.<\/li>\n<li>La producci\u00f3n de ACS es mediante serpentin interior en acero inoxidable.<\/li>\n<li>Se pueden\u00a0 incorporar elementos de regulaci\u00f3n como un cronocomando\u00a0 y sonda exterior Ferroli.<\/li>\n<li>Garant\u00eda total de dos a\u00f1os por parte de su fabricante.<\/li>\n<\/ul>\n<h3>Ficha T\u00e9cnica de la Caldera Gasoil Condensaci\u00f3n Ferroli Silent D Condens 30 Unit<\/h3>\n<table>\n<tbody>\n<tr>\n<td width=\"283\"><strong>Potencia en Calefacci\u00f3n<\/strong><\/td>\n<td width=\"283\">30 kW.<\/td>\n<\/tr>\n<tr>\n<td width=\"283\"><strong>Potencia en ACS<\/strong><\/td>\n<td width=\"283\">25,8 kW.<\/td>\n<\/tr>\n<tr>\n<td width=\"283\"><strong>Clase energ\u00e9tica<\/strong><\/td>\n<td width=\"283\">A\/XL.<\/td>\n<\/tr>\n<tr>\n<td width=\"283\"><strong>Caudal de agua<\/strong><\/td>\n<td width=\"283\">17,2 L.<\/td>\n<\/tr>\n<tr>\n<td width=\"283\"><strong>Contenido agua caldera <\/strong><\/td>\n<td width=\"283\">18 L.<\/td>\n<\/tr>\n<tr>\n<td width=\"283\"><strong>Superficie a calefactar<\/strong><\/td>\n<td width=\"283\">S\u00ed.<\/td>\n<\/tr>\n<\/tbody>\n<\/table>\n<h3>\u00bfPor qu\u00e9 comprar la Ferroli Silent D Condens 30 Unit?<\/h3>\n<p>Esta caldera est\u00e1 elaborada con materiales resistentes a factores externos que provocan la corrosi\u00f3n y el deterioro del equipo. Su eficiencia energ\u00e9tica te brindar\u00e1 un ahorro energ\u00e9tico de calidad, sin afectar ninguna de sus funciones principales. Adem\u00e1s, es considerada una de las calderas mas ecol\u00f3gicas de su gama.<\/p>\n<p>Por otro lado, podr\u00e1s comprar este modelo a un precio totalmente accesible en nuestra tienda. trabajamos en horarios de oficina y atendemos a domicilio en toda Espa\u00f1a.<\/p>\n","protected":false},"excerpt":{"rendered":"<p>OFERTA<strong> Caldera Gasoil Condensaci\u00f3n Ferroli Silent D Condens 30 Unit<\/strong>. Potencia en Calefacci\u00f3n 30 kW. Potencia en ACS 25,8 kW. Clase energ\u00e9tica A\/XL. Caudal de agua 17,2 L. Contenido agua caldera\u00a0 18 L. Compra al mejor precio el Ferroli a gasoil.<\/p>\n","protected":false},"featured_media":2050,"comment_status":"closed","ping_status":"closed","template":"","meta":[],"etheme_brands":[],"product_brand":[],"product_cat":[67],"product_tag":[60],"class_list":{"0":"post-2012","1":"product","2":"type-product","3":"status-publish","4":"has-post-thumbnail","6":"product_cat-calderas-de-gasoil","7":"product_tag-ferroli","9":"first","10":"instock","11":"sale","12":"taxable","13":"shipping-taxable","14":"purchasable","15":"product-type-simple"},"_links":{"self":[{"href":"https:\/\/www.instaclima.com\/nuevaweb\/wp-json\/wp\/v2\/product\/2012","targetHints":{"allow":["GET"]}}],"collection":[{"href":"https:\/\/www.instaclima.com\/nuevaweb\/wp-json\/wp\/v2\/product"}],"about":[{"href":"https:\/\/www.instaclima.com\/nuevaweb\/wp-json\/wp\/v2\/types\/product"}],"replies":[{"embeddable":true,"href":"https:\/\/www.instaclima.com\/nuevaweb\/wp-json\/wp\/v2\/comments?post=2012"}],"version-history":[{"count":1,"href":"https:\/\/www.instaclima.com\/nuevaweb\/wp-json\/wp\/v2\/product\/2012\/revisions"}],"predecessor-version":[{"id":2051,"href":"https:\/\/www.instaclima.com\/nuevaweb\/wp-json\/wp\/v2\/product\/2012\/revisions\/2051"}],"wp:featuredmedia":[{"embeddable":true,"href":"https:\/\/www.instaclima.com\/nuevaweb\/wp-json\/wp\/v2\/media\/2050"}],"wp:attachment":[{"href":"https:\/\/www.instaclima.com\/nuevaweb\/wp-json\/wp\/v2\/media?parent=2012"}],"wp:term":[{"taxonomy":"brand","embeddable":true,"href":"https:\/\/www.instaclima.com\/nuevaweb\/wp-json\/wp\/v2\/etheme_brands?post=2012"},{"taxonomy":"product_brand","embeddable":true,"href":"https:\/\/www.instaclima.com\/nuevaweb\/wp-json\/wp\/v2\/product_brand?post=2012"},{"taxonomy":"product_cat","embeddable":true,"href":"https:\/\/www.instaclima.com\/nuevaweb\/wp-json\/wp\/v2\/product_cat?post=2012"},{"taxonomy":"product_tag","embeddable":true,"href":"https:\/\/www.instaclima.com\/nuevaweb\/wp-json\/wp\/v2\/product_tag?post=2012"}],"curies":[{"name":"wp","href":"https:\/\/api.w.org\/{rel}","templated":true}]}}