{"id":2014,"date":"2024-10-29T20:54:08","date_gmt":"2024-10-29T19:54:08","guid":{"rendered":"https:\/\/www.instaclima.com\/nuevaweb\/?post_type=product&#038;p=2014"},"modified":"2024-10-29T20:54:11","modified_gmt":"2024-10-29T19:54:11","slug":"caldera-de-gasoil-ferroli-atlas-d-25-k-100-unit","status":"publish","type":"product","link":"https:\/\/www.instaclima.com\/nuevaweb\/producto\/caldera-de-gasoil-ferroli-atlas-d-25-k-100-unit\/","title":{"rendered":"Caldera De Gasoil Ferroli ATLAS D 25 K 100 UNIT"},"content":{"rendered":"<h2>\u00a0Caldera De Gasoil Ferroli ATLAS D 25 K 100 UNIT\u00a0Caracter\u00edsticas<\/h2>\n<ul>\n<li>Caldera de gasoil digital Ferroli Atlas D25 K 100 UNIT mixta con cuerpo en hierro fundido. Acumulador de 100 litros vitrificado. Potencia de 25 kW. Calificaci\u00f3n energ\u00e9tica B en calefacci\u00f3n y B\/XL en agua caliente sanitaria.<\/li>\n<li>Tiene dos circuladores, uno para calefacci\u00f3n y otro para A.C.S. Vaso de expanxi\u00f3n y v\u00e1lvula de seguridad para calefacci\u00f3n. Gama sin vaso de expansi\u00f3n en ACS ni llave de llenado.<\/li>\n<li>Panel de mandos con display digital con informaci\u00f3n sobre presi\u00f3n del circuito, temperatura de calefacci\u00f3n y ACS, indicaci\u00f3n de posibles bloqueos etc\u2026<\/li>\n<\/ul>\n<h3>Entre sus opciones tiene:<\/h3>\n<ul>\n<li>La posibilidad de convertir en modo c\u00e1mara estanca mediante el Kit c\u00e1mara estanca ATLAS D Unit:\u00a0<strong>c\u00f3digo kit C50016770.<\/strong><\/li>\n<li>Kit vaso de expansi\u00f3n A.C.S. llave de llenado:\u00a0<strong>C\u00f3digo C50016760.<\/strong><\/li>\n<\/ul>\n<h3>Garant\u00eda:<\/h3>\n<p>2 a\u00f1os de garant\u00eda del fabricante Ferroli.<\/p>\n","protected":false},"excerpt":{"rendered":"<p>Caldera de gas\u00f3leo de hierro fundido\u00a0mixta con acumulador de 100 litros\u00a0 ATLAS D 25 K\u00a0UNIT\u00a0 con potencia de 25\u00a0kW. Calificaci\u00f3n energ\u00e9tica en calefacci\u00f3n B y en agua caliente sanitaria B\/XL<\/p>\n","protected":false},"featured_media":2054,"comment_status":"closed","ping_status":"closed","template":"","meta":[],"etheme_brands":[],"product_brand":[],"product_cat":[67],"product_tag":[60],"class_list":{"0":"post-2014","1":"product","2":"type-product","3":"status-publish","4":"has-post-thumbnail","6":"product_cat-calderas-de-gasoil","7":"product_tag-ferroli","9":"first","10":"instock","11":"taxable","12":"shipping-taxable","13":"purchasable","14":"product-type-simple"},"_links":{"self":[{"href":"https:\/\/www.instaclima.com\/nuevaweb\/wp-json\/wp\/v2\/product\/2014","targetHints":{"allow":["GET"]}}],"collection":[{"href":"https:\/\/www.instaclima.com\/nuevaweb\/wp-json\/wp\/v2\/product"}],"about":[{"href":"https:\/\/www.instaclima.com\/nuevaweb\/wp-json\/wp\/v2\/types\/product"}],"replies":[{"embeddable":true,"href":"https:\/\/www.instaclima.com\/nuevaweb\/wp-json\/wp\/v2\/comments?post=2014"}],"version-history":[{"count":1,"href":"https:\/\/www.instaclima.com\/nuevaweb\/wp-json\/wp\/v2\/product\/2014\/revisions"}],"predecessor-version":[{"id":2055,"href":"https:\/\/www.instaclima.com\/nuevaweb\/wp-json\/wp\/v2\/product\/2014\/revisions\/2055"}],"wp:featuredmedia":[{"embeddable":true,"href":"https:\/\/www.instaclima.com\/nuevaweb\/wp-json\/wp\/v2\/media\/2054"}],"wp:attachment":[{"href":"https:\/\/www.instaclima.com\/nuevaweb\/wp-json\/wp\/v2\/media?parent=2014"}],"wp:term":[{"taxonomy":"brand","embeddable":true,"href":"https:\/\/www.instaclima.com\/nuevaweb\/wp-json\/wp\/v2\/etheme_brands?post=2014"},{"taxonomy":"product_brand","embeddable":true,"href":"https:\/\/www.instaclima.com\/nuevaweb\/wp-json\/wp\/v2\/product_brand?post=2014"},{"taxonomy":"product_cat","embeddable":true,"href":"https:\/\/www.instaclima.com\/nuevaweb\/wp-json\/wp\/v2\/product_cat?post=2014"},{"taxonomy":"product_tag","embeddable":true,"href":"https:\/\/www.instaclima.com\/nuevaweb\/wp-json\/wp\/v2\/product_tag?post=2014"}],"curies":[{"name":"wp","href":"https:\/\/api.w.org\/{rel}","templated":true}]}}