{"id":2015,"date":"2024-10-29T20:54:08","date_gmt":"2024-10-29T19:54:08","guid":{"rendered":"https:\/\/www.instaclima.com\/nuevaweb\/?post_type=product&#038;p=2015"},"modified":"2024-10-29T20:54:11","modified_gmt":"2024-10-29T19:54:11","slug":"caldera-de-gasoil-ferroli-silent-d-condens-30-k-100-unit","status":"publish","type":"product","link":"https:\/\/www.instaclima.com\/nuevaweb\/producto\/caldera-de-gasoil-ferroli-silent-d-condens-30-k-100-unit\/","title":{"rendered":"Caldera De Gasoil Ferroli SILENT D CONDENS 30 K 100 UNIT"},"content":{"rendered":"<p>Nueva Caldera De Gasoil Ferroli SILENT D CONDENS 30 K 100 UNIT. Posee una potencia en calefacci\u00f3n de 30 kW; y una potencia de ACS de 28,5 kW. Tiene una eficiencia energ\u00e9tica A\/XL. Su caudal de agua es de 16 L aproximadamente. Dispone de una salida de humos de 100 mm. Adem\u00e1s de unas dimensiones que se adaptan a cualquier espacio.<\/p>\n<p>Con la compra de este ejemplar, podr\u00e1s tener dos a\u00f1os de garant\u00eda por parte de su fabricante. solo podr\u00e1s encontrar este equipo al mejor precio en tu tienda Instaclima.<\/p>\n<h2>Caracter\u00edsticas de la Caldera<\/h2>\n<p><iframe loading=\"lazy\" src=\"https:\/\/www.youtube.com\/embed\/RTSWzxHLxvY\" width=\"560\" height=\"315\" frameborder=\"0\" allowfullscreen=\"allowfullscreen\"><\/iframe><\/p>\n<ul>\n<li>Caldera a gas\u00f3leo mixta de condensaci\u00f3n. Control digital con amplia informaci\u00f3n, como indicaci\u00f3n de posibles bloqueos,presi\u00f3n del circuito etc. Cuerpo de caldera de\u00a0 chapa acero. Bajo nivel sonoro gracias a su aislamiento. Eficiencia energ\u00e9tica para calefacci\u00f3n\u00a0<strong>A<\/strong>\u00a0y para ACS\u00a0<strong>A\/XXL<\/strong>. Potencia t\u00e9rmica \u00fatil 30 kw.<\/li>\n<li>Funci\u00f3n confort, altas prestaciones en ACS.<\/li>\n<li>Condensaci\u00f3n real, sin recuperador de calor. Bomba de alta eficiencia energ\u00e9tica.<\/li>\n<li>2 a\u00f1os de garant\u00eda.<\/li>\n<\/ul>\n<h3>Ficha T\u00e9cnica de la Caldera De Gasoil Ferroli SILENT D CONDENS 30 K 100 UNIT<\/h3>\n<table>\n<tbody>\n<tr>\n<td width=\"283\"><strong>Potencia en Calefacci\u00f3n<\/strong><\/td>\n<td width=\"283\">30 kW.<\/td>\n<\/tr>\n<tr>\n<td width=\"283\"><strong>Potencia en ACS<\/strong><\/td>\n<td width=\"283\">28,5 kW.<\/td>\n<\/tr>\n<tr>\n<td width=\"283\"><strong>Clase energ\u00e9tica<\/strong><\/td>\n<td width=\"283\">A\/XL.<\/td>\n<\/tr>\n<tr>\n<td width=\"283\"><strong>Caudal de agua<\/strong><\/td>\n<td width=\"283\">16 L.<\/td>\n<\/tr>\n<tr>\n<td width=\"283\"><strong>Salida de humos<\/strong><\/td>\n<td width=\"283\">100 mm.<\/td>\n<\/tr>\n<tr>\n<td width=\"283\"><strong>Superficie a calefactar<\/strong><\/td>\n<td width=\"283\">S\u00ed.<\/td>\n<\/tr>\n<\/tbody>\n<\/table>\n<h3>\u00bfPor qu\u00e9 comprar la Ferroli SILENT D CONDENS 30 K 100 UNIT?<\/h3>\n<p>La Caldera De Gasoil Ferroli, tiene la capacidad de adaptarse a cualquier superficie del hogar. Por lo que realizar un mantenimiento de limpieza e instalaci\u00f3n es mas r\u00e1pido y sencillo. Incluye tambi\u00e9n una bomba de alta eficiencia para mejorar sus funciones y brindar una mayor comodidad.<\/p>\n<p>Podr\u00e1s encontrar este modelo a un precio \u00fanico solo en Instaclima. Somos profesionales en materia de climatizaci\u00f3n para el hogar. adapata tu hogar para que puedas disponer de todas las comodidades posibles y vivir buenos momentos al lado de tu familia y amigos m\u00e1s cercanos.<\/p>\n","protected":false},"excerpt":{"rendered":"<p>OFERTA <strong>Caldera De Gasoil Ferroli SILENT D CONDENS 30 K 100 UNIT<\/strong>. Potencia en Calefacci\u00f3n 30 kW. Potencia en ACS 28,5 kW. Clase energ\u00e9tica A\/XL. Caudal de agua 16 L. Salida de humos 100 mm. Compra al mejor precio el Ferroli a gasoil.<\/p>\n","protected":false},"featured_media":2056,"comment_status":"closed","ping_status":"closed","template":"","meta":[],"etheme_brands":[],"product_brand":[],"product_cat":[67],"product_tag":[60],"class_list":{"0":"post-2015","1":"product","2":"type-product","3":"status-publish","4":"has-post-thumbnail","6":"product_cat-calderas-de-gasoil","7":"product_tag-ferroli","9":"first","10":"instock","11":"sale","12":"taxable","13":"shipping-taxable","14":"purchasable","15":"product-type-simple"},"_links":{"self":[{"href":"https:\/\/www.instaclima.com\/nuevaweb\/wp-json\/wp\/v2\/product\/2015","targetHints":{"allow":["GET"]}}],"collection":[{"href":"https:\/\/www.instaclima.com\/nuevaweb\/wp-json\/wp\/v2\/product"}],"about":[{"href":"https:\/\/www.instaclima.com\/nuevaweb\/wp-json\/wp\/v2\/types\/product"}],"replies":[{"embeddable":true,"href":"https:\/\/www.instaclima.com\/nuevaweb\/wp-json\/wp\/v2\/comments?post=2015"}],"version-history":[{"count":1,"href":"https:\/\/www.instaclima.com\/nuevaweb\/wp-json\/wp\/v2\/product\/2015\/revisions"}],"predecessor-version":[{"id":2057,"href":"https:\/\/www.instaclima.com\/nuevaweb\/wp-json\/wp\/v2\/product\/2015\/revisions\/2057"}],"wp:featuredmedia":[{"embeddable":true,"href":"https:\/\/www.instaclima.com\/nuevaweb\/wp-json\/wp\/v2\/media\/2056"}],"wp:attachment":[{"href":"https:\/\/www.instaclima.com\/nuevaweb\/wp-json\/wp\/v2\/media?parent=2015"}],"wp:term":[{"taxonomy":"brand","embeddable":true,"href":"https:\/\/www.instaclima.com\/nuevaweb\/wp-json\/wp\/v2\/etheme_brands?post=2015"},{"taxonomy":"product_brand","embeddable":true,"href":"https:\/\/www.instaclima.com\/nuevaweb\/wp-json\/wp\/v2\/product_brand?post=2015"},{"taxonomy":"product_cat","embeddable":true,"href":"https:\/\/www.instaclima.com\/nuevaweb\/wp-json\/wp\/v2\/product_cat?post=2015"},{"taxonomy":"product_tag","embeddable":true,"href":"https:\/\/www.instaclima.com\/nuevaweb\/wp-json\/wp\/v2\/product_tag?post=2015"}],"curies":[{"name":"wp","href":"https:\/\/api.w.org\/{rel}","templated":true}]}}