{"id":2016,"date":"2024-10-29T20:54:08","date_gmt":"2024-10-29T19:54:08","guid":{"rendered":"https:\/\/www.instaclima.com\/nuevaweb\/?post_type=product&#038;p=2016"},"modified":"2024-10-29T20:54:11","modified_gmt":"2024-10-29T19:54:11","slug":"caldera-de-gasoil-ferroli-atlas-25-k-100-unit","status":"publish","type":"product","link":"https:\/\/www.instaclima.com\/nuevaweb\/producto\/caldera-de-gasoil-ferroli-atlas-25-k-100-unit\/","title":{"rendered":"Caldera De Gasoil Ferroli ATLAS 25 K 100 UNIT"},"content":{"rendered":"<p><strong>\u00a0<\/strong>Nueva Caldera De Gasoil Ferroli ATLAS 25 K 100 UNIT. Posee una potencia en calefacci\u00f3n de 25 kW; y una potencia en ACS de 25 kW. Tiene una eficiencia energ\u00e9tica de B\/XL. Su caudal de agua es de 13 L. Cuenta con unas dimnensiones de 135x50x75x220. Incluye ademas un acumulador de 100 litros vitrificado.<\/p>\n<p>Con la compra de este equipo, podr\u00e1s tener dos a\u00f1os de garant\u00eda total por parte de su fabricante. Solo a un precio \u00fanico en tu tienda preferida Instaclima.<\/p>\n<h2><strong>Caracter\u00edsticas de la Caldera<\/strong><\/h2>\n<p><iframe loading=\"lazy\" src=\"https:\/\/www.youtube.com\/embed\/RTSWzxHLxvY\" width=\"560\" height=\"315\" frameborder=\"0\" allowfullscreen=\"allowfullscreen\"><\/iframe><\/p>\n<ul>\n<li>Caldera de gasoil\u00a0<strong>anal\u00f3gica<\/strong>\u00a0Ferroli Atlas 25 K 100 UNIT mixta con cuerpo en\u00a0<strong>hierro fundido<\/strong>.<\/li>\n<li>Acumulador de 100 litros vitrificado.<\/li>\n<li>Potencia de 25 kW.<\/li>\n<li>Calificaci\u00f3n energ\u00e9tica\u00a0<strong>B <\/strong>en calefacci\u00f3n y\u00a0<strong>B\/XL<\/strong>\u00a0en agua caliente sanitaria.<\/li>\n<li>Tiene dos circuladores, uno para calefacci\u00f3n y otro para A.C.S.<\/li>\n<li>Vaso de expanxi\u00f3n y v\u00e1lvula de seguridad para calefacci\u00f3n.<\/li>\n<li>Gama\u00a0<strong>sin\u00a0<\/strong>vaso de expansi\u00f3n en ACS ni llave de llenado.<\/li>\n<li>Panel de mandos con\u00a0<strong>display digital<\/strong> con informaci\u00f3n sobre presi\u00f3n del circuito, temperatura de calefacci\u00f3n y ACS, indicaci\u00f3n de posibles bloqueos, etc.<\/li>\n<li>La posibilidad de convertir en modo c\u00e1mara estanca mediante el Kit c\u00e1mara estanca ATLAS D Unit:\u00a0<strong>c\u00f3digo kit C50016770.<\/strong><\/li>\n<li>Kit vaso de expansi\u00f3n A.C.S. llave de llenado:\u00a0<strong>C\u00f3digo C50016760.<\/strong><\/li>\n<li>Garant\u00eda de dos a\u00f1os por parte de su fabricante.<\/li>\n<\/ul>\n<h3>Ficha T\u00e9cnica de la Caldera De Gasoil Ferroli ATLAS 25 K 100 UNIT<\/h3>\n<table>\n<tbody>\n<tr>\n<td width=\"283\"><strong>Potencia en Calefacci\u00f3n<\/strong><\/td>\n<td width=\"283\">25 kW.<\/td>\n<\/tr>\n<tr>\n<td width=\"283\"><strong>Potencia en ACS<\/strong><\/td>\n<td width=\"283\">25 kW.<\/td>\n<\/tr>\n<tr>\n<td width=\"283\"><strong>Clase energ\u00e9tica<\/strong><\/td>\n<td width=\"283\">B\/ XL.<\/td>\n<\/tr>\n<tr>\n<td width=\"283\"><strong>Caudal de agua<\/strong><\/td>\n<td width=\"283\">13 L.<\/td>\n<\/tr>\n<tr>\n<td width=\"283\"><strong>Dimensiones <\/strong><\/td>\n<td width=\"283\">135x50x75x220.<\/td>\n<\/tr>\n<tr>\n<td width=\"283\"><strong>Superficie a calefactar<\/strong><\/td>\n<td width=\"283\">S\u00ed.<\/td>\n<\/tr>\n<\/tbody>\n<\/table>\n<h3>\u00bfPor qu\u00e9 comprar la Ferroli ATLAS 25 K 100 UNIT?<\/h3>\n<p>A diferencia de otras calderas, este equipo cuenta con dimensiones que son capaces de adaptarse a superficies reducidas. Adem\u00e1s de brindarte la posibilidad de realizar un mantenimiento de limpieza e instalaci\u00f3n r\u00e1pido y sencillo. Es compatible con el medio ambiente, por lo que no derrocha grandes cantidades de recursos naturales o consumir mucha energ\u00eda el\u00e9ctrica.<\/p>\n<p>Compra este equipo en tu tienda de confianza Instaclima. Trabajamos en horarios de oficina y atendemos a domicilio bajo la mano de nuestros profesionales en climatizaci\u00f3n.<\/p>\n","protected":false},"excerpt":{"rendered":"<p>OFERTA<strong> Caldera De Gasoil Ferroli ATLAS 25 K 100 UNIT<\/strong>. Potencia en Calefacci\u00f3n 25 kW. Potencia en ACS 25 kW. Clase energ\u00e9tica B\/ XL. Caudal de agua 13 L. Dimensiones\u00a0 135x50x75x220. Compra al mejor precio el Ferroli a gasoil.<\/p>\n","protected":false},"featured_media":2058,"comment_status":"closed","ping_status":"closed","template":"","meta":[],"etheme_brands":[],"product_brand":[],"product_cat":[67],"product_tag":[60],"class_list":{"0":"post-2016","1":"product","2":"type-product","3":"status-publish","4":"has-post-thumbnail","6":"product_cat-calderas-de-gasoil","7":"product_tag-ferroli","9":"first","10":"instock","11":"taxable","12":"shipping-taxable","13":"purchasable","14":"product-type-simple"},"_links":{"self":[{"href":"https:\/\/www.instaclima.com\/nuevaweb\/wp-json\/wp\/v2\/product\/2016","targetHints":{"allow":["GET"]}}],"collection":[{"href":"https:\/\/www.instaclima.com\/nuevaweb\/wp-json\/wp\/v2\/product"}],"about":[{"href":"https:\/\/www.instaclima.com\/nuevaweb\/wp-json\/wp\/v2\/types\/product"}],"replies":[{"embeddable":true,"href":"https:\/\/www.instaclima.com\/nuevaweb\/wp-json\/wp\/v2\/comments?post=2016"}],"version-history":[{"count":1,"href":"https:\/\/www.instaclima.com\/nuevaweb\/wp-json\/wp\/v2\/product\/2016\/revisions"}],"predecessor-version":[{"id":2059,"href":"https:\/\/www.instaclima.com\/nuevaweb\/wp-json\/wp\/v2\/product\/2016\/revisions\/2059"}],"wp:featuredmedia":[{"embeddable":true,"href":"https:\/\/www.instaclima.com\/nuevaweb\/wp-json\/wp\/v2\/media\/2058"}],"wp:attachment":[{"href":"https:\/\/www.instaclima.com\/nuevaweb\/wp-json\/wp\/v2\/media?parent=2016"}],"wp:term":[{"taxonomy":"brand","embeddable":true,"href":"https:\/\/www.instaclima.com\/nuevaweb\/wp-json\/wp\/v2\/etheme_brands?post=2016"},{"taxonomy":"product_brand","embeddable":true,"href":"https:\/\/www.instaclima.com\/nuevaweb\/wp-json\/wp\/v2\/product_brand?post=2016"},{"taxonomy":"product_cat","embeddable":true,"href":"https:\/\/www.instaclima.com\/nuevaweb\/wp-json\/wp\/v2\/product_cat?post=2016"},{"taxonomy":"product_tag","embeddable":true,"href":"https:\/\/www.instaclima.com\/nuevaweb\/wp-json\/wp\/v2\/product_tag?post=2016"}],"curies":[{"name":"wp","href":"https:\/\/api.w.org\/{rel}","templated":true}]}}