{"id":2017,"date":"2024-10-29T20:54:08","date_gmt":"2024-10-29T19:54:08","guid":{"rendered":"https:\/\/www.instaclima.com\/nuevaweb\/?post_type=product&#038;p=2017"},"modified":"2024-10-29T20:54:12","modified_gmt":"2024-10-29T19:54:12","slug":"caldera-de-gasoil-ferroli-atlas-d-25-si-unit","status":"publish","type":"product","link":"https:\/\/www.instaclima.com\/nuevaweb\/producto\/caldera-de-gasoil-ferroli-atlas-d-25-si-unit\/","title":{"rendered":"Caldera De Gasoil Ferroli ATLAS D 25 SI UNIT"},"content":{"rendered":"<p>Disponible en Instaclima la Caldera De Gasoil Ferroli ATLAS D 25 SI UNIT. Posee una potencia en calefacci\u00f3n de 25kW; y una potencia en ACS de 25 kW. Tiene una eficiencia energ\u00e9tica de XL. Su caudal de agua es de 13 L. Y el contenido que posee esta caldera es de 18 litros aproximadamente.<\/p>\n<p>Puedes tener dos a\u00f1os de garant\u00eda total por parte de su fabricante. Solo a un precio de oferta en tu tienda favorita Instaclima.<\/p>\n<h2>Caracter\u00edsticas de la Caldera<\/h2>\n<p><iframe loading=\"lazy\" src=\"https:\/\/www.youtube.com\/embed\/RTSWzxHLxvY\" width=\"560\" height=\"315\" frameborder=\"0\" allowfullscreen=\"allowfullscreen\"><\/iframe><\/p>\n<ul>\n<li>Alta eficiencia energ\u00e9tica<\/li>\n<li>Funcionamiento silencioso<\/li>\n<li>Gran producci\u00f3n de A.C.S. (\u2206T 25\u00baC): 21,2 l\/min. (MODELO 37)<\/li>\n<li>Gama disponible en 25 y 37 kW.<\/li>\n<li>Con intercambiador de placas y v\u00e1lvula de 3 v\u00edas con prioridad en A.C.S.<\/li>\n<li>Incorpora quemador de gas\u00f3leo FERROLI SUN G.<\/li>\n<li><strong>Incorpora panel de mandos con display digital con informaci\u00f3n sobre:<\/strong><\/li>\n<li>Presi\u00f3n del circuito: T\u00aa de calefacci\u00f3n y A.C.S<\/li>\n<li>Garant\u00eda de dos a\u00f1os.<\/li>\n<li>Contenido de agua caldera es de 18 L aproximadamente.<\/li>\n<\/ul>\n<h3>Ficha T\u00e9cnica de la Caldera De Gasoil Ferroli ATLAS D 25 SI UNIT<\/h3>\n<table>\n<tbody>\n<tr>\n<td width=\"283\"><strong>Potencia en Calefacci\u00f3n<\/strong><\/td>\n<td width=\"283\">25 kW.<\/td>\n<\/tr>\n<tr>\n<td width=\"283\"><strong>Potencia en ACS<\/strong><\/td>\n<td width=\"283\">25 kW.<\/td>\n<\/tr>\n<tr>\n<td width=\"283\"><strong>Clase energ\u00e9tica<\/strong><\/td>\n<td width=\"283\">XL.<\/td>\n<\/tr>\n<tr>\n<td width=\"283\"><strong>Caudal de agua<\/strong><\/td>\n<td width=\"283\">13 L.<\/td>\n<\/tr>\n<tr>\n<td width=\"283\"><strong>Dimensiones <\/strong><\/td>\n<td width=\"283\">85x50x63,2&#215;160.<\/td>\n<\/tr>\n<tr>\n<td width=\"283\"><strong>Superficie a calefactar<\/strong><\/td>\n<td width=\"283\">S\u00ed.<\/td>\n<\/tr>\n<\/tbody>\n<\/table>\n<h3>\u00bfPor qu\u00e9 comprar la Caldera De Gasoil Ferroli ATLAS D 25 SI UNIT?<\/h3>\n<p>Esta es una de las pocas calderas que pertenece a la gama digital de \u00faltima generaci\u00f3n. Sus proporciones m\u00ednimas permiten una f\u00e1cil instalaci\u00f3n en espacios reducidos. Adem\u00e1s de tener m\u00e1s posibilidades de realizar un mantenimiento de limpieza en tiempo r\u00e9cord. Entre otras cosas, esta caldera tiene la capacidad de poseer una eficiencia energ\u00e9tica que pueda brindarte un servicio de primera.<\/p>\n<p>Todo sin tener que derrochar recursos naturales o gastar mucha energ\u00eda el\u00e9ctrica como las calderas comunes. Solo podr\u00e1s encontrar este ejemplar al mejor precio en nuestra tienda Instaclima. Trabajamos para que nuestros clientes puedan encontrar el bienestar que tanto necesitan.<\/p>\n","protected":false},"excerpt":{"rendered":"<p>OFERTA <strong>Caldera De Gasoil Ferroli ATLAS D 25 SI UNIT<\/strong>. Potencia en Calefacci\u00f3n 25 kW. Potencia en ACS 25 kW. Clase energ\u00e9tica XL. Caudal de agua 13 L. Dimensiones\u00a0 85x50x63,2&#215;160. Compra al mejor precio el Ferroli a gasoil.<\/p>\n","protected":false},"featured_media":2060,"comment_status":"closed","ping_status":"closed","template":"","meta":[],"etheme_brands":[],"product_brand":[],"product_cat":[67],"product_tag":[60],"class_list":{"0":"post-2017","1":"product","2":"type-product","3":"status-publish","4":"has-post-thumbnail","6":"product_cat-calderas-de-gasoil","7":"product_tag-ferroli","9":"first","10":"instock","11":"taxable","12":"shipping-taxable","13":"purchasable","14":"product-type-simple"},"_links":{"self":[{"href":"https:\/\/www.instaclima.com\/nuevaweb\/wp-json\/wp\/v2\/product\/2017","targetHints":{"allow":["GET"]}}],"collection":[{"href":"https:\/\/www.instaclima.com\/nuevaweb\/wp-json\/wp\/v2\/product"}],"about":[{"href":"https:\/\/www.instaclima.com\/nuevaweb\/wp-json\/wp\/v2\/types\/product"}],"replies":[{"embeddable":true,"href":"https:\/\/www.instaclima.com\/nuevaweb\/wp-json\/wp\/v2\/comments?post=2017"}],"version-history":[{"count":1,"href":"https:\/\/www.instaclima.com\/nuevaweb\/wp-json\/wp\/v2\/product\/2017\/revisions"}],"predecessor-version":[{"id":2061,"href":"https:\/\/www.instaclima.com\/nuevaweb\/wp-json\/wp\/v2\/product\/2017\/revisions\/2061"}],"wp:featuredmedia":[{"embeddable":true,"href":"https:\/\/www.instaclima.com\/nuevaweb\/wp-json\/wp\/v2\/media\/2060"}],"wp:attachment":[{"href":"https:\/\/www.instaclima.com\/nuevaweb\/wp-json\/wp\/v2\/media?parent=2017"}],"wp:term":[{"taxonomy":"brand","embeddable":true,"href":"https:\/\/www.instaclima.com\/nuevaweb\/wp-json\/wp\/v2\/etheme_brands?post=2017"},{"taxonomy":"product_brand","embeddable":true,"href":"https:\/\/www.instaclima.com\/nuevaweb\/wp-json\/wp\/v2\/product_brand?post=2017"},{"taxonomy":"product_cat","embeddable":true,"href":"https:\/\/www.instaclima.com\/nuevaweb\/wp-json\/wp\/v2\/product_cat?post=2017"},{"taxonomy":"product_tag","embeddable":true,"href":"https:\/\/www.instaclima.com\/nuevaweb\/wp-json\/wp\/v2\/product_tag?post=2017"}],"curies":[{"name":"wp","href":"https:\/\/api.w.org\/{rel}","templated":true}]}}