{"id":2018,"date":"2024-10-29T20:54:08","date_gmt":"2024-10-29T19:54:08","guid":{"rendered":"https:\/\/www.instaclima.com\/nuevaweb\/?post_type=product&#038;p=2018"},"modified":"2024-10-29T20:54:12","modified_gmt":"2024-10-29T19:54:12","slug":"caldera-de-gasoil-ferroli-atlas-d-37-si-unit","status":"publish","type":"product","link":"https:\/\/www.instaclima.com\/nuevaweb\/producto\/caldera-de-gasoil-ferroli-atlas-d-37-si-unit\/","title":{"rendered":"Caldera De Gasoil Ferroli ATLAS D 37 SI UNIT"},"content":{"rendered":"<p>Disponible la Caldera De Gasoil Ferroli ATLAS D 37 SI UNIT. Posee una potencia en calefacci\u00f3n de 37 kW; y una potencia en ACS de 37 kW. Su caudal de agua es de 17,6 L. Tiene una eficiencia energ\u00e9tica de B\/XL. Cuenta con unas dimensiones aproximadas de 85x50x68x200. Posee un acumulador de 100 litros vitrificados.<\/p>\n<p>Con la compra de este equipo, podr\u00e1s tener dos a\u00f1os de garant\u00eda por parte de su fabricante y un precio accesible solo en Instaclima.<\/p>\n<h2>\u00a0Caracter\u00edsticas de la Caldera<\/h2>\n<p><iframe loading=\"lazy\" src=\"https:\/\/www.youtube.com\/embed\/RTSWzxHLxvY\" width=\"560\" height=\"315\" frameborder=\"0\" allowfullscreen=\"allowfullscreen\"><\/iframe><\/p>\n<ul>\n<li>Caldera de gasoil digital Ferroli Atlas D37 K 130 UNIT mixta con cuerpo en hierro fundido.<\/li>\n<li>Acumulador de 100 litros vitrificado.<\/li>\n<li>Potencia de 37\u00a0kW. Calificaci\u00f3n energ\u00e9tica B en calefacci\u00f3n y B\/XXL en agua caliente sanitaria.<\/li>\n<li>Tiene dos circuladores, uno para calefacci\u00f3n y otro para A.C.S.<\/li>\n<li>Vaso de expansi\u00f3n y v\u00e1lvula de seguridad para calefacci\u00f3n.<\/li>\n<li>Gama sin vaso de expansi\u00f3n en ACS ni llave de llenado.<\/li>\n<li>Panel de mandos con display digital con informaci\u00f3n sobre presi\u00f3n del circuito, temperatura de calefacci\u00f3n y ACS, indicaci\u00f3n de posibles bloqueos.<\/li>\n<li>La posibilidad de convertir en modo c\u00e1mara estanca mediante el Kit c\u00e1mara estanca ATLAS D Unit:\u00a0<strong>c\u00f3digo kit C50016770.<\/strong><\/li>\n<li>Kit vaso de expansi\u00f3n A.C.S. llave de llenado:\u00a0<strong>C\u00f3digo C50016760.<\/strong><\/li>\n<li>Garant\u00eda de dos a\u00f1os.<\/li>\n<li>Grupo t\u00e9rmico de hierro fundido para calefacci\u00f3n y ACS instantanea.<\/li>\n<\/ul>\n<h3>Ficha T\u00e9cnica de la Caldera De Gasoil Ferroli ATLAS D 37 SI UNIT<\/h3>\n<table>\n<tbody>\n<tr>\n<td width=\"283\"><strong>Potencia en Calefacci\u00f3n<\/strong><\/td>\n<td width=\"283\">37 kW.<\/td>\n<\/tr>\n<tr>\n<td width=\"283\"><strong>Potencia en ACS<\/strong><\/td>\n<td width=\"283\">37 kW.<\/td>\n<\/tr>\n<tr>\n<td width=\"283\"><strong>Clase energ\u00e9tica<\/strong><\/td>\n<td width=\"283\">B\/XL.<\/td>\n<\/tr>\n<tr>\n<td width=\"283\"><strong>Caudal de agua<\/strong><\/td>\n<td width=\"283\">17,6 L.<\/td>\n<\/tr>\n<tr>\n<td width=\"283\"><strong>Dimensiones <\/strong><\/td>\n<td width=\"283\">85x50x68x200.<\/td>\n<\/tr>\n<tr>\n<td width=\"283\"><strong>Superficie a calefactar<\/strong><\/td>\n<td width=\"283\">S\u00ed.<\/td>\n<\/tr>\n<\/tbody>\n<\/table>\n<h3>\u00bfPor qu\u00e9 comprar la Caldera De Gasoil Ferroli ATLAS D 37 SI UNIT?<\/h3>\n<p>Esta caldera est\u00e1 elaborada con materiales s\u00faper resistentes que pueden soportar factores externos sin problemas. Ademas de poseer una eficiencia energ\u00e9tica que tiene la capacidad de proporcionarte mayor comodidad y excelentes resultados. No derrocha ni recursos naturales ni energ\u00eda el\u00e9ctrica.<\/p>\n<p>Es una de las pocas calderas que pertenece a la gama digital de \u00faltima generaci\u00f3n. Y solo a un precio de oferta la encontrar\u00e1s en tu tienda favorita Instaclima. D\u00e9janos a nosotros la tarea de brindarte comodidad y un buen servicio.<\/p>\n","protected":false},"excerpt":{"rendered":"<p>OFERTA<strong> Caldera De Gasoil Ferroli ATLAS D 37 SI UNIT<\/strong>. Potencia en Calefacci\u00f3n 37kW. Potencia en ACS 37kW. Clase energ\u00e9tica B\/XL. Caudal de agua 17,6 L. Dimensiones 85x50x68x200. Compra al mejor precio el Ferroli a gasoil.<\/p>\n","protected":false},"featured_media":2062,"comment_status":"closed","ping_status":"closed","template":"","meta":[],"etheme_brands":[],"product_brand":[],"product_cat":[67],"product_tag":[60],"class_list":{"0":"post-2018","1":"product","2":"type-product","3":"status-publish","4":"has-post-thumbnail","6":"product_cat-calderas-de-gasoil","7":"product_tag-ferroli","9":"first","10":"instock","11":"taxable","12":"shipping-taxable","13":"purchasable","14":"product-type-simple"},"_links":{"self":[{"href":"https:\/\/www.instaclima.com\/nuevaweb\/wp-json\/wp\/v2\/product\/2018","targetHints":{"allow":["GET"]}}],"collection":[{"href":"https:\/\/www.instaclima.com\/nuevaweb\/wp-json\/wp\/v2\/product"}],"about":[{"href":"https:\/\/www.instaclima.com\/nuevaweb\/wp-json\/wp\/v2\/types\/product"}],"replies":[{"embeddable":true,"href":"https:\/\/www.instaclima.com\/nuevaweb\/wp-json\/wp\/v2\/comments?post=2018"}],"version-history":[{"count":1,"href":"https:\/\/www.instaclima.com\/nuevaweb\/wp-json\/wp\/v2\/product\/2018\/revisions"}],"predecessor-version":[{"id":2063,"href":"https:\/\/www.instaclima.com\/nuevaweb\/wp-json\/wp\/v2\/product\/2018\/revisions\/2063"}],"wp:featuredmedia":[{"embeddable":true,"href":"https:\/\/www.instaclima.com\/nuevaweb\/wp-json\/wp\/v2\/media\/2062"}],"wp:attachment":[{"href":"https:\/\/www.instaclima.com\/nuevaweb\/wp-json\/wp\/v2\/media?parent=2018"}],"wp:term":[{"taxonomy":"brand","embeddable":true,"href":"https:\/\/www.instaclima.com\/nuevaweb\/wp-json\/wp\/v2\/etheme_brands?post=2018"},{"taxonomy":"product_brand","embeddable":true,"href":"https:\/\/www.instaclima.com\/nuevaweb\/wp-json\/wp\/v2\/product_brand?post=2018"},{"taxonomy":"product_cat","embeddable":true,"href":"https:\/\/www.instaclima.com\/nuevaweb\/wp-json\/wp\/v2\/product_cat?post=2018"},{"taxonomy":"product_tag","embeddable":true,"href":"https:\/\/www.instaclima.com\/nuevaweb\/wp-json\/wp\/v2\/product_tag?post=2018"}],"curies":[{"name":"wp","href":"https:\/\/api.w.org\/{rel}","templated":true}]}}