{"id":2020,"date":"2024-10-29T20:54:08","date_gmt":"2024-10-29T19:54:08","guid":{"rendered":"https:\/\/www.instaclima.com\/nuevaweb\/?post_type=product&#038;p=2020"},"modified":"2024-10-29T20:54:12","modified_gmt":"2024-10-29T19:54:12","slug":"caldera-de-gasoil-ferroli-silent-d-25-k-100-unit","status":"publish","type":"product","link":"https:\/\/www.instaclima.com\/nuevaweb\/producto\/caldera-de-gasoil-ferroli-silent-d-25-k-100-unit\/","title":{"rendered":"Caldera De Gasoil Ferroli SILENT D 25 K 100 UNIT"},"content":{"rendered":"<p>Disponible en Instaclima la Caldera De Gasoil Ferroli SILENT D 25 K 100 UNIT. Posee una potencia de calefacci\u00f3n en 25 kW; y una potencia en ACS en 25 kW. Su caudal de agua es de 13 L. Tiene una eficiencia energ\u00e9tica B\/XL. El contenido de agua en la caldera es de 18 L. Sus dimensiones son 145x50x75 aproximadamente.<\/p>\n<p>Al comprar este ejemplar, podr\u00e1s tener dos a\u00f1os de garant\u00eda por parte de su fabricante. Aprovecha nuestros precios de oferta en nuestra tienda Instaclima.<\/p>\n<h2>Caracter\u00edsticas de la Caldera<\/h2>\n<p><iframe loading=\"lazy\" src=\"https:\/\/www.youtube.com\/embed\/RTSWzxHLxvY\" width=\"560\" height=\"315\" frameborder=\"0\" allowfullscreen=\"allowfullscreen\"><\/iframe><\/p>\n<ul>\n<li>Caldera de gas\u00f3leo digital con cuerpo en chapa de acero.<\/li>\n<li>Con bomba de alta eficiencia.<\/li>\n<li>Acumulador vitrificado de 100 litros.<\/li>\n<li>Potencia \u00fatil m\u00e1xima 25 kW y producci\u00f3n de ACS 220 l\/10min.<\/li>\n<li>Clase de eficiencia energ\u00e9tica B en calefacci\u00f3n y B\/XL en agua caliente.<\/li>\n<li>Incorpora Vaso de expansi\u00f3n y v\u00e1lvula de seguridad para calefacci\u00f3n y A.C.S y 2 circuladores, uno para calefacci\u00f3n y otro para A.C.S.<\/li>\n<li>Panel de mandos con display digital que nos muestra amplia informaci\u00f3n como, presi\u00f3n del circuito, temperatura de calefacci\u00f3n y A.C.S, indicaci\u00f3n de posibles bloqueos de caldera, etc.<\/li>\n<li>Garant\u00eda total de dos a\u00f1os por parte de su fabricante.<\/li>\n<\/ul>\n<h3>Ficha T\u00e9cnica de la Caldera De Gasoil Ferroli SILENT D 25 K 100 UNIT<\/h3>\n<table>\n<tbody>\n<tr>\n<td width=\"283\"><strong>Potencia en Calefacci\u00f3n<\/strong><\/td>\n<td width=\"283\">25 kW.<\/td>\n<\/tr>\n<tr>\n<td width=\"283\"><strong>Potencia en ACS<\/strong><\/td>\n<td width=\"283\">25 kW.<\/td>\n<\/tr>\n<tr>\n<td width=\"283\"><strong>Clase energ\u00e9tica<\/strong><\/td>\n<td width=\"283\">B\/XL.<\/td>\n<\/tr>\n<tr>\n<td width=\"283\"><strong>Caudal de agua<\/strong><\/td>\n<td width=\"283\">13 L.<\/td>\n<\/tr>\n<tr>\n<td width=\"283\"><strong>Contenido agua caldera <\/strong><\/td>\n<td width=\"283\">18 L.<\/td>\n<\/tr>\n<tr>\n<td width=\"283\"><strong>Superficie a calefactar<\/strong><\/td>\n<td width=\"283\">S\u00ed.<\/td>\n<\/tr>\n<\/tbody>\n<\/table>\n<h3>\u00bfPor qu\u00e9 comprar la Ferroli SILENT D 25 K 100 UNIT?<\/h3>\n<p>Esta caldera cuenta con nuevas dimensiones que se adaptan a espacios cerrados para mas facilidad de instalaci\u00f3n y mantenimiento de limpieza. Su eficiencia energ\u00e9tica permite un ahorro energ\u00e9tico y poco uso de recursos. Haciendo de este modelo compatible con el medio ambiente.<\/p>\n<p>Por otro lado, est\u00e1 elaborado con materiales resistentes que logran evitar la presencia de corrosi\u00f3n que puede afectar de forma negativa el equipo. Compra tu Caldera Ferroli a gasoil en nuestra tienda Instaclima. Solo los mejores precios podr\u00e1s obtenerlos con nosotros. Trabajamos en horarios de oficina donde ser\u00e1s atendido por nuestros profesionales.<\/p>\n<p>&nbsp;<\/p>\n","protected":false},"excerpt":{"rendered":"<p>OFERTA <strong>Caldera De Gasoil Ferroli SILENT D 25 K 100 UNIT<\/strong>. Potencia en Calefacci\u00f3n 25 kW. Potencia en ACS 25 kW. Clase energ\u00e9tica B\/XL. Caudal de agua 13 L. Contenido agua caldera\u00a0 18 L. Compra al mejor precio el Ferroli a gasoil.<\/p>\n<p>&nbsp;<\/p>\n","protected":false},"featured_media":2066,"comment_status":"closed","ping_status":"closed","template":"","meta":[],"etheme_brands":[],"product_brand":[],"product_cat":[67],"product_tag":[60],"class_list":{"0":"post-2020","1":"product","2":"type-product","3":"status-publish","4":"has-post-thumbnail","6":"product_cat-calderas-de-gasoil","7":"product_tag-ferroli","9":"first","10":"instock","11":"taxable","12":"shipping-taxable","13":"purchasable","14":"product-type-simple"},"_links":{"self":[{"href":"https:\/\/www.instaclima.com\/nuevaweb\/wp-json\/wp\/v2\/product\/2020","targetHints":{"allow":["GET"]}}],"collection":[{"href":"https:\/\/www.instaclima.com\/nuevaweb\/wp-json\/wp\/v2\/product"}],"about":[{"href":"https:\/\/www.instaclima.com\/nuevaweb\/wp-json\/wp\/v2\/types\/product"}],"replies":[{"embeddable":true,"href":"https:\/\/www.instaclima.com\/nuevaweb\/wp-json\/wp\/v2\/comments?post=2020"}],"version-history":[{"count":1,"href":"https:\/\/www.instaclima.com\/nuevaweb\/wp-json\/wp\/v2\/product\/2020\/revisions"}],"predecessor-version":[{"id":2067,"href":"https:\/\/www.instaclima.com\/nuevaweb\/wp-json\/wp\/v2\/product\/2020\/revisions\/2067"}],"wp:featuredmedia":[{"embeddable":true,"href":"https:\/\/www.instaclima.com\/nuevaweb\/wp-json\/wp\/v2\/media\/2066"}],"wp:attachment":[{"href":"https:\/\/www.instaclima.com\/nuevaweb\/wp-json\/wp\/v2\/media?parent=2020"}],"wp:term":[{"taxonomy":"brand","embeddable":true,"href":"https:\/\/www.instaclima.com\/nuevaweb\/wp-json\/wp\/v2\/etheme_brands?post=2020"},{"taxonomy":"product_brand","embeddable":true,"href":"https:\/\/www.instaclima.com\/nuevaweb\/wp-json\/wp\/v2\/product_brand?post=2020"},{"taxonomy":"product_cat","embeddable":true,"href":"https:\/\/www.instaclima.com\/nuevaweb\/wp-json\/wp\/v2\/product_cat?post=2020"},{"taxonomy":"product_tag","embeddable":true,"href":"https:\/\/www.instaclima.com\/nuevaweb\/wp-json\/wp\/v2\/product_tag?post=2020"}],"curies":[{"name":"wp","href":"https:\/\/api.w.org\/{rel}","templated":true}]}}