{"id":2023,"date":"2024-10-29T20:54:08","date_gmt":"2024-10-29T19:54:08","guid":{"rendered":"https:\/\/www.instaclima.com\/nuevaweb\/?post_type=product&#038;p=2023"},"modified":"2024-10-29T20:54:13","modified_gmt":"2024-10-29T19:54:13","slug":"caldera-ferroli-atlas-d-l-63","status":"publish","type":"product","link":"https:\/\/www.instaclima.com\/nuevaweb\/producto\/caldera-ferroli-atlas-d-l-63\/","title":{"rendered":"Caldera Ferroli ATLAS D L 63"},"content":{"rendered":"<p>Nueva Caldera Ferroli ATLAS D L 63, a gasoil. Posee una potencia en calefacci\u00f3n de 63 kW; y una potencia en ACS de 40 kW. Su caudal de agua es de 33 L. Tiene una eficiencia energ\u00e9tica de B. El m\u00f3dulo de quemador que posee este equipo es COMPACT ECO10, mejorando de forma efectiva su nivel de eficiencia.<\/p>\n<p>Tiene una garant\u00eda total de dos a\u00f1os por parte de su fabricante. Solo podr\u00e1s encontrar este equipo al mejor precio en nuestra tienda Instaclima.<\/p>\n<h2><strong>Caracter\u00edsticas de la Caldera<\/strong><\/h2>\n<p><iframe loading=\"lazy\" src=\"https:\/\/www.youtube.com\/embed\/RTSWzxHLxvY\" width=\"560\" height=\"315\" frameborder=\"0\" allowfullscreen=\"allowfullscreen\"><\/iframe><\/p>\n<ul>\n<li>Disponible para potencias de 25, 37, 50 63 y 5 kW.<\/li>\n<li>Caldera que cumple con la normativa ERP.<\/li>\n<li>Dispone de una clase energ\u00e9tica B. Lo que la hace m\u00e1s eficiente que las calderas comunes.<\/li>\n<li>Esta gama dispone de lo \u00faltimo en tecnolog\u00eda digital para mayor comodidad del usuario.<\/li>\n<li>Posee dos a\u00f1os de garant\u00eda total por parte de su fabricante.<\/li>\n<li>Incluye un quemador gas\u00f3leo FERROLI SUN G.<\/li>\n<li>Su dise\u00f1o es compacto y elegante. Perfecto para espacios reducidos.<\/li>\n<li>F\u00e1cil de instalar y de hacerle mantenimiento de limpieza.<\/li>\n<li>Posee un manual de uso para mejor funcionamiento.<\/li>\n<li>Dispone de bajas emisiones de NOx, lo que te permite un ahorro energ\u00e9tico notorio.<\/li>\n<li>Es compatible con el medio ambiente. No derrocha recursos como las calderas com\u00fanes.<\/li>\n<\/ul>\n<h3>Ficha T\u00e9cnica de la Caldera Ferroli ATLAS D L 63<\/h3>\n<table>\n<tbody>\n<tr>\n<td width=\"283\"><strong>Potencia en Calefacci\u00f3n<\/strong><\/td>\n<td width=\"283\">63 kW.<\/td>\n<\/tr>\n<tr>\n<td width=\"283\"><strong>Potencia en ACS<\/strong><\/td>\n<td width=\"283\">40 kW.<\/td>\n<\/tr>\n<tr>\n<td width=\"283\"><strong>Clase energ\u00e9tica <\/strong><\/td>\n<td width=\"283\">B.<\/td>\n<\/tr>\n<tr>\n<td width=\"283\"><strong>Caudal de agua<\/strong><\/td>\n<td width=\"283\">33 L.<\/td>\n<\/tr>\n<tr>\n<td width=\"283\"><strong>Modulo del quemador<\/strong><\/td>\n<td width=\"283\">COMPACT ECO10.<\/td>\n<\/tr>\n<tr>\n<td width=\"283\"><strong>Superficie a calefactar<\/strong><\/td>\n<td width=\"283\">S\u00ed.<\/td>\n<\/tr>\n<\/tbody>\n<\/table>\n<h3>\u00bfPor qu\u00e9 comprar la Caldera Ferroli ATLAS D L 63?<\/h3>\n<p>La Caldera Ferroli ATLAS D L 63 es uno de los equipos que te puede garantizar un servicio de agua caliente en corto tiempo, bajo una de las tecnolog\u00edas digitales m\u00e1s actualizadas. Por otro lado, es compatible con el medio ambiente. No derrocha recursos naturales y su eficiencia es de buena calidad.<\/p>\n<p>Somos expertos en climatizaci\u00f3n para el hogar. Por eso debes comprar en tu tienda preferida Instaclima para que veas resultados positivos en corto tiempo.<\/p>\n","protected":false},"excerpt":{"rendered":"<p>OFERTA <strong>Caldera Ferroli ATLAS D L 63<\/strong>. Potencia en Calefacci\u00f3n 63 kW. Potencia en ACS 40 kW. Clase energ\u00e9tica B. Caudal de agua 33 L. Modulo del quemador COMPACT ECO10. Compra al mejor precio el Ferroli a gas.<\/p>\n","protected":false},"featured_media":2072,"comment_status":"closed","ping_status":"closed","template":"","meta":[],"etheme_brands":[],"product_brand":[],"product_cat":[59],"product_tag":[60],"class_list":{"0":"post-2023","1":"product","2":"type-product","3":"status-publish","4":"has-post-thumbnail","6":"product_cat-calderas","7":"product_tag-ferroli","9":"first","10":"instock","11":"taxable","12":"shipping-taxable","13":"purchasable","14":"product-type-simple"},"_links":{"self":[{"href":"https:\/\/www.instaclima.com\/nuevaweb\/wp-json\/wp\/v2\/product\/2023","targetHints":{"allow":["GET"]}}],"collection":[{"href":"https:\/\/www.instaclima.com\/nuevaweb\/wp-json\/wp\/v2\/product"}],"about":[{"href":"https:\/\/www.instaclima.com\/nuevaweb\/wp-json\/wp\/v2\/types\/product"}],"replies":[{"embeddable":true,"href":"https:\/\/www.instaclima.com\/nuevaweb\/wp-json\/wp\/v2\/comments?post=2023"}],"version-history":[{"count":1,"href":"https:\/\/www.instaclima.com\/nuevaweb\/wp-json\/wp\/v2\/product\/2023\/revisions"}],"predecessor-version":[{"id":2073,"href":"https:\/\/www.instaclima.com\/nuevaweb\/wp-json\/wp\/v2\/product\/2023\/revisions\/2073"}],"wp:featuredmedia":[{"embeddable":true,"href":"https:\/\/www.instaclima.com\/nuevaweb\/wp-json\/wp\/v2\/media\/2072"}],"wp:attachment":[{"href":"https:\/\/www.instaclima.com\/nuevaweb\/wp-json\/wp\/v2\/media?parent=2023"}],"wp:term":[{"taxonomy":"brand","embeddable":true,"href":"https:\/\/www.instaclima.com\/nuevaweb\/wp-json\/wp\/v2\/etheme_brands?post=2023"},{"taxonomy":"product_brand","embeddable":true,"href":"https:\/\/www.instaclima.com\/nuevaweb\/wp-json\/wp\/v2\/product_brand?post=2023"},{"taxonomy":"product_cat","embeddable":true,"href":"https:\/\/www.instaclima.com\/nuevaweb\/wp-json\/wp\/v2\/product_cat?post=2023"},{"taxonomy":"product_tag","embeddable":true,"href":"https:\/\/www.instaclima.com\/nuevaweb\/wp-json\/wp\/v2\/product_tag?post=2023"}],"curies":[{"name":"wp","href":"https:\/\/api.w.org\/{rel}","templated":true}]}}