{"id":2024,"date":"2024-10-29T20:54:08","date_gmt":"2024-10-29T19:54:08","guid":{"rendered":"https:\/\/www.instaclima.com\/nuevaweb\/?post_type=product&#038;p=2024"},"modified":"2024-10-29T20:54:13","modified_gmt":"2024-10-29T19:54:13","slug":"caldera-ferroli-silent-d-condens-30-si-unit","status":"publish","type":"product","link":"https:\/\/www.instaclima.com\/nuevaweb\/producto\/caldera-ferroli-silent-d-condens-30-si-unit\/","title":{"rendered":"Caldera Ferroli Silent D Condens 30 SI UNIT"},"content":{"rendered":"<p>Nueva Caldera Ferroli Silent D Condens 30 SI UNIT, de funci\u00f3n mixta. Posee una potencia en calefacci\u00f3n de 30 kW; y una potencia en ACS de 28,5 kW. Tiene un caudal de agua de 16 L. Su contenido de agua para calefacci\u00f3n es de 49 L. Y su eficiencia energ\u00e9tica de es A\/XL.<\/p>\n<p>Esta caldera cuenta con una garant\u00eda total de dos a\u00f1os. Busca este equipo al mejor precio en tu tienda favorita Instaclima.<\/p>\n<h2><strong>\u00a0Caracter\u00edsticas de la Caldera<\/strong><\/h2>\n<p><iframe loading=\"lazy\" src=\"https:\/\/www.youtube.com\/embed\/RTSWzxHLxvY\" width=\"560\" height=\"315\" frameborder=\"0\" allowfullscreen=\"allowfullscreen\"><\/iframe><\/p>\n<ul>\n<li>La nueva caldera de gasoil de condensaci\u00f3n de Ferroli se ha adaptado a la nueva normativa de\u00a0<strong>bajas emisiones NOx<\/strong>, y es la que suple a la antigua Silent D Condens 30 SI UNIT.<\/li>\n<li>Con una\u00a0<strong>potencia nominal \u00fatil\u00a0 (50-30\u00baC) de 30 kW<\/strong>\u00a0nos da 25.800 kcal\/h.<\/li>\n<li>Su calificaci\u00f3n energ\u00e9tica es\u00a0<strong>A<\/strong>\u00a0en calefacci\u00f3n y agua caliente sanitaria y su perfil de consumo<strong>\u00a0XL<\/strong>.<\/li>\n<li>Da un caudal de\u00a0<strong>17,2 l\/min<\/strong>\u00a0a un salto t\u00e9rmico de 25\u00baC.<\/li>\n<li>Incorpora con la caldera vaso de expansi\u00f3n y bomba de circulaci\u00f3n.<\/li>\n<li>Su panel de mandos lleva un display digital con amplia informaci\u00f3n del estado de la caldera, como presi\u00f3n del circuito, temperatura de calefacci\u00f3n y de agua sanitaria, indicaci\u00f3n de posibles bloqueos.<\/li>\n<li>El grupo t\u00e9rmico Silent est\u00e1 fabricado en chapa de acero.<\/li>\n<li>Como es una gama digital se obtendr\u00e1 mayor precisi\u00f3n y control.<\/li>\n<li>La producci\u00f3n de ACS es mediante serpentin interior en acero inoxidable.<\/li>\n<li>Se pueden\u00a0 incorporar elementos de regulaci\u00f3n como un cronocomando\u00a0 y sonda exterior Ferroli.<\/li>\n<li>Garant\u00eda total de dos a\u00f1os.<\/li>\n<\/ul>\n<h3>Ficha T\u00e9cnica de la Caldera Ferroli Silent D Condens 30 SI UNIT<\/h3>\n<table>\n<tbody>\n<tr>\n<td width=\"283\"><strong>Potencia en Calefacci\u00f3n<\/strong><\/td>\n<td width=\"283\">30 kW.<\/td>\n<\/tr>\n<tr>\n<td width=\"283\"><strong>Potencia en ACS<\/strong><\/td>\n<td width=\"283\">28,5 kW.<\/td>\n<\/tr>\n<tr>\n<td width=\"283\"><strong>Clase energ\u00e9tica<\/strong><\/td>\n<td width=\"283\">A\/XL.<\/td>\n<\/tr>\n<tr>\n<td width=\"283\"><strong>Caudal de agua<\/strong><\/td>\n<td width=\"283\">16 L.<\/td>\n<\/tr>\n<tr>\n<td width=\"283\"><strong>Contenido agua caldera <\/strong><\/td>\n<td width=\"283\">49 L.<\/td>\n<\/tr>\n<tr>\n<td width=\"283\"><strong>Superficie a calefactar<\/strong><\/td>\n<td width=\"283\">S\u00ed.<\/td>\n<\/tr>\n<\/tbody>\n<\/table>\n<h3>\u00bfPor qu\u00e9 comprar el Ferroli Silent D Condens 30 SI UNIT?<\/h3>\n<p>Esta Caldera posee cualidades que te brindar\u00e1n comodidad y un servicio de primera. Est\u00e1 elaborada en acero inoxidable que permite soportar factores externos sin padecer de corrosi\u00f3n o deterioro. Su eficiencia energ\u00e9tica permite la obtenci\u00f3n de un bajo consumo el\u00e9ctrico y poca utilidad de recursos naturales. Haciendo que este equipo sea compatible con el medio ambiente.<\/p>\n<p>Compra este equipo a un precio de oferta en nuestra tienda Instaclima. Somos profesionales en productos de climatizaci\u00f3n para el hogar. Trabajamos por el bienestar de todas las familias espa\u00f1olas.<\/p>\n","protected":false},"excerpt":{"rendered":"<p>OFERTA <strong>Caldera Ferroli Silent D Condens 30 SI UNIT<\/strong>. Potencia en Calefacci\u00f3n 30 kW. Potencia en ACS 28,5 kW. Clase energ\u00e9tica A\/XL. Caudal de agua 16 L. Contenido agua caldera 49 L. Compra al mejor precio el Ferroli a gasoil.<\/p>\n","protected":false},"featured_media":2074,"comment_status":"closed","ping_status":"closed","template":"","meta":[],"etheme_brands":[],"product_brand":[],"product_cat":[59],"product_tag":[60],"class_list":{"0":"post-2024","1":"product","2":"type-product","3":"status-publish","4":"has-post-thumbnail","6":"product_cat-calderas","7":"product_tag-ferroli","9":"first","10":"instock","11":"taxable","12":"shipping-taxable","13":"purchasable","14":"product-type-simple"},"_links":{"self":[{"href":"https:\/\/www.instaclima.com\/nuevaweb\/wp-json\/wp\/v2\/product\/2024","targetHints":{"allow":["GET"]}}],"collection":[{"href":"https:\/\/www.instaclima.com\/nuevaweb\/wp-json\/wp\/v2\/product"}],"about":[{"href":"https:\/\/www.instaclima.com\/nuevaweb\/wp-json\/wp\/v2\/types\/product"}],"replies":[{"embeddable":true,"href":"https:\/\/www.instaclima.com\/nuevaweb\/wp-json\/wp\/v2\/comments?post=2024"}],"version-history":[{"count":1,"href":"https:\/\/www.instaclima.com\/nuevaweb\/wp-json\/wp\/v2\/product\/2024\/revisions"}],"predecessor-version":[{"id":2075,"href":"https:\/\/www.instaclima.com\/nuevaweb\/wp-json\/wp\/v2\/product\/2024\/revisions\/2075"}],"wp:featuredmedia":[{"embeddable":true,"href":"https:\/\/www.instaclima.com\/nuevaweb\/wp-json\/wp\/v2\/media\/2074"}],"wp:attachment":[{"href":"https:\/\/www.instaclima.com\/nuevaweb\/wp-json\/wp\/v2\/media?parent=2024"}],"wp:term":[{"taxonomy":"brand","embeddable":true,"href":"https:\/\/www.instaclima.com\/nuevaweb\/wp-json\/wp\/v2\/etheme_brands?post=2024"},{"taxonomy":"product_brand","embeddable":true,"href":"https:\/\/www.instaclima.com\/nuevaweb\/wp-json\/wp\/v2\/product_brand?post=2024"},{"taxonomy":"product_cat","embeddable":true,"href":"https:\/\/www.instaclima.com\/nuevaweb\/wp-json\/wp\/v2\/product_cat?post=2024"},{"taxonomy":"product_tag","embeddable":true,"href":"https:\/\/www.instaclima.com\/nuevaweb\/wp-json\/wp\/v2\/product_tag?post=2024"}],"curies":[{"name":"wp","href":"https:\/\/api.w.org\/{rel}","templated":true}]}}