{"id":2377,"date":"2024-10-29T20:54:57","date_gmt":"2024-10-29T19:54:57","guid":{"rendered":"https:\/\/www.instaclima.com\/nuevaweb\/?post_type=product&#038;p=2377"},"modified":"2024-10-29T20:55:03","modified_gmt":"2024-10-29T19:55:03","slug":"caldera-vaillant-ecotec-pure-vmw-236-7-2","status":"publish","type":"product","link":"https:\/\/www.instaclima.com\/nuevaweb\/producto\/caldera-vaillant-ecotec-pure-vmw-236-7-2\/","title":{"rendered":"CALDERA VAILLANT ECOTEC PURE VMW 236\/7-2"},"content":{"rendered":"<p>Nuestra tienda tiene para ti la nueva Caldera Vaillant Ecotec VMW 236\/7-2. De tipo gas condensado tanto para calefacci\u00f3n como para agua caliente.<\/p>\n<p>Posee un caudal de agua AT. 25\u00b0 13,2 L\/min. Est\u00e1 homologada para el uso de propano, \u00fanica funci\u00f3n de la gama Vaillant, ejecutada por SAT.<\/p>\n<p>Adem\u00e1s, incluye un sistema de precalentamiento de agua, junto con un kit de evacuaci\u00f3n de humos.<\/p>\n<p>Posee una plantilla de instalaci\u00f3n. Viene en una \u00fanica presentaci\u00f3n de color blanco, con un dise\u00f1o bastante moderno y funciones tecnol\u00f3gicas para tu comodidad.<\/p>\n<h2>\u00a0Caracter\u00edstica de la Caldera Vaillant<\/h2>\n<p><iframe loading=\"lazy\" src=\"https:\/\/www.youtube.com\/embed\/rG3gw4Xwtls\" width=\"560\" height=\"315\" frameborder=\"0\" allowfullscreen=\"allowfullscreen\"><\/iframe><br \/>\n<strong>Ahorro de gas<\/strong><\/p>\n<p>Este equipo cuenta con unos termostatos modulantes, que le permiten controlar los niveles de gas durante su uso, sin afectar de ninguna forma sus funciones.<\/p>\n<p>Adem\u00e1s de evitar el alto nivel de contaminaci\u00f3n que otras calderas comunes tienden a generar. Esta funci\u00f3n ya est\u00e1 instalada y no tendr\u00e1s que realizar ning\u00fan tipo de acci\u00f3n para ponerla en marcha.<\/p>\n<p><strong>Bomba de alta eficiencia<\/strong><\/p>\n<p>Este equipo cuenta con una bomba de alta eficiencia energ\u00e9tica, que te ofrece un ahorro energ\u00e9tico m\u00e1s potente que en su estado Stand-by. Esta gama fue una de las primeras en disponer de esta funci\u00f3n para evitar niveles de consumos el\u00e9ctrico excesivos durante su uso. Este modo ya viene adaptado y no necesita ser configurado de forma manual.<\/p>\n<p><strong>Tecnolog\u00eda eBUS<\/strong><\/p>\n<p>Esta caldera cuenta con la tecnolog\u00eda eBUS, de manera que permite la compatibilidad con los termostatos internos y disponer de sistemas de utilidad sencillos como el VRT 50, radio el calorMATIC 350f y radio con conectividad el vSMART.<\/p>\n<p>As\u00ed podr\u00e1s controlar este equipo de forma r\u00e1pida, f\u00e1cil y sin complicaciones.<\/p>\n<p><strong>Funci\u00f3n anti hielo<\/strong><\/p>\n<p>La funci\u00f3n anti hielo que posee esta caldera, le permitir\u00e1 una protecci\u00f3n total de factores clim\u00e1ticos externos.<\/p>\n<p>De manera que el termostato pueda conectar al generador de calor hasta alcanzar los 5\u00b0C. si la temperatura asciende, el generador de calor se desconecta y su supervisi\u00f3n de la temperatura sigue encendida.<\/p>\n<p><strong>Pantalla t\u00e1ctil<\/strong><\/p>\n<p>Entre sus m\u00e9todos de manipulaci\u00f3n, se puede encontrar una pantalla digital t\u00e1ctil que se desconectara autom\u00e1ticamente para un ahorro energ\u00e9tico de la bater\u00eda de la caldera. Una vez que presiones una tecla, se iluminar\u00e1 para mostrar todas las indicaciones del termostato. De manera que puedas visualizar todos los valores y ajustarlos.<\/p>\n<p><strong>Regula la temperatura del circuito<\/strong><\/p>\n<p>Entre otras funciones, este equipo puede regular la temperatura del ambiente para los circuitos de calefacci\u00f3n.<\/p>\n<p>De manera que logre determinar durante la jornada, los diferentes cambios t\u00e9rmicos para relacionar las oscilaciones t\u00e9rmicas del ambiente y ajustarlas seg\u00fan la temperatura a una c\u00f3moda y agradable.<\/p>\n<h3>Ficha Tecnica del Caldera Vaillant Ecotec VMW 236\/7-2.<\/h3>\n<table>\n<tbody>\n<tr>\n<td width=\"354\"><strong>Potencia en Calefacci\u00f3n<\/strong><\/td>\n<td width=\"354\">18,5 kW<\/td>\n<\/tr>\n<tr>\n<td width=\"354\"><strong>Caudal de Agua<\/strong><\/td>\n<td width=\"354\">25\u00b0C &#8211; 1,3 l\/min<\/td>\n<\/tr>\n<tr>\n<td width=\"354\"><strong>Eficiencia Energ\u00e9tica<\/strong><\/td>\n<td width=\"354\">A<\/td>\n<\/tr>\n<tr>\n<td width=\"354\"><strong>Clase NOx<\/strong><\/td>\n<td width=\"354\">6<\/td>\n<\/tr>\n<tr>\n<td width=\"354\"><strong>Bomba<\/strong><\/td>\n<td width=\"354\">Alta eficiencia<\/td>\n<\/tr>\n<tr>\n<td width=\"354\"><strong>Ventilador modulante<\/strong><\/td>\n<td width=\"354\">S\u00ed.<\/td>\n<\/tr>\n<tr>\n<td width=\"354\"><strong>Superficie a calefactar<\/strong><\/td>\n<td width=\"354\">S\u00ed.<\/td>\n<\/tr>\n<tr>\n<td width=\"354\"><strong>Potencia en ACS<\/strong><\/td>\n<td width=\"354\">24 kW<\/td>\n<\/tr>\n<\/tbody>\n<\/table>\n<p>&nbsp;<\/p>\n<h3>\u00bfPor qu\u00e9 comprar la Caldera Vaillant Ecotec VMW 236\/7-2.?<\/h3>\n<p>Esta caldera es uno de los equipos m\u00e1s sofisticados de esta gama. Dispone de funciones autom\u00e1ticas ya establecida.<\/p>\n<p>Te dar\u00e1 un ahorro energ\u00e9tico muy efectivo y regular\u00e1 los niveles en cuanto al uso de gas, sin afectar en lo m\u00e1s m\u00ednimo de sus funciones principales. Adem\u00e1s de poseer una apariencia muy sofisticada y elegante.<\/p>\n<p>Todo esto a un precio de oferta que solo encontraras en Instaclima. Deja en nuestras manos tu comodidad. Somos L\u00edderes en productos de calefacci\u00f3n en toda Espa\u00f1a.<\/p>\n","protected":false},"excerpt":{"rendered":"<p>OFERTA <strong>Caldera Vaillant Ecotec VMW 236\/7-2<\/strong>. Potencia en calefaccion 18,5 kW. En agua caliente 24 kW. Caudal de agua 25\u00b0C &#8211; 1,3 l\/min. Compra al mejor precio el Vaillant a gas Ecopure 23.<\/p>\n","protected":false},"featured_media":2422,"comment_status":"open","ping_status":"closed","template":"","meta":[],"etheme_brands":[],"product_brand":[],"product_cat":[59],"product_tag":[62],"class_list":{"0":"post-2377","1":"product","2":"type-product","3":"status-publish","4":"has-post-thumbnail","6":"product_cat-calderas","7":"product_tag-vaillant","9":"first","10":"instock","11":"taxable","12":"shipping-taxable","13":"purchasable","14":"product-type-simple"},"_links":{"self":[{"href":"https:\/\/www.instaclima.com\/nuevaweb\/wp-json\/wp\/v2\/product\/2377","targetHints":{"allow":["GET"]}}],"collection":[{"href":"https:\/\/www.instaclima.com\/nuevaweb\/wp-json\/wp\/v2\/product"}],"about":[{"href":"https:\/\/www.instaclima.com\/nuevaweb\/wp-json\/wp\/v2\/types\/product"}],"replies":[{"embeddable":true,"href":"https:\/\/www.instaclima.com\/nuevaweb\/wp-json\/wp\/v2\/comments?post=2377"}],"version-history":[{"count":1,"href":"https:\/\/www.instaclima.com\/nuevaweb\/wp-json\/wp\/v2\/product\/2377\/revisions"}],"predecessor-version":[{"id":2423,"href":"https:\/\/www.instaclima.com\/nuevaweb\/wp-json\/wp\/v2\/product\/2377\/revisions\/2423"}],"wp:featuredmedia":[{"embeddable":true,"href":"https:\/\/www.instaclima.com\/nuevaweb\/wp-json\/wp\/v2\/media\/2422"}],"wp:attachment":[{"href":"https:\/\/www.instaclima.com\/nuevaweb\/wp-json\/wp\/v2\/media?parent=2377"}],"wp:term":[{"taxonomy":"brand","embeddable":true,"href":"https:\/\/www.instaclima.com\/nuevaweb\/wp-json\/wp\/v2\/etheme_brands?post=2377"},{"taxonomy":"product_brand","embeddable":true,"href":"https:\/\/www.instaclima.com\/nuevaweb\/wp-json\/wp\/v2\/product_brand?post=2377"},{"taxonomy":"product_cat","embeddable":true,"href":"https:\/\/www.instaclima.com\/nuevaweb\/wp-json\/wp\/v2\/product_cat?post=2377"},{"taxonomy":"product_tag","embeddable":true,"href":"https:\/\/www.instaclima.com\/nuevaweb\/wp-json\/wp\/v2\/product_tag?post=2377"}],"curies":[{"name":"wp","href":"https:\/\/api.w.org\/{rel}","templated":true}]}}