{"id":2379,"date":"2024-10-29T20:54:57","date_gmt":"2024-10-29T19:54:57","guid":{"rendered":"https:\/\/www.instaclima.com\/nuevaweb\/?post_type=product&#038;p=2379"},"modified":"2024-10-29T20:55:03","modified_gmt":"2024-10-29T19:55:03","slug":"caldera-vaillant-ecotec-plus-vmw-236-5-5","status":"publish","type":"product","link":"https:\/\/www.instaclima.com\/nuevaweb\/producto\/caldera-vaillant-ecotec-plus-vmw-236-5-5\/","title":{"rendered":"Caldera Vaillant Ecotec Plus VMW 236\/5-5"},"content":{"rendered":"<p>Para tu comodidad, te ofrecemos la nueva Caldera Vaillant Ecotec Plus VMW 236\/5-5. Viene con una bomba de alta eficiencia energ\u00e9tica. Posee la funci\u00f3n de precalentamiento de agua. Incluye una potencia de calefacci\u00f3n 19 kW. Mientras que tiene una potencia de ACS 23kW. Su capacidad energ\u00e9tica es A\/XL.<\/p>\n<p>Dispone de un Caudal de agua 13,2 l\/min. Es de clase NOx 6. Viene en color blanco y posee dos a\u00f1os de garant\u00eda por parte del fabricante. Es una de las calderas de gas condensada mixtas m\u00e1s solicitadas en el mercado y solo nosotros la tenemos al mejor precio.<\/p>\n<h2>Caracter\u00edsticas de la Caldera<\/h2>\n<p><iframe loading=\"lazy\" src=\"https:\/\/www.youtube.com\/embed\/HVNT5s9X-t4\" width=\"560\" height=\"315\" frameborder=\"0\" allowfullscreen=\"allowfullscreen\"><\/iframe><br \/>\n<strong>Incluye KIT de Evacuaci\u00f3n<\/strong><\/p>\n<p>Con la compra de tu calentador, podr\u00e1s tener un KIT de Evacuaci\u00f3n Horizontal 60\/100, con tubo, codo de 87\u00b0, abrazaderas y embellecedores. Cuenta con una longitud de 1,8 m. Dispone de una plantilla de instalaci\u00f3n con llaves de corte para calefacci\u00f3n, llave de entrada de agua fr\u00eda, conexi\u00f3n de agua caliente y racores de cobra para soldar.<\/p>\n<p><strong>Bomba de alta eficiencia<\/strong><\/p>\n<p>Este equipo cuenta con una bomba de alta eficiencia energ\u00e9tica, que te ofrece un ahorro energ\u00e9tico m\u00e1s potente que en su estado Stand-by. Esta gama fue una de las primeras en disponer de esta funci\u00f3n para evitar niveles de consumos el\u00e9ctrico excesivos durante su uso. Este modo ya viene adaptado y no necesita ser configurado de forma manual.<\/p>\n<p><strong>Sistema Diagnostico<\/strong><\/p>\n<p>Gracias a la tecnolog\u00eda de punta que tiene, posee incluido un Display con texto, retro iluminado para ver los diagn\u00f3sticos de las lecturas del equipo durante su funcionamiento. De manera que puedas tener el estado en el que se encuentra la caldera y modificar sus funciones seg\u00fan sean tus necesidades.<\/p>\n<p><strong>Dualpower<\/strong><\/p>\n<p>Con este modo de funcionamiento, tendr\u00e1 una caldera que puede trabajar de forma simultanea la potencia de calefacci\u00f3n y la ACS. Podr\u00e1s configurarlas por separado y hacer que estas trabajen al mismo tiempo, sin preocuparte por el consumo energ\u00e9tico, ya que gracias a esta funci\u00f3n podr\u00e1s tener un ahorro energ\u00e9tico evidente y no afectara sus cualidades.<\/p>\n<h3>Ficha T\u00e9cnica de laCaldera Vaillant Ecotec Plus VMW 236\/5-5<\/h3>\n<table>\n<tbody>\n<tr>\n<td width=\"354\"><strong>Potencia en Calefacci\u00f3n<\/strong><\/td>\n<td width=\"354\">19 kW.<\/td>\n<\/tr>\n<tr>\n<td width=\"354\"><strong>Caudal de Agua<\/strong><\/td>\n<td width=\"354\">13,2 l\/min.<\/td>\n<\/tr>\n<tr>\n<td width=\"354\"><strong>Eficiencia Energ\u00e9tica<\/strong><\/td>\n<td width=\"354\">A\/XL<\/td>\n<\/tr>\n<tr>\n<td width=\"354\"><strong>Clase NOx<\/strong><\/td>\n<td width=\"354\">6<\/td>\n<\/tr>\n<tr>\n<td width=\"354\"><strong>Bomba<\/strong><\/td>\n<td width=\"354\">Alta eficiencia.<\/td>\n<\/tr>\n<tr>\n<td width=\"354\"><strong>Ventilador modulante<\/strong><\/td>\n<td width=\"354\">S\u00ed.<\/td>\n<\/tr>\n<tr>\n<td width=\"354\"><strong>Superficie a calefactar<\/strong><\/td>\n<td width=\"354\">S\u00ed.<\/td>\n<\/tr>\n<tr>\n<td width=\"354\"><strong>Potencia en ACS<\/strong><\/td>\n<td width=\"354\">23 kW.<\/td>\n<\/tr>\n<\/tbody>\n<\/table>\n<p>&nbsp;<\/p>\n<h3>\u00bfPor qu\u00e9 comprar la Caldera Vaillant Ecotec Plus VMW 236\/5-5?<\/h3>\n<p>La Caldera Vaillant Ecotec Plus VMW 236\/5-5 es una de las m\u00e1s completas a nivel de funciones. Incluye una bomba de ala eficiencia energ\u00e9tica que te brindara miles beneficios econ\u00f3micos. Es f\u00e1cil de instalar, de manera que logres colocarla en cualquier habitaci\u00f3n que desees. Todo bajo un precio de oferta por esta temporada.<\/p>\n<p>Instaclima te ayuda a complacer tus necesidades y brindarte un servicio de primera. No dejes pasar una oportunidad como esta y encontrar esa felicidad que tanto busca.<\/p>\n","protected":false},"excerpt":{"rendered":"<p>OFERTA <strong>Caldera Vaillan Ecotec Plus VMW 236\/5-5<\/strong>. Potencia en Calefacci\u00f3n 19 kW. Caudal de Agua 13,2 l\/min. Eficiencia Energ\u00e9tica A\/XL. Compra al mejor preico el Vaillant a gas.<\/p>\n","protected":false},"featured_media":2426,"comment_status":"open","ping_status":"closed","template":"","meta":[],"etheme_brands":[],"product_brand":[],"product_cat":[59],"product_tag":[62],"class_list":{"0":"post-2379","1":"product","2":"type-product","3":"status-publish","4":"has-post-thumbnail","6":"product_cat-calderas","7":"product_tag-vaillant","9":"first","10":"instock","11":"taxable","12":"shipping-taxable","13":"purchasable","14":"product-type-simple"},"_links":{"self":[{"href":"https:\/\/www.instaclima.com\/nuevaweb\/wp-json\/wp\/v2\/product\/2379","targetHints":{"allow":["GET"]}}],"collection":[{"href":"https:\/\/www.instaclima.com\/nuevaweb\/wp-json\/wp\/v2\/product"}],"about":[{"href":"https:\/\/www.instaclima.com\/nuevaweb\/wp-json\/wp\/v2\/types\/product"}],"replies":[{"embeddable":true,"href":"https:\/\/www.instaclima.com\/nuevaweb\/wp-json\/wp\/v2\/comments?post=2379"}],"version-history":[{"count":1,"href":"https:\/\/www.instaclima.com\/nuevaweb\/wp-json\/wp\/v2\/product\/2379\/revisions"}],"predecessor-version":[{"id":2427,"href":"https:\/\/www.instaclima.com\/nuevaweb\/wp-json\/wp\/v2\/product\/2379\/revisions\/2427"}],"wp:featuredmedia":[{"embeddable":true,"href":"https:\/\/www.instaclima.com\/nuevaweb\/wp-json\/wp\/v2\/media\/2426"}],"wp:attachment":[{"href":"https:\/\/www.instaclima.com\/nuevaweb\/wp-json\/wp\/v2\/media?parent=2379"}],"wp:term":[{"taxonomy":"brand","embeddable":true,"href":"https:\/\/www.instaclima.com\/nuevaweb\/wp-json\/wp\/v2\/etheme_brands?post=2379"},{"taxonomy":"product_brand","embeddable":true,"href":"https:\/\/www.instaclima.com\/nuevaweb\/wp-json\/wp\/v2\/product_brand?post=2379"},{"taxonomy":"product_cat","embeddable":true,"href":"https:\/\/www.instaclima.com\/nuevaweb\/wp-json\/wp\/v2\/product_cat?post=2379"},{"taxonomy":"product_tag","embeddable":true,"href":"https:\/\/www.instaclima.com\/nuevaweb\/wp-json\/wp\/v2\/product_tag?post=2379"}],"curies":[{"name":"wp","href":"https:\/\/api.w.org\/{rel}","templated":true}]}}