{"id":2380,"date":"2024-10-29T20:54:57","date_gmt":"2024-10-29T19:54:57","guid":{"rendered":"https:\/\/www.instaclima.com\/nuevaweb\/?post_type=product&#038;p=2380"},"modified":"2024-10-29T20:55:04","modified_gmt":"2024-10-29T19:55:04","slug":"caldera-vaillant-ecotec-plus-vmw-es-246-5-5","status":"publish","type":"product","link":"https:\/\/www.instaclima.com\/nuevaweb\/producto\/caldera-vaillant-ecotec-plus-vmw-es-246-5-5\/","title":{"rendered":"Caldera Vaillant Ecotec Plus VMW ES 246\/5-5"},"content":{"rendered":"<p>Instaclima tiene a precio de oferta la Caldera Vaillant Ecotec Plus VMW ES 246\/5-5. Posee una condensaci\u00f3n mixta. Tiene una potencia de calefacci\u00f3n 20 kW; y una potencia de ACS 24 kW. Dispone de un microacumalaci\u00f3n inteligente, junto con un kit de evacuaci\u00f3n y platilla. Adem\u00e1s de tener una clase NOx 6.<\/p>\n<p>Viene \u00fanicamente en color blanco, con dos a\u00f1os de garant\u00eda por parte del fabricante. Adem\u00e1s de tener una capacidad energ\u00e9tica de A\/XL. Utiliza gas tanto natural como propano.<\/p>\n<h2>Caracter\u00edsticas de la Caldera<\/h2>\n<p><iframe loading=\"lazy\" src=\"https:\/\/www.youtube.com\/embed\/HVNT5s9X-t4\" width=\"560\" height=\"315\" frameborder=\"0\" allowfullscreen=\"allowfullscreen\"><\/iframe><br \/>\n<strong>Sistema Diagnostico<\/strong><\/p>\n<p>Gracias a la tecnolog\u00eda de punta que tiene, posee incluido un Display con texto, retro iluminado para ver los diagn\u00f3sticos de las lecturas del equipo durante su funcionamiento. De manera que puedas tener el estado en el que se encuentra la caldera y modificar sus funciones seg\u00fan sean tus necesidades.<\/p>\n<p><strong>Incluye KIT de Evacuaci\u00f3n<\/strong><\/p>\n<p>Con la compra de tu calentador, podr\u00e1s tener un KIT de Evacuaci\u00f3n Horizontal 60\/100, con tubo, codo de 87\u00b0, abrazaderas y embellecedores. Cuenta con una longitud de 1,8 m. Dispone de una plantilla de instalaci\u00f3n con llaves de corte para calefacci\u00f3n, llave de entrada de agua fr\u00eda, conexi\u00f3n de agua caliente y racores de cobra para soldar.<\/p>\n<p><strong>Confort Safe<\/strong><\/p>\n<p>Este modo de funcionamiento viene siendo un sistema de emergencia, capaz de comprobar la presencia de llamas Flide. De manera que, puedas disponer del servicio sin importar la presencia de anomal\u00edas por la combusti\u00f3n que genere el equipo. Esto es con el fin de evitar aver\u00edas graves en la caldera y poder disfrutar de su uso por mucho tiempo.<\/p>\n<p><strong>Sistema electr\u00f3nico para combusti\u00f3n<\/strong><\/p>\n<p>Este viene siendo un sistema de combusti\u00f3n aire-gas, que evita encendidos y apagados por desconfiguraci\u00f3n del equipo. De manera que obtengas un ahorro en cuanto al consumo de gas. Incluye adem\u00e1s un sistema diagnostico con display con texto, para ir viendo las lecturas de datos durante su funcionamiento.<\/p>\n<p><strong>Microacumulaci\u00f3n Inteligente<\/strong><\/p>\n<p>Esta funci\u00f3n le permite al equipo una preparaci\u00f3n previa, de manera que pueda seguir trabajando con una conexi\u00f3n directa que se apoye a una instalaci\u00f3n solar. Considerada como una acci\u00f3n relativamente ecol\u00f3gica, que garantiza la preservaci\u00f3n del medio ambiente y un ahorro energ\u00e9tico de primera. Esta funci\u00f3n ya est\u00e1 preinstalada, no necesita ser configurada.<\/p>\n<h3>Ficha T\u00e9cnica de la Caldera Vaillant Ecotec Plus VMW ES 246\/5-5<\/h3>\n<table>\n<tbody>\n<tr>\n<td width=\"354\"><strong>Potencia en Calefacci\u00f3n<\/strong><\/td>\n<td width=\"354\">20 kW.<\/td>\n<\/tr>\n<tr>\n<td width=\"354\"><strong>Caudal de Agua<\/strong><\/td>\n<td width=\"354\">T25\/30\u00b0C; 13,8\/11,5 L\/min.<\/td>\n<\/tr>\n<tr>\n<td width=\"354\"><strong>Eficiencia Energ\u00e9tica<\/strong><\/td>\n<td width=\"354\">A\/XL<\/td>\n<\/tr>\n<tr>\n<td width=\"354\"><strong>Clase NOx<\/strong><\/td>\n<td width=\"354\">6<\/td>\n<\/tr>\n<tr>\n<td width=\"354\"><strong>Ventilador modulante<\/strong><\/td>\n<td width=\"354\">S\u00ed.<\/td>\n<\/tr>\n<tr>\n<td width=\"354\"><strong>Superficie a calefactar<\/strong><\/td>\n<td width=\"354\">S\u00ed.<\/td>\n<\/tr>\n<tr>\n<td width=\"354\"><strong>Potencia en ACS<\/strong><\/td>\n<td width=\"354\">24 kW<\/td>\n<\/tr>\n<\/tbody>\n<\/table>\n<p>&nbsp;<\/p>\n<h3>\u00bfPor qu\u00e9 comprar la Caldera Vaillant Ecotec Plus VMW ES 246\/5-5?<\/h3>\n<p>Esta caldera cuenta con la posibilidad de ser utilizada tanto con gas natural como propano, sin alterar sus funciones b\u00e1sicas en lo absoluto. Dispone de una micro acumulaci\u00f3n inteligente que corrige errores de funcionamiento al instante. Todo bajo un precio de oferta que solo Instaclima tiene para ti.<\/p>\n<p>Somos l\u00edderes en productos de climatizaci\u00f3n del hogar. No dejes que tu comodidad sea interrumpida y contrata solo a los mejores de Espa\u00f1a.<\/p>\n","protected":false},"excerpt":{"rendered":"<p>OFERTA <strong>Caldera Vaillant Ecotec Plus VMW ES 246\/5-5<\/strong>. Potencia en Calefacci\u00f3n 20 kW. Caudal de Agua T25\/30\u00b0C; 13,8\/11,5 L\/min. Eficiencia Energ\u00e9tica A\/XL. Compra al mejor precio el Vaillant a gas.<\/p>\n","protected":false},"featured_media":2428,"comment_status":"open","ping_status":"closed","template":"","meta":[],"etheme_brands":[],"product_brand":[],"product_cat":[59],"product_tag":[62],"class_list":{"0":"post-2380","1":"product","2":"type-product","3":"status-publish","4":"has-post-thumbnail","6":"product_cat-calderas","7":"product_tag-vaillant","9":"first","10":"instock","11":"taxable","12":"shipping-taxable","13":"purchasable","14":"product-type-simple"},"_links":{"self":[{"href":"https:\/\/www.instaclima.com\/nuevaweb\/wp-json\/wp\/v2\/product\/2380","targetHints":{"allow":["GET"]}}],"collection":[{"href":"https:\/\/www.instaclima.com\/nuevaweb\/wp-json\/wp\/v2\/product"}],"about":[{"href":"https:\/\/www.instaclima.com\/nuevaweb\/wp-json\/wp\/v2\/types\/product"}],"replies":[{"embeddable":true,"href":"https:\/\/www.instaclima.com\/nuevaweb\/wp-json\/wp\/v2\/comments?post=2380"}],"version-history":[{"count":1,"href":"https:\/\/www.instaclima.com\/nuevaweb\/wp-json\/wp\/v2\/product\/2380\/revisions"}],"predecessor-version":[{"id":2429,"href":"https:\/\/www.instaclima.com\/nuevaweb\/wp-json\/wp\/v2\/product\/2380\/revisions\/2429"}],"wp:featuredmedia":[{"embeddable":true,"href":"https:\/\/www.instaclima.com\/nuevaweb\/wp-json\/wp\/v2\/media\/2428"}],"wp:attachment":[{"href":"https:\/\/www.instaclima.com\/nuevaweb\/wp-json\/wp\/v2\/media?parent=2380"}],"wp:term":[{"taxonomy":"brand","embeddable":true,"href":"https:\/\/www.instaclima.com\/nuevaweb\/wp-json\/wp\/v2\/etheme_brands?post=2380"},{"taxonomy":"product_brand","embeddable":true,"href":"https:\/\/www.instaclima.com\/nuevaweb\/wp-json\/wp\/v2\/product_brand?post=2380"},{"taxonomy":"product_cat","embeddable":true,"href":"https:\/\/www.instaclima.com\/nuevaweb\/wp-json\/wp\/v2\/product_cat?post=2380"},{"taxonomy":"product_tag","embeddable":true,"href":"https:\/\/www.instaclima.com\/nuevaweb\/wp-json\/wp\/v2\/product_tag?post=2380"}],"curies":[{"name":"wp","href":"https:\/\/api.w.org\/{rel}","templated":true}]}}