{"id":2381,"date":"2024-10-29T20:54:57","date_gmt":"2024-10-29T19:54:57","guid":{"rendered":"https:\/\/www.instaclima.com\/nuevaweb\/?post_type=product&#038;p=2381"},"modified":"2024-10-29T20:55:04","modified_gmt":"2024-10-29T19:55:04","slug":"caldera-vaillant-ecotec-plus-vm-306-5-5","status":"publish","type":"product","link":"https:\/\/www.instaclima.com\/nuevaweb\/producto\/caldera-vaillant-ecotec-plus-vm-306-5-5\/","title":{"rendered":"Caldera Vaillant Ecotec Plus VM 306\/5-5"},"content":{"rendered":"<p>Nueva Caldera Vaillant Ecotec Plus VM 306\/5-5, solo para calefacci\u00f3n. Podr\u00e1s disponer de un conector acumulador para el agua caliente sanitaria. Su potencia de calefacci\u00f3n es 25 kW. Incluye un Display con texto para las lecturas de datos. Puede ser utilizado con gas propano y gas natural.<\/p>\n<p>Incluye tambi\u00e9n un kit de evacuaci\u00f3n con plantilla. Viene en \u00fanicamente de color blanco y posee dos a\u00f1os de garant\u00eda por parte del fabricante. Todo al mejor precio que solo podr\u00e1s encontrar en Instaclima.<\/p>\n<h2>Caracter\u00edsticas de la Caldera<\/h2>\n<p><iframe loading=\"lazy\" src=\"https:\/\/www.youtube.com\/embed\/HVNT5s9X-t4\" width=\"560\" height=\"315\" frameborder=\"0\" allowfullscreen=\"allowfullscreen\"><\/iframe><br \/>\n<strong>Incluye KIT de Evacuaci\u00f3n<\/strong><\/p>\n<p>Con la compra de tu calentador, podr\u00e1s tener un KIT de Evacuaci\u00f3n Horizontal 60\/100, con tubo, codo de 87\u00b0, abrazaderas y embellecedores. Cuenta con una longitud de 1,8 m. Dispone de una plantilla de instalaci\u00f3n con llaves de corte para calefacci\u00f3n, llave de entrada de agua fr\u00eda, conexi\u00f3n de agua caliente y racores de cobra para soldar.<\/p>\n<p><strong>Confort Safe<\/strong><\/p>\n<p>Este modo de funcionamiento viene siendo un sistema de emergencia, capaz de comprobar la presencia de llamas Flide. De manera que, puedas disponer del servicio sin importar la presencia de anomal\u00edas por la combusti\u00f3n que genere el equipo. Esto es con el fin de evitar aver\u00edas graves en la caldera y poder disfrutar de su uso por mucho tiempo.<\/p>\n<p><strong>Sensor de Presi\u00f3n<\/strong><\/p>\n<p>Este equipo cuenta con un sensor de presi\u00f3n del agua, el cual le permite regular los niveles de fluidos que se generen durante el funcionamiento de la caldera. Para brindarte total comodidad y ahorrarte problemas de fugas que podr\u00edan traer aver\u00edas al equipo en su totalidad. Sin dejar de lado su m\u00e9todo de alarma que te avisa ante cualquier anomal\u00eda.<\/p>\n<p><strong>Bomba de alta eficiencia<\/strong><\/p>\n<p>Este equipo cuenta con una bomba de alta eficiencia energ\u00e9tica, que te ofrece un ahorro energ\u00e9tico m\u00e1s potente que en su estado Stand-by. Esta gama fue una de las primeras en disponer de esta funci\u00f3n para evitar niveles de consumos el\u00e9ctrico excesivos durante su uso. Este modo ya viene adaptado y no necesita ser configurado de forma manual.<\/p>\n<p><strong>Funci\u00f3n anti hielo<\/strong><\/p>\n<p>La funci\u00f3n anti hielo que posee esta caldera, le permitir\u00e1 una protecci\u00f3n total de factores clim\u00e1ticos externos. De manera que el termostato pueda conectar al generador de calor hasta alcanzar los 5\u00b0C. si la temperatura asciende, el generador de calor se desconecta y su supervisi\u00f3n de la temperatura sigue encendida.<\/p>\n<h3>Ficha T\u00e9cnica de la Caldera Vaillant Ecotec Plus VM 306\/5-5<\/h3>\n<table>\n<tbody>\n<tr>\n<td width=\"354\"><strong>Potencia en Calefacci\u00f3n<\/strong><\/td>\n<td width=\"354\">25 kW.<\/td>\n<\/tr>\n<tr>\n<td width=\"354\"><strong>Eficiencia Energ\u00e9tica<\/strong><\/td>\n<td width=\"354\">A.<\/td>\n<\/tr>\n<tr>\n<td width=\"354\"><strong>Clase NOx<\/strong><\/td>\n<td width=\"354\">6<\/td>\n<\/tr>\n<tr>\n<td width=\"354\"><strong>Bomba<\/strong><\/td>\n<td width=\"354\">Alta Eficiencia.<\/td>\n<\/tr>\n<tr>\n<td width=\"354\"><strong>Ventilador modulante<\/strong><\/td>\n<td width=\"354\">S\u00ed.<\/td>\n<\/tr>\n<tr>\n<td width=\"354\"><strong>Superficie a calefactar<\/strong><\/td>\n<td width=\"354\">S\u00ed.<\/td>\n<\/tr>\n<tr>\n<td width=\"354\"><strong>Display<\/strong><\/td>\n<td width=\"354\">Digital con texto.<\/td>\n<\/tr>\n<\/tbody>\n<\/table>\n<p>&nbsp;<\/p>\n<h3>\u00bfPor qu\u00e9 comprar la Caldera Vaillant Ecotec Plus VM 306\/5-5?<\/h3>\n<p>Las calderas de la gama Vaillant, incluyen nuevos modos de funcionamiento adaptables a tus necesidades. Este equipo puede ser utilizado con gas propano y natural. Adem\u00e1s de tener un display digital con texto que te garantizara un monitoreo constante de las lecturas de datos. Todo a un precio de oferta en Instaclima.<\/p>\n<p>Lo mejor solo lo encontrar\u00e1s en nuestra tienda. Vis\u00edtanos o comun\u00edcate con nosotros a nuestros n\u00fameros que aparecen en pantalla. No dejes que tu comodidad sea frustrada.<\/p>\n","protected":false},"excerpt":{"rendered":"<p>OFERTA <strong>Caldera Vaillant Ecotec Plus VM 306\/5-5<\/strong>. Potencia en Calefacci\u00f3n 25 kW. Eficiencia Energ\u00e9tica A. Display Digital con texto. Compra al mejor precio el Vaillant a gas.<\/p>\n","protected":false},"featured_media":2430,"comment_status":"open","ping_status":"closed","template":"","meta":[],"etheme_brands":[],"product_brand":[],"product_cat":[59],"product_tag":[62],"class_list":{"0":"post-2381","1":"product","2":"type-product","3":"status-publish","4":"has-post-thumbnail","6":"product_cat-calderas","7":"product_tag-vaillant","9":"first","10":"instock","11":"taxable","12":"shipping-taxable","13":"purchasable","14":"product-type-simple"},"_links":{"self":[{"href":"https:\/\/www.instaclima.com\/nuevaweb\/wp-json\/wp\/v2\/product\/2381","targetHints":{"allow":["GET"]}}],"collection":[{"href":"https:\/\/www.instaclima.com\/nuevaweb\/wp-json\/wp\/v2\/product"}],"about":[{"href":"https:\/\/www.instaclima.com\/nuevaweb\/wp-json\/wp\/v2\/types\/product"}],"replies":[{"embeddable":true,"href":"https:\/\/www.instaclima.com\/nuevaweb\/wp-json\/wp\/v2\/comments?post=2381"}],"version-history":[{"count":1,"href":"https:\/\/www.instaclima.com\/nuevaweb\/wp-json\/wp\/v2\/product\/2381\/revisions"}],"predecessor-version":[{"id":2431,"href":"https:\/\/www.instaclima.com\/nuevaweb\/wp-json\/wp\/v2\/product\/2381\/revisions\/2431"}],"wp:featuredmedia":[{"embeddable":true,"href":"https:\/\/www.instaclima.com\/nuevaweb\/wp-json\/wp\/v2\/media\/2430"}],"wp:attachment":[{"href":"https:\/\/www.instaclima.com\/nuevaweb\/wp-json\/wp\/v2\/media?parent=2381"}],"wp:term":[{"taxonomy":"brand","embeddable":true,"href":"https:\/\/www.instaclima.com\/nuevaweb\/wp-json\/wp\/v2\/etheme_brands?post=2381"},{"taxonomy":"product_brand","embeddable":true,"href":"https:\/\/www.instaclima.com\/nuevaweb\/wp-json\/wp\/v2\/product_brand?post=2381"},{"taxonomy":"product_cat","embeddable":true,"href":"https:\/\/www.instaclima.com\/nuevaweb\/wp-json\/wp\/v2\/product_cat?post=2381"},{"taxonomy":"product_tag","embeddable":true,"href":"https:\/\/www.instaclima.com\/nuevaweb\/wp-json\/wp\/v2\/product_tag?post=2381"}],"curies":[{"name":"wp","href":"https:\/\/api.w.org\/{rel}","templated":true}]}}