{"id":2384,"date":"2024-10-29T20:54:57","date_gmt":"2024-10-29T19:54:57","guid":{"rendered":"https:\/\/www.instaclima.com\/nuevaweb\/?post_type=product&#038;p=2384"},"modified":"2024-10-29T20:55:05","modified_gmt":"2024-10-29T19:55:05","slug":"caldera-vaillant-ecotec-exclusive-vmw-306-5-7","status":"publish","type":"product","link":"https:\/\/www.instaclima.com\/nuevaweb\/producto\/caldera-vaillant-ecotec-exclusive-vmw-306-5-7\/","title":{"rendered":"Caldera Vaillant Ecotec Exclusive VMW 306\/5-7"},"content":{"rendered":"<p>Oferta de la Caldera Vaillant Ecotec Exclusive VMW 306\/5-7, de tipo mixta. Posee una potencia en calefacci\u00f3n de 25 kW; y una potencia de ACS 28kW. Tiene un caudal de agua caliente 17,2 l\/min. Dispone de una eficiencia energ\u00e9tica de A\/XXL. Incluye un termostato modulante inal\u00e1mbrico CALORMATIC 370F.<\/p>\n<p>Viene \u00fanicamente de color blanco, adaptable a cualquier superficie del hogar. Incluye una garant\u00eda total de dos a\u00f1os por parte de su fabricante. Lo mejor en climatizaci\u00f3n lo encontraras solo en Instaclima.<\/p>\n<h2>Caracter\u00edsticas de la Caldera<\/h2>\n<p><iframe loading=\"lazy\" src=\"https:\/\/www.youtube.com\/embed\/ZmWQ9IScPSU\" width=\"560\" height=\"315\" frameborder=\"0\" allowfullscreen=\"allowfullscreen\"><\/iframe><br \/>\n<strong>CALORMATIC 370 F<\/strong><\/p>\n<p>Este viene siendo un sistema de combusti\u00f3n aire-gas, que evita encendidos y apagados por desconfiguraci\u00f3n del equipo. De manera que obtengas un ahorro en cuanto al consumo de gas. Incluye adem\u00e1s un sistema diagnostico con display con texto, para ir viendo las lecturas de datos durante su funcionamiento.<\/p>\n<p><strong>Buena conectividad<\/strong><\/p>\n<p>Este equipo cuenta con una alta tecnolog\u00eda innovadora. Te permitir\u00e1 controlar este equipo a trav\u00e9s de tu m\u00f3vil, bajo la APP multiMATIC. Adem\u00e1s de tener servicios t\u00e9cnicos oficiales para el mantenimiento de la caldera gracias al software profiDIALOG. De manera que la tecnolog\u00eda que incluye este equipo, sea capaz de adaptarse a nuevos mecanismos tecnol\u00f3gicos.<\/p>\n<p><strong>Eficiencia Premium<\/strong><\/p>\n<p>Todos los equipos de la gama Green IQ, poseen perdidas de Stand-by reducidas. Por lo que llevan etiquetado A o superior a esta carga energ\u00e9tica. Lo que garantiza un \u00f3ptimo funcionamiento en sus sistemas de operaci\u00f3n y permite disponer de un ahorro energ\u00e9tico total, para evitar p\u00e9rdidas monetarias mensuales de gran magnitud.<\/p>\n<p><strong>Modo Ecol\u00f3gico<\/strong><\/p>\n<p>Esta caldera tiene la garant\u00eda de reciclabilidad. Por lo que todos los materiales que se consideren desechables, este equipo siga sacando provecho de ellos durante su funcionamiento. De manera que logre cuidar el ambiente, al mismo tiempo en el que protege tu salud. Todo con 100% de los materiales usados bajo fuentes responsable.<\/p>\n<p><strong>Sensor CO<\/strong><\/p>\n<p>Esta caldera dispone de un sensor CO para la combusti\u00f3n y salida de humos. Por lo que permite regular el nivel de gases en la habitaci\u00f3n, tratando de encontrar una mejor combusti\u00f3n que genere un ahorro energ\u00e9tico eficaz. Todo esto es gracias a su sistema All gas sensor. Puedes activarlo de forma manual, seg\u00fan los instructivos del equipo.<\/p>\n<p><strong>Regulador de potencia en agua<\/strong><\/p>\n<p>Esta caldera dispone de una potencia tanto de agua como de calefacci\u00f3n, que permite nivelar ambos modos seg\u00fan las condiciones de la vivienda. Se pueden adaptar ambas de forma simult\u00e1nea, sin preocuparse por derrochar energ\u00eda o sobrecargar de funciones a la caldera. Esto se puede calibrar de forma manual.<\/p>\n<h3>Ficha T\u00e9cnica de la Caldera Vaillant Ecotec Exclusive VMW 306\/5-7<\/h3>\n<table>\n<tbody>\n<tr>\n<td width=\"354\"><strong>Potencia en Calefacci\u00f3n<\/strong><\/td>\n<td width=\"354\">25 kW.<\/td>\n<\/tr>\n<tr>\n<td width=\"354\"><strong>Caudal de Agua<\/strong><\/td>\n<td width=\"354\">17,2 l\/min.<\/td>\n<\/tr>\n<tr>\n<td width=\"354\"><strong>Eficiencia Energ\u00e9tica<\/strong><\/td>\n<td width=\"354\">A\/XXL.<\/td>\n<\/tr>\n<tr>\n<td width=\"354\"><strong>Clase NOx<\/strong><\/td>\n<td width=\"354\">6.<\/td>\n<\/tr>\n<tr>\n<td width=\"354\"><strong>Sistema de combusti\u00f3n<\/strong><\/td>\n<td width=\"354\">All gas y System.<\/td>\n<\/tr>\n<tr>\n<td width=\"354\"><strong>Conexi\u00f3n electrica<\/strong><\/td>\n<td width=\"354\">ProE.<\/td>\n<\/tr>\n<tr>\n<td width=\"354\"><strong>Superficie a Calefactar<\/strong><\/td>\n<td width=\"354\">S\u00ed.<\/td>\n<\/tr>\n<tr>\n<td width=\"354\"><strong>Potencia en ACS<\/strong><\/td>\n<td width=\"354\">28 kW.<\/td>\n<\/tr>\n<\/tbody>\n<\/table>\n<p>&nbsp;<\/p>\n<h3>\u00bfPor qu\u00e9 comprar la Caldera Vaillant Ecotec Exclusive VMW 306\/5-7?<\/h3>\n<p>La caldera est\u00e1 dise\u00f1ada para adaptarse a cualquier tecnolog\u00eda existente gracias a sus sistemas operativos. Cuenta con funciones ecol\u00f3gicas para evitar el derrocamiento de recursos naturales durante su funcionamiento. Adem\u00e1s de incluir la opci\u00f3n de conectarse a trav\u00e9s del m\u00f3vil por medio de una aplicaci\u00f3n.<\/p>\n<p>Este equipo podr\u00e1s obtenerlo a precios de oferta en nuestra tienda Instaclima. No dejes pasar una oportunidad como esta y d\u00e9janos en nuestras manos tu comodidad.<\/p>\n","protected":false},"excerpt":{"rendered":"<p>OFERTA <strong>Caldera Vaillant Ecotec Exclusive VMW 306\/5-7<\/strong>. Potencia en Calefacci\u00f3n 25 kW. Caudal de Agua 17,2 l\/min. Eficiencia Energ\u00e9tica A\/XXL. Potencia en ACS 28 kW. Compra al mejor precio el Vaillant a gas.<\/p>\n","protected":false},"featured_media":2436,"comment_status":"open","ping_status":"closed","template":"","meta":[],"etheme_brands":[],"product_brand":[],"product_cat":[59],"product_tag":[62],"class_list":{"0":"post-2384","1":"product","2":"type-product","3":"status-publish","4":"has-post-thumbnail","6":"product_cat-calderas","7":"product_tag-vaillant","9":"first","10":"instock","11":"taxable","12":"shipping-taxable","13":"purchasable","14":"product-type-simple"},"_links":{"self":[{"href":"https:\/\/www.instaclima.com\/nuevaweb\/wp-json\/wp\/v2\/product\/2384","targetHints":{"allow":["GET"]}}],"collection":[{"href":"https:\/\/www.instaclima.com\/nuevaweb\/wp-json\/wp\/v2\/product"}],"about":[{"href":"https:\/\/www.instaclima.com\/nuevaweb\/wp-json\/wp\/v2\/types\/product"}],"replies":[{"embeddable":true,"href":"https:\/\/www.instaclima.com\/nuevaweb\/wp-json\/wp\/v2\/comments?post=2384"}],"version-history":[{"count":1,"href":"https:\/\/www.instaclima.com\/nuevaweb\/wp-json\/wp\/v2\/product\/2384\/revisions"}],"predecessor-version":[{"id":2437,"href":"https:\/\/www.instaclima.com\/nuevaweb\/wp-json\/wp\/v2\/product\/2384\/revisions\/2437"}],"wp:featuredmedia":[{"embeddable":true,"href":"https:\/\/www.instaclima.com\/nuevaweb\/wp-json\/wp\/v2\/media\/2436"}],"wp:attachment":[{"href":"https:\/\/www.instaclima.com\/nuevaweb\/wp-json\/wp\/v2\/media?parent=2384"}],"wp:term":[{"taxonomy":"brand","embeddable":true,"href":"https:\/\/www.instaclima.com\/nuevaweb\/wp-json\/wp\/v2\/etheme_brands?post=2384"},{"taxonomy":"product_brand","embeddable":true,"href":"https:\/\/www.instaclima.com\/nuevaweb\/wp-json\/wp\/v2\/product_brand?post=2384"},{"taxonomy":"product_cat","embeddable":true,"href":"https:\/\/www.instaclima.com\/nuevaweb\/wp-json\/wp\/v2\/product_cat?post=2384"},{"taxonomy":"product_tag","embeddable":true,"href":"https:\/\/www.instaclima.com\/nuevaweb\/wp-json\/wp\/v2\/product_tag?post=2384"}],"curies":[{"name":"wp","href":"https:\/\/api.w.org\/{rel}","templated":true}]}}