{"id":2389,"date":"2024-10-29T20:54:58","date_gmt":"2024-10-29T19:54:58","guid":{"rendered":"https:\/\/www.instaclima.com\/nuevaweb\/?post_type=product&#038;p=2389"},"modified":"2024-10-29T20:55:07","modified_gmt":"2024-10-29T19:55:07","slug":"junkers-cerapur-smart-zwb-28-3c-precio","status":"publish","type":"product","link":"https:\/\/www.instaclima.com\/nuevaweb\/producto\/junkers-cerapur-smart-zwb-28-3c-precio\/","title":{"rendered":"Junkers Cerapur Smart ZWB 28-3c Precio"},"content":{"rendered":"<p>Aqu\u00ed en Instaclima, nuestra <a href=\"https:\/\/www.instaclima.com\">tienda online de climatizaci\u00f3n<\/a>, se encuentra disponible la Caldera Junkers Cerapur Smart ZWB 28-3C. Posee una potencia de calefacci\u00f3n 28 Kw; y una potencia de ACS 22 Kw. Incluye una bomba de alta eficiencia, adaptable a los estatutos ERP. Dispone de un ventilador modulante tanto para agua como para calefacci\u00f3n.<\/p>\n<p>Se pueden colocar en instalaciones que posean gas propano. Tiene dos a\u00f1os de garant\u00eda por parte del fabricante. Disponible a un precio muy accesible que solo podr\u00e1s encontrar en nuestra tienda.<\/p>\n<h2>Caracter\u00edsticas de la Caldera<\/h2>\n<p><iframe loading=\"lazy\" src=\"https:\/\/www.youtube.com\/embed\/3P6K9MUABEg\" width=\"560\" height=\"315\" frameborder=\"0\" allowfullscreen=\"allowfullscreen\"><\/iframe><br \/>\n<strong>Electr\u00f3nica Heatronic 3<\/strong><\/p>\n<p>Incluye una electr\u00f3nica Heatronic 3 con BUS, con dos cables para la conexi\u00f3n de controladores. Posee una funci\u00f3n con agua recalentada a trav\u00e9s de sistemas solares. Esta funci\u00f3n permite el control de ionizaci\u00f3n y de las electrov\u00e1lvulas.<\/p>\n<p><strong>Calefacci\u00f3n por suelo radiante<\/strong><\/p>\n<p>Funci\u00f3n que se activa de forma inteligente en la bomba de calefacci\u00f3n, mediante la conexi\u00f3n programada de calefacci\u00f3n que se gu\u00eda por condiciones solamente clim\u00e1ticas. Dicha bomba dispone de 3 velocidades y purgador. Incluye una v\u00e1lvula de seguridad, vaso de expansi\u00f3n, man\u00f3metro y v\u00e1lvulas motorizadas de 3 v\u00edas.<\/p>\n<p><strong>Tecla Eco<\/strong><\/p>\n<p>Funci\u00f3n que se activa de forma manual, pulsando la tecla Eco. Autom\u00e1ticamente aparecer\u00e1n dos modos de funcionamiento como \u201cConfort\u201d, donde se mantiene la temperatura ajustada contantemente; y \u201cEco\u201d, que se activa a trav\u00e9s de la gran cantidad de agua que se produzca durante su uso.<\/p>\n<p><strong>100% Ecol\u00f3gicas<\/strong><\/p>\n<p>Posee una funci\u00f3n ecol\u00f3gica que recupera el vapor de la combusti\u00f3n para transformarlo en energ\u00eda renovable. De manera que proteja los recursos naturales y genere un ahorro energ\u00e9tico efectivo. Adem\u00e1s de cumplir con la normativa RITE.<\/p>\n<h3>Ficha T\u00e9cnica de la Caldera Junkers Cerapur Smart ZWB 28-3C<\/h3>\n<table>\n<tbody>\n<tr>\n<td width=\"354\"><strong>Potencia de Calefacci\u00f3n<\/strong><\/td>\n<td width=\"354\">28 kW.<\/td>\n<\/tr>\n<tr>\n<td width=\"354\"><strong>Caudal de Agua<\/strong><\/td>\n<td width=\"354\">17 l\/min. AT25\u00b0C.<\/td>\n<\/tr>\n<tr>\n<td width=\"354\"><strong>Tipo Producci\u00f3n<\/strong><\/td>\n<td width=\"354\">Quick Tap.<\/td>\n<\/tr>\n<tr>\n<td width=\"354\"><strong>Display<\/strong><\/td>\n<td width=\"354\">Multifuncional.<\/td>\n<\/tr>\n<tr>\n<td width=\"354\"><strong>C\u00e1mara de combusti\u00f3n<\/strong><\/td>\n<td width=\"354\">Condensaci\u00f3n.<\/td>\n<\/tr>\n<tr>\n<td width=\"354\"><strong>Ventilador<\/strong><\/td>\n<td width=\"354\">Modulante.<\/td>\n<\/tr>\n<tr>\n<td width=\"354\"><strong>Superficie a calefactar<\/strong><\/td>\n<td width=\"354\">S\u00ed.<\/td>\n<\/tr>\n<tr>\n<td width=\"354\"><strong>Potencia de ACS<\/strong><\/td>\n<td width=\"354\">22 kW.<\/td>\n<\/tr>\n<\/tbody>\n<\/table>\n<h3>\u00bfPor qu\u00e9 comprar la Caldera Junkers Cerapur Smart ZWB 28-3C?<\/h3>\n<p>Esta caldera posee nuevos modos de funcionamiento inteligentes, los cuales se activan a trav\u00e9s de la Tecla Eco. Incluye v\u00e1lvulas de 3 v\u00edas motorizadas, junto con un vaso de expansi\u00f3n y man\u00f3metro para obtener una funci\u00f3n \u00f3ptima. Adem\u00e1s, se encuentra bajo una relaci\u00f3n de calidad-precio que solo podr\u00e1s encontrar en Instaclima.<\/p>\n<p>&nbsp;<\/p>\n","protected":false},"excerpt":{"rendered":"<p>OFERTA <strong>Caldera Junkers Cerapur Smart ZWB 28-3C<\/strong>. Potencia de Calefacci\u00f3n 28 kW. Caudal de Agua 17 l\/min. AT25\u00b0C. Tipo Producci\u00f3n Quick Tap. Potencia de ACS 22 kW. Compra la mejor precio el Junkers a gas.<\/p>\n","protected":false},"featured_media":2446,"comment_status":"open","ping_status":"closed","template":"","meta":[],"etheme_brands":[],"product_brand":[],"product_cat":[59],"product_tag":[79],"class_list":{"0":"post-2389","1":"product","2":"type-product","3":"status-publish","4":"has-post-thumbnail","6":"product_cat-calderas","7":"product_tag-calderas-junkers","9":"first","10":"outofstock","11":"featured","12":"taxable","13":"shipping-taxable","14":"purchasable","15":"product-type-simple"},"_links":{"self":[{"href":"https:\/\/www.instaclima.com\/nuevaweb\/wp-json\/wp\/v2\/product\/2389","targetHints":{"allow":["GET"]}}],"collection":[{"href":"https:\/\/www.instaclima.com\/nuevaweb\/wp-json\/wp\/v2\/product"}],"about":[{"href":"https:\/\/www.instaclima.com\/nuevaweb\/wp-json\/wp\/v2\/types\/product"}],"replies":[{"embeddable":true,"href":"https:\/\/www.instaclima.com\/nuevaweb\/wp-json\/wp\/v2\/comments?post=2389"}],"version-history":[{"count":1,"href":"https:\/\/www.instaclima.com\/nuevaweb\/wp-json\/wp\/v2\/product\/2389\/revisions"}],"predecessor-version":[{"id":2447,"href":"https:\/\/www.instaclima.com\/nuevaweb\/wp-json\/wp\/v2\/product\/2389\/revisions\/2447"}],"wp:featuredmedia":[{"embeddable":true,"href":"https:\/\/www.instaclima.com\/nuevaweb\/wp-json\/wp\/v2\/media\/2446"}],"wp:attachment":[{"href":"https:\/\/www.instaclima.com\/nuevaweb\/wp-json\/wp\/v2\/media?parent=2389"}],"wp:term":[{"taxonomy":"brand","embeddable":true,"href":"https:\/\/www.instaclima.com\/nuevaweb\/wp-json\/wp\/v2\/etheme_brands?post=2389"},{"taxonomy":"product_brand","embeddable":true,"href":"https:\/\/www.instaclima.com\/nuevaweb\/wp-json\/wp\/v2\/product_brand?post=2389"},{"taxonomy":"product_cat","embeddable":true,"href":"https:\/\/www.instaclima.com\/nuevaweb\/wp-json\/wp\/v2\/product_cat?post=2389"},{"taxonomy":"product_tag","embeddable":true,"href":"https:\/\/www.instaclima.com\/nuevaweb\/wp-json\/wp\/v2\/product_tag?post=2389"}],"curies":[{"name":"wp","href":"https:\/\/api.w.org\/{rel}","templated":true}]}}