{"id":2469,"date":"2024-10-29T20:55:09","date_gmt":"2024-10-29T19:55:09","guid":{"rendered":"https:\/\/www.instaclima.com\/nuevaweb\/?post_type=product&#038;p=2469"},"modified":"2024-10-29T20:55:18","modified_gmt":"2024-10-29T19:55:18","slug":"caldera-ferroli-bluehelix-tech-35-a","status":"publish","type":"product","link":"https:\/\/www.instaclima.com\/nuevaweb\/producto\/caldera-ferroli-bluehelix-tech-35-a\/","title":{"rendered":"Caldera Ferroli Bluehelix Tech 35 A"},"content":{"rendered":"<p>Disponible en Instaclima la Caldera Ferroli Bluehelix Tech 35 A, de gas condensado. Posee una potencia en calefacci\u00f3n de 36,7 kW. Tiene una capacidad energ\u00e9tica A. posibilidad de ser utilizada como caldera mixta a trav\u00e9s de un acumulador exterior. Incluye un kit de salida de gases.<\/p>\n<p>Posee dos a\u00f1os de garant\u00eda por parte del fabricante. Disponible a un precio exclusivo de temporada solo en Instaclima.<\/p>\n<h2>Caracter\u00edsticas de la Caldera<\/h2>\n<p><iframe loading=\"lazy\" src=\"https:\/\/www.youtube.com\/embed\/QtRkw4dpI0U\" width=\"560\" height=\"315\" frameborder=\"0\" allowfullscreen=\"allowfullscreen\"><\/iframe><br \/>\n<strong>Kit de salida de gases<\/strong><\/p>\n<p>Con la compra de esta caldera, puedes solicitar el kit de salida de gases en precio con las opciones de salida est\u00e1ndar o para reposici\u00f3n. Estos sirven para evitar gases contaminantes durante su uso. Cuenta con unas medidas 60\/100 mm, codo de 90\u00b0 con brida y tubo coaxial de 1m con deflector.<\/p>\n<p><strong>C\u00e1mara de premezcla<\/strong><\/p>\n<p>Esta caldera incluye una c\u00e1mara de pre mezcla. Esta se encarga de mezclar el agua que posea la caldera para nivelar los niveles t\u00e9rmicos y permitirte disponer de agua caliente sanitaria una vez abras el grifo. No tendr\u00e1s que esperar horas para obtener agua caliente ni derrochar agua o energ\u00eda.<\/p>\n<p><strong>Bomba de alta eficiencia<\/strong><\/p>\n<p>Este equipo tiene una bomba de alta eficiencia energ\u00e9tica seg\u00fan la normativa ERP desde septiembre del 2015. Puede ser utilizada como caldera mixta, mientras se disponga de un acumulador de exterior.<\/p>\n<h3>Ficha T\u00e9cnica de la Caldera Ferroli Bluehelix Tech 35 A<\/h3>\n<table>\n<tbody>\n<tr>\n<td width=\"354\"><strong>Potencia en Calefacci\u00f3n<\/strong><\/td>\n<td width=\"354\">36,7 kW.<\/td>\n<\/tr>\n<tr>\n<td width=\"354\"><strong>Tipo de Gas<\/strong><\/td>\n<td width=\"354\">Natural\/Propano.<\/td>\n<\/tr>\n<tr>\n<td width=\"354\"><strong>Eficiencia Energ\u00e9tica<\/strong><\/td>\n<td width=\"354\">A.<\/td>\n<\/tr>\n<tr>\n<td width=\"354\"><strong>T\u00b0 Gases Quemados<\/strong><\/td>\n<td width=\"354\">80\u00b0C\/60\u00b0C\/62\u00b0C.<\/td>\n<\/tr>\n<tr>\n<td width=\"354\"><strong>Clase NOx<\/strong><\/td>\n<td width=\"354\">5.<\/td>\n<\/tr>\n<tr>\n<td width=\"354\"><strong>Cantidad de Condensados<\/strong><\/td>\n<td width=\"354\">3,7 kg\/h.<\/td>\n<\/tr>\n<tr>\n<td width=\"354\"><strong>Distancia Max. Salida de Gases Quemados<\/strong><\/td>\n<td width=\"354\">60\/100 \u2013 7mm.<\/td>\n<\/tr>\n<tr>\n<td width=\"354\"><strong>Superficie a Calefactar<\/strong><\/td>\n<td width=\"354\">S\u00ed.<\/td>\n<\/tr>\n<\/tbody>\n<\/table>\n<p>&nbsp;<\/p>\n<h3>\u00bfPor qu\u00e9 comprar la Caldera Ferroli Bluehelix Tech 35 A?<\/h3>\n<p>Esta caldera puede ser adaptada en una funci\u00f3n mixta, con la inclusi\u00f3n de un acumulador de exterior. Incluye con la compra un kit de salida de gases que puedes solicitarlo en su presentaci\u00f3n est\u00e1ndar o para reposici\u00f3n. Un equipo de primera que encontraras a un precio totalmente accesible en nuestra tienda Instaclima.<\/p>\n","protected":false},"excerpt":{"rendered":"<p>OFERTA \u00a0<strong>Caldera Ferroli Blueheli Tech 35 A<\/strong>. Potencia en Calefacci\u00f3n 36,7 kW. Tipo de Gas Natural\/Propano. Eficiencia Energ\u00e9tica A. T\u00b0 Gases Quemados 80\u00b0C\/60\u00b0C\/62\u00b0C. Compra al mejor precio el Ferroli a gas.<\/p>\n","protected":false},"featured_media":2515,"comment_status":"open","ping_status":"closed","template":"","meta":[],"etheme_brands":[],"product_brand":[],"product_cat":[59],"product_tag":[60],"class_list":{"0":"post-2469","1":"product","2":"type-product","3":"status-publish","4":"has-post-thumbnail","6":"product_cat-calderas","7":"product_tag-ferroli","9":"first","10":"instock","11":"taxable","12":"shipping-taxable","13":"purchasable","14":"product-type-simple"},"_links":{"self":[{"href":"https:\/\/www.instaclima.com\/nuevaweb\/wp-json\/wp\/v2\/product\/2469","targetHints":{"allow":["GET"]}}],"collection":[{"href":"https:\/\/www.instaclima.com\/nuevaweb\/wp-json\/wp\/v2\/product"}],"about":[{"href":"https:\/\/www.instaclima.com\/nuevaweb\/wp-json\/wp\/v2\/types\/product"}],"replies":[{"embeddable":true,"href":"https:\/\/www.instaclima.com\/nuevaweb\/wp-json\/wp\/v2\/comments?post=2469"}],"version-history":[{"count":1,"href":"https:\/\/www.instaclima.com\/nuevaweb\/wp-json\/wp\/v2\/product\/2469\/revisions"}],"predecessor-version":[{"id":2516,"href":"https:\/\/www.instaclima.com\/nuevaweb\/wp-json\/wp\/v2\/product\/2469\/revisions\/2516"}],"wp:featuredmedia":[{"embeddable":true,"href":"https:\/\/www.instaclima.com\/nuevaweb\/wp-json\/wp\/v2\/media\/2515"}],"wp:attachment":[{"href":"https:\/\/www.instaclima.com\/nuevaweb\/wp-json\/wp\/v2\/media?parent=2469"}],"wp:term":[{"taxonomy":"brand","embeddable":true,"href":"https:\/\/www.instaclima.com\/nuevaweb\/wp-json\/wp\/v2\/etheme_brands?post=2469"},{"taxonomy":"product_brand","embeddable":true,"href":"https:\/\/www.instaclima.com\/nuevaweb\/wp-json\/wp\/v2\/product_brand?post=2469"},{"taxonomy":"product_cat","embeddable":true,"href":"https:\/\/www.instaclima.com\/nuevaweb\/wp-json\/wp\/v2\/product_cat?post=2469"},{"taxonomy":"product_tag","embeddable":true,"href":"https:\/\/www.instaclima.com\/nuevaweb\/wp-json\/wp\/v2\/product_tag?post=2469"}],"curies":[{"name":"wp","href":"https:\/\/api.w.org\/{rel}","templated":true}]}}