{"id":2470,"date":"2024-10-29T20:55:09","date_gmt":"2024-10-29T19:55:09","guid":{"rendered":"https:\/\/www.instaclima.com\/nuevaweb\/?post_type=product&#038;p=2470"},"modified":"2024-10-29T20:55:19","modified_gmt":"2024-10-29T19:55:19","slug":"caldera-ferroli-bluehelix-tech-rrt-34c","status":"publish","type":"product","link":"https:\/\/www.instaclima.com\/nuevaweb\/producto\/caldera-ferroli-bluehelix-tech-rrt-34c\/","title":{"rendered":"Caldera Ferroli Bluehelix Tech RRT 34C"},"content":{"rendered":"<p>Instaclima tiene disponible la Caldera Ferroli Bluehelix Tech RRT 34C, de condensaci\u00f3n. Posee una potencia en calefacci\u00f3n de 34 kW. Tiene un caudal de agua de 19,5 l\/min. Dispone de una capacidad energ\u00e9tica A para calefacci\u00f3n y de ACS XL. Posee un intercambiador de placa en acero inoxidable y una c\u00e1mara estanca.<\/p>\n<p>Tiene dos a\u00f1os de garant\u00eda por parte de su fabricante. Podr\u00e1s obtenerla a un precio totalmente accesible en nuestra tienda Instaclima.<\/p>\n<h2>Caracter\u00edsticas de la Caldera<\/h2>\n<p><iframe loading=\"lazy\" src=\"https:\/\/www.youtube.com\/embed\/QtRkw4dpI0U\" width=\"560\" height=\"315\" frameborder=\"0\" allowfullscreen=\"allowfullscreen\"><\/iframe><br \/>\n<strong>Sistema inteligente Gas Adaptable<\/strong><\/p>\n<p>Este sistema de gas adaptable, cumple la funci\u00f3n de inspeccionar y optimizar de forma autom\u00e1tica la combusti\u00f3n durante el funcionamiento del equipo. De manera que se puedan ver las condiciones de entrada de aire y gas que son muy variantes.<\/p>\n<p><strong>Kit de salida de gases<\/strong><\/p>\n<p>Con la compra de este equipo, podr\u00e1s disponer de un kit de salida de gases est\u00e1ndar. Compuesto por un codo de 90\u00b0 con brida y un tubo coaxial de 1m aproximadamente con deflector.<\/p>\n<p><strong>Modo Comfort<\/strong><\/p>\n<p>Este modo de funcionamiento tiene la capacidad de producir agua caliente sanitaria de forma m\u00e1s r\u00e1pida. Una vez que se active este modo, la temperatura del agua estar\u00e1 de forma prefijada para reducir la espera de agua caliente una vez que se abra el grifo. Un m\u00e9todo de ahorro muy efectivo.<\/p>\n<p><strong>Display con indicadores<\/strong><\/p>\n<p>Este equipo posee un panel de control con un display que posee varios indicadores de lecturas, entre esas, la cantidad de agua y gas que se va utilizando, los niveles t\u00e9rmicos y seleccionar los modos de invierno o verano con solo oprimir las teclas de rearme.<\/p>\n<p><strong>C\u00e1mara Estanca<\/strong><\/p>\n<p>La caldera dispone de una c\u00e1mara de estanca para instalarse tanto en interiores como en exteriores. en el caso de colocarlo en exteriores, debe encontrarse parcialmente protegido seg\u00fan la norma EN 15502 y no estar expuestos a temperaturas de -5\u00b0C.<\/p>\n<h3>Ficha T\u00e9cnica de la Caldera Ferroli Bluehelix Tech RRT 34C<\/h3>\n<table>\n<tbody>\n<tr>\n<td width=\"354\"><strong>Potencia en Calefacci\u00f3n<\/strong><\/td>\n<td width=\"354\">34 kW.<\/td>\n<\/tr>\n<tr>\n<td width=\"354\"><strong>Caudal de ACS<\/strong><\/td>\n<td width=\"354\">19,5 l\/min.<\/td>\n<\/tr>\n<tr>\n<td width=\"354\"><strong>Eficiencia Energ\u00e9tica<\/strong><\/td>\n<td width=\"354\">A\/XL.<\/td>\n<\/tr>\n<tr>\n<td width=\"354\"><strong>Potencia de ACS<\/strong><\/td>\n<td width=\"354\">34,7 kW.<\/td>\n<\/tr>\n<tr>\n<td width=\"354\"><strong>Clase NOx<\/strong><\/td>\n<td width=\"354\">6.<\/td>\n<\/tr>\n<tr>\n<td width=\"354\"><strong>Capacidad del vaso de expansi\u00f3n<\/strong><\/td>\n<td width=\"354\">10 Litros.<\/td>\n<\/tr>\n<tr>\n<td width=\"354\"><strong>Tensi\u00f3n de alimentaci\u00f3n<\/strong><\/td>\n<td width=\"354\">230 V.<\/td>\n<\/tr>\n<tr>\n<td width=\"354\"><strong>Superficie a Calefactar<\/strong><\/td>\n<td width=\"354\">S\u00ed<\/td>\n<\/tr>\n<\/tbody>\n<\/table>\n<p>&nbsp;<\/p>\n<h3>\u00bfPor qu\u00e9 comprar la Caldera Ferroli Bluehelix Tech RRT 34C?<\/h3>\n<p>Esta caldera posee modos de funcionamiento autom\u00e1ticos adaptables de forma autom\u00e1tica, para garantizarte un servicio de primera y acciones m\u00e1s r\u00e1pidas que las calderas comunes. Te garantiza un ahorro energ\u00e9tico y de recursos para reducir los gastos de consumo en el hogar. Incluso podr\u00e1s obtenerla a un precio de oferta en nuestra tienda Instaclima.<\/p>\n","protected":false},"excerpt":{"rendered":"<p>OFERTA <strong>Caldera Ferroli Bluehelix Tech RRT 34C<\/strong>. Potencia en Calefacci\u00f3n 34 kW. Caudal de ACS 19,5 l\/min. Eficiencia Energ\u00e9tica A\/XL. Potencia de ACS 34,7 kW. Compra al mejor precio el Ferroli a gas.<\/p>\n","protected":false},"featured_media":2517,"comment_status":"open","ping_status":"closed","template":"","meta":[],"etheme_brands":[],"product_brand":[],"product_cat":[59],"product_tag":[60],"class_list":{"0":"post-2470","1":"product","2":"type-product","3":"status-publish","4":"has-post-thumbnail","6":"product_cat-calderas","7":"product_tag-ferroli","9":"first","10":"instock","11":"taxable","12":"shipping-taxable","13":"purchasable","14":"product-type-simple"},"_links":{"self":[{"href":"https:\/\/www.instaclima.com\/nuevaweb\/wp-json\/wp\/v2\/product\/2470","targetHints":{"allow":["GET"]}}],"collection":[{"href":"https:\/\/www.instaclima.com\/nuevaweb\/wp-json\/wp\/v2\/product"}],"about":[{"href":"https:\/\/www.instaclima.com\/nuevaweb\/wp-json\/wp\/v2\/types\/product"}],"replies":[{"embeddable":true,"href":"https:\/\/www.instaclima.com\/nuevaweb\/wp-json\/wp\/v2\/comments?post=2470"}],"version-history":[{"count":1,"href":"https:\/\/www.instaclima.com\/nuevaweb\/wp-json\/wp\/v2\/product\/2470\/revisions"}],"predecessor-version":[{"id":2518,"href":"https:\/\/www.instaclima.com\/nuevaweb\/wp-json\/wp\/v2\/product\/2470\/revisions\/2518"}],"wp:featuredmedia":[{"embeddable":true,"href":"https:\/\/www.instaclima.com\/nuevaweb\/wp-json\/wp\/v2\/media\/2517"}],"wp:attachment":[{"href":"https:\/\/www.instaclima.com\/nuevaweb\/wp-json\/wp\/v2\/media?parent=2470"}],"wp:term":[{"taxonomy":"brand","embeddable":true,"href":"https:\/\/www.instaclima.com\/nuevaweb\/wp-json\/wp\/v2\/etheme_brands?post=2470"},{"taxonomy":"product_brand","embeddable":true,"href":"https:\/\/www.instaclima.com\/nuevaweb\/wp-json\/wp\/v2\/product_brand?post=2470"},{"taxonomy":"product_cat","embeddable":true,"href":"https:\/\/www.instaclima.com\/nuevaweb\/wp-json\/wp\/v2\/product_cat?post=2470"},{"taxonomy":"product_tag","embeddable":true,"href":"https:\/\/www.instaclima.com\/nuevaweb\/wp-json\/wp\/v2\/product_tag?post=2470"}],"curies":[{"name":"wp","href":"https:\/\/api.w.org\/{rel}","templated":true}]}}