{"id":2475,"date":"2024-10-29T20:55:09","date_gmt":"2024-10-29T19:55:09","guid":{"rendered":"https:\/\/www.instaclima.com\/nuevaweb\/?post_type=product&#038;p=2475"},"modified":"2024-10-29T20:55:20","modified_gmt":"2024-10-29T19:55:20","slug":"radiador-aluminio-ferroli-europa-450-c","status":"publish","type":"product","link":"https:\/\/www.instaclima.com\/nuevaweb\/producto\/radiador-aluminio-ferroli-europa-450-c\/","title":{"rendered":"Radiador Aluminio Ferroli EUROPA 450 C"},"content":{"rendered":"<p>Disponible el Radiador Aluminio Ferroli EUROPA 450 C, con distancia entre ejes de 35 cm. Tiene una conexi\u00f3n de 1\u201d de di\u00e1metro. Posee un contenido de agua de 0.31 L. Su temperatura m\u00e1xima es de 110\u00b0C. dispone de una emisi\u00f3n t\u00e9rmica de 50\u00b0C, 60\u00b0C y 40\u00b0C. Adem\u00e1s de una emisi\u00f3n de temperatura baja de 30\u00b0C<\/p>\n<p>Dispone de dos a\u00f1os de garant\u00eda por parte del fabricante. Obtenlo al mejor precio en nuestra tienda Instaclima.<\/p>\n<h2>Caracter\u00edsticas del Radiador<\/h2>\n<p><iframe loading=\"lazy\" src=\"https:\/\/www.youtube.com\/embed\/51J65O40Omg\" width=\"560\" height=\"315\" frameborder=\"0\" allowfullscreen=\"allowfullscreen\"><\/iframe><br \/>\n<strong>Resinas Epoxi polimerizadas<\/strong><\/p>\n<p>Las resinas Epoxi polimerizadas, permiten garantizarte una protecci\u00f3n total del equipo para una m\u00e1xima duraci\u00f3n. Cada elemento es cuidadosamente pintado uno a uno. Incluye unas bater\u00edas que poseen 2 o 14 elementos. Donde protectores laterales de cart\u00f3n y funda de pl\u00e1stico los protegen ante cualquier factor externo.<\/p>\n<p><strong>Sistema de Junta El\u00e1stica<\/strong><\/p>\n<p>Este equipo cuenta con un sistema de junta el\u00e1stica, que permite otorgarle una estanquidad total. Cada elemento es probado y se colocan en forma de bater\u00eda con unas dimensiones de 9 kg\/cm2.<\/p>\n<p><strong>Instalaciones de baja temperatura<\/strong><\/p>\n<p>Podr\u00e1s colocar este equipo en instalaciones de baja temperatura. Ya que dispone de una transmisi\u00f3n t\u00e9rmica de aluminio, logrando una posibilidad de emisi\u00f3n t\u00e9rmica m\u00e1s fuerte que otros radiadores.<\/p>\n<p><strong>Dise\u00f1o plano sin aberturas<\/strong><\/p>\n<p>Este radiador cuenta con un dise\u00f1o plano sin aberturas, que est\u00e1 elaborado con aleaciones especiales que son resistente a factores externos que causan la corrosi\u00f3n en estos equipos. De manera que te garantiza una m\u00e1xima duraci\u00f3n y funcionamiento \u00f3ptimo, adem\u00e1s de una limpieza total.<\/p>\n<h3>Ficha T\u00e9cnica del Radiador Aluminio Ferroli EUROPA 450 C<\/h3>\n<h3><\/h3>\n<table width=\"708\">\n<tbody>\n<tr>\n<td width=\"354\"><strong>Emisi\u00f3n T\u00e9rmica AT 50\u00b0C<\/strong><\/td>\n<td width=\"354\">89,2 W\/76,7 kcal\/h.<\/td>\n<\/tr>\n<tr>\n<td width=\"354\"><strong>Emisi\u00f3n T\u00e9rmica AT 60\u00b0C<\/strong><\/td>\n<td width=\"354\">112,7 W\/96,9 kcal\/h.<\/td>\n<\/tr>\n<tr>\n<td width=\"354\"><strong>Emisi\u00f3n T\u00e9rmica AT 40\u00b0C<\/strong><\/td>\n<td width=\"354\">67,1 W\/57,7 kcal\/h.<\/td>\n<\/tr>\n<tr>\n<td width=\"354\"><strong>Emisi\u00f3n Baja de Temperatura AT 30\u00b0C<\/strong><\/td>\n<td width=\"354\">46,46 kW\/39,96 kcal\/h.<\/td>\n<\/tr>\n<tr>\n<td width=\"354\"><strong>Contenido de Agua<\/strong><\/td>\n<td width=\"354\">0,31 L.<\/td>\n<\/tr>\n<tr>\n<td width=\"354\"><strong>Temperatura Max. De Funcionamiento<\/strong><\/td>\n<td width=\"354\">110\u00b0C.<\/td>\n<\/tr>\n<tr>\n<td width=\"354\"><strong>Conexiones<\/strong><\/td>\n<td width=\"354\">1\u201d de Di\u00e1metro.<\/td>\n<\/tr>\n<tr>\n<td width=\"354\"><strong>Superficie a Calefactar<\/strong><\/td>\n<td width=\"354\">S\u00ed.<\/td>\n<\/tr>\n<\/tbody>\n<\/table>\n<p>&nbsp;<\/p>\n<h3>\u00bfPor qu\u00e9 comprar el Radiador Aluminio Ferroli EUROPA 450 C?<\/h3>\n<p>Este radiador es uno de los m\u00e1s completos de su gama. No tendr\u00e1s dificultades para instalarlo o realizarle su mantenimiento de limpieza reglamentario. Adem\u00e1s de poseer lo \u00faltimo en tecnolog\u00eda avanzada para brindarte un servicio de primero. Podr\u00e1s obtener este gran equipo a un precio de temporada solo en Instaclima.<\/p>\n","protected":false},"excerpt":{"rendered":"<p>OFERTA <strong>Radiador Aluminio Ferroli EUROPA 450 C<\/strong>. Emisi\u00f3n Baja de Temperatura AT 30\u00b0C 46,46 kW\/39,96 kcal\/h. Contenido de Agua 0,31 L. Temperatura Max. De Funcionamiento 110\u00b0C. Conexiones 1\u201d de Di\u00e1metro. Compra al mejor precio el Radiador Ferroli.<\/p>\n","protected":false},"featured_media":2527,"comment_status":"open","ping_status":"closed","template":"","meta":[],"etheme_brands":[],"product_brand":[],"product_cat":[82],"product_tag":[60],"class_list":{"0":"post-2475","1":"product","2":"type-product","3":"status-publish","4":"has-post-thumbnail","6":"product_cat-radiadores","7":"product_tag-ferroli","9":"first","10":"instock","11":"taxable","12":"shipping-taxable","13":"purchasable","14":"product-type-simple"},"_links":{"self":[{"href":"https:\/\/www.instaclima.com\/nuevaweb\/wp-json\/wp\/v2\/product\/2475","targetHints":{"allow":["GET"]}}],"collection":[{"href":"https:\/\/www.instaclima.com\/nuevaweb\/wp-json\/wp\/v2\/product"}],"about":[{"href":"https:\/\/www.instaclima.com\/nuevaweb\/wp-json\/wp\/v2\/types\/product"}],"replies":[{"embeddable":true,"href":"https:\/\/www.instaclima.com\/nuevaweb\/wp-json\/wp\/v2\/comments?post=2475"}],"version-history":[{"count":1,"href":"https:\/\/www.instaclima.com\/nuevaweb\/wp-json\/wp\/v2\/product\/2475\/revisions"}],"predecessor-version":[{"id":2528,"href":"https:\/\/www.instaclima.com\/nuevaweb\/wp-json\/wp\/v2\/product\/2475\/revisions\/2528"}],"wp:featuredmedia":[{"embeddable":true,"href":"https:\/\/www.instaclima.com\/nuevaweb\/wp-json\/wp\/v2\/media\/2527"}],"wp:attachment":[{"href":"https:\/\/www.instaclima.com\/nuevaweb\/wp-json\/wp\/v2\/media?parent=2475"}],"wp:term":[{"taxonomy":"brand","embeddable":true,"href":"https:\/\/www.instaclima.com\/nuevaweb\/wp-json\/wp\/v2\/etheme_brands?post=2475"},{"taxonomy":"product_brand","embeddable":true,"href":"https:\/\/www.instaclima.com\/nuevaweb\/wp-json\/wp\/v2\/product_brand?post=2475"},{"taxonomy":"product_cat","embeddable":true,"href":"https:\/\/www.instaclima.com\/nuevaweb\/wp-json\/wp\/v2\/product_cat?post=2475"},{"taxonomy":"product_tag","embeddable":true,"href":"https:\/\/www.instaclima.com\/nuevaweb\/wp-json\/wp\/v2\/product_tag?post=2475"}],"curies":[{"name":"wp","href":"https:\/\/api.w.org\/{rel}","templated":true}]}}