{"id":2477,"date":"2024-10-29T20:55:10","date_gmt":"2024-10-29T19:55:10","guid":{"rendered":"https:\/\/www.instaclima.com\/nuevaweb\/?post_type=product&#038;p=2477"},"modified":"2024-10-29T20:55:20","modified_gmt":"2024-10-29T19:55:20","slug":"caldera-viessmann-vitodens-100-w-b1hc-35-kw","status":"publish","type":"product","link":"https:\/\/www.instaclima.com\/nuevaweb\/producto\/caldera-viessmann-vitodens-100-w-b1hc-35-kw\/","title":{"rendered":"Caldera Viessmann VITODENS 100-W B1HC 35 KW"},"content":{"rendered":"<p>Nueva Caldera Viessmann VITODENS 100-W B1HC 35 KW, solo para calefacci\u00f3n. Posee una potencia en calefacci\u00f3n de 35 kW. Tiene una eficiencia energ\u00e9tica A . Incluye un a regleta de montaje con un intercambiador de acero inoxidable. Posee una modulaci\u00f3n 1:4 y su combustible es gas natural.<\/p>\n<p>Esta caldera cuenta con un tiempo de garant\u00eda total por 3 a\u00f1os; y una garant\u00eda de 10 a\u00f1os para el intercambiador Inox-Radial. Obtenla al mejor precio de oferta que solo Instaclima tiene para ti.<\/p>\n<h2>Caracter\u00edsticas de la Caldera<\/h2>\n<p><iframe loading=\"lazy\" src=\"https:\/\/www.youtube.com\/embed\/xMsoyvAki7g\" width=\"560\" height=\"315\" frameborder=\"0\" allowfullscreen=\"allowfullscreen\"><\/iframe><br \/>\n<strong>Sonda Exterior<\/strong><\/p>\n<p>Esta caldera cuenta con una sonda exterior que permite controlar la temperatura de la caldera en todo momento. Viene como una funci\u00f3n opcional, que logra garantizarte un dispositivo anti hielo funcional. Adem\u00e1s de brindarte una regulaci\u00f3n electr\u00f3nica.<\/p>\n<p><strong>Termostato modulante<\/strong><\/p>\n<p>La caldera tiene incorporado un termostato modulante que te garantiza una eficiencia al momento de instalarlo. Lo que te otorgara una clasificaci\u00f3n energ\u00e9tica A . te brindar\u00e1 un rendimiento hasta el 97%.<\/p>\n<p><strong>Intercambiador de calor Inox-Radial<\/strong><\/p>\n<p>El dise\u00f1o de esta caldera cuenta con un intercambiador dise\u00f1ado de acero inoxidable, que te brindara a\u00f1os de uso prolongado y evita la aparici\u00f3n de la corrosi\u00f3n por factores externos. Protegiendo al equipo de cualquier da\u00f1o y haciendo que este sea autolimpiable a la vez.<\/p>\n<p><strong>Bomba de alta eficiencia<\/strong><\/p>\n<p>Esta caldera posee una bomba de alta eficiencia, que te garantiza un ahorro energ\u00e9tico de calidad. Todo sin afectar en lo absoluto sus funciones principales, logrando brindarte un buen servicio.<\/p>\n<h3>Ficha T\u00e9cnica de la Caldera Viessmann VITODENS 100-W B1HC 35 KW<\/h3>\n<table>\n<tbody>\n<tr>\n<td width=\"354\"><strong>Potencia en Calefacci\u00f3n<\/strong><\/td>\n<td width=\"354\">35 kW.<\/td>\n<\/tr>\n<tr>\n<td width=\"354\"><strong>Modulaci\u00f3n<\/strong><\/td>\n<td width=\"354\">1:4.<\/td>\n<\/tr>\n<tr>\n<td width=\"354\"><strong>Eficiencia Energ\u00e9tica<\/strong><\/td>\n<td width=\"354\">A.<\/td>\n<\/tr>\n<tr>\n<td width=\"354\"><strong>Peso<\/strong><\/td>\n<td width=\"354\">37 kg.<\/td>\n<\/tr>\n<tr>\n<td width=\"354\"><strong>Clase NOx<\/strong><\/td>\n<td width=\"354\">6.<\/td>\n<\/tr>\n<tr>\n<td width=\"354\"><strong>Bomba<\/strong><\/td>\n<td width=\"354\">Alta Eficiencia.<\/td>\n<\/tr>\n<tr>\n<td width=\"354\"><strong>Ventilador<\/strong><\/td>\n<td width=\"354\">Modulante.<\/td>\n<\/tr>\n<tr>\n<td width=\"354\"><strong>Superficie a Calefactar<\/strong><\/td>\n<td width=\"354\">S\u00ed.<\/td>\n<\/tr>\n<\/tbody>\n<\/table>\n<p>&nbsp;<\/p>\n<h3>\u00bfPor qu\u00e9 comprar la Caldera Viessmann VITODENS 100-W B1HC 35 KW?<\/h3>\n<p>La caldera est\u00e1 dise\u00f1ada con materiales resistente que evitan la corrosi\u00f3n por cambios de temperatura dr\u00e1sticos. Cuenta con un sistema de ahorro energ\u00e9tico y ecol\u00f3gico al mismo tiempo. Sus dimensiones son adaptables para ser instalada de forma r\u00e1pida y sencilla en cualquier superficie. Todo a un precio de temporada en Instaclima.<\/p>\n","protected":false},"excerpt":{"rendered":"<p>OFERTA <strong>Caldera Viessmann VITODENS 100-W B1HC 35 KW<\/strong>. Potencia en Calefacci\u00f3n 35 kW. Modulaci\u00f3n 1:4. Eficiencia Energ\u00e9tica A. Peso 37 kg. Clase NOx 6. Compra al mejor precio el Viessmann a gas.<\/p>\n","protected":false},"featured_media":2531,"comment_status":"open","ping_status":"closed","template":"","meta":[],"etheme_brands":[],"product_brand":[],"product_cat":[59],"product_tag":[69],"class_list":{"0":"post-2477","1":"product","2":"type-product","3":"status-publish","4":"has-post-thumbnail","6":"product_cat-calderas","7":"product_tag-viessmann","9":"first","10":"instock","11":"taxable","12":"shipping-taxable","13":"purchasable","14":"product-type-simple"},"_links":{"self":[{"href":"https:\/\/www.instaclima.com\/nuevaweb\/wp-json\/wp\/v2\/product\/2477","targetHints":{"allow":["GET"]}}],"collection":[{"href":"https:\/\/www.instaclima.com\/nuevaweb\/wp-json\/wp\/v2\/product"}],"about":[{"href":"https:\/\/www.instaclima.com\/nuevaweb\/wp-json\/wp\/v2\/types\/product"}],"replies":[{"embeddable":true,"href":"https:\/\/www.instaclima.com\/nuevaweb\/wp-json\/wp\/v2\/comments?post=2477"}],"version-history":[{"count":1,"href":"https:\/\/www.instaclima.com\/nuevaweb\/wp-json\/wp\/v2\/product\/2477\/revisions"}],"predecessor-version":[{"id":2532,"href":"https:\/\/www.instaclima.com\/nuevaweb\/wp-json\/wp\/v2\/product\/2477\/revisions\/2532"}],"wp:featuredmedia":[{"embeddable":true,"href":"https:\/\/www.instaclima.com\/nuevaweb\/wp-json\/wp\/v2\/media\/2531"}],"wp:attachment":[{"href":"https:\/\/www.instaclima.com\/nuevaweb\/wp-json\/wp\/v2\/media?parent=2477"}],"wp:term":[{"taxonomy":"brand","embeddable":true,"href":"https:\/\/www.instaclima.com\/nuevaweb\/wp-json\/wp\/v2\/etheme_brands?post=2477"},{"taxonomy":"product_brand","embeddable":true,"href":"https:\/\/www.instaclima.com\/nuevaweb\/wp-json\/wp\/v2\/product_brand?post=2477"},{"taxonomy":"product_cat","embeddable":true,"href":"https:\/\/www.instaclima.com\/nuevaweb\/wp-json\/wp\/v2\/product_cat?post=2477"},{"taxonomy":"product_tag","embeddable":true,"href":"https:\/\/www.instaclima.com\/nuevaweb\/wp-json\/wp\/v2\/product_tag?post=2477"}],"curies":[{"name":"wp","href":"https:\/\/api.w.org\/{rel}","templated":true}]}}