{"id":2481,"date":"2024-10-29T20:55:10","date_gmt":"2024-10-29T19:55:10","guid":{"rendered":"https:\/\/www.instaclima.com\/nuevaweb\/?post_type=product&#038;p=2481"},"modified":"2024-10-29T20:55:22","modified_gmt":"2024-10-29T19:55:22","slug":"caldera-viessmann-vitodens-111-w-35-kw","status":"publish","type":"product","link":"https:\/\/www.instaclima.com\/nuevaweb\/producto\/caldera-viessmann-vitodens-111-w-35-kw\/","title":{"rendered":"Caldera Viessmann VITODENS 111-W 35 KW"},"content":{"rendered":"<p>Nueva Caldera Viessmann VITODENS 111-W 35 KW, de gas condensado. Posee una potencia en calefacci\u00f3n de 35 Kw. Tiene una capacidad energ\u00e9tica A . Incluye un acumulador de 46 litros con una bomba de eficiencia alta. Adem\u00e1s de tener un rendimiento de 109% aproximadamente.<\/p>\n<p>Dispone de una garant\u00eda total de 3 a\u00f1os, y una garant\u00eda de 10 a\u00f1os para el intercambiador de calor. Todo a un precio s\u00faper accesible en nuestra tienda Instaclima.<\/p>\n<h2>Caracter\u00edsticas de la Caldera<\/h2>\n<p><iframe loading=\"lazy\" src=\"https:\/\/www.youtube.com\/embed\/xMsoyvAki7g\" width=\"560\" height=\"315\" frameborder=\"0\" allowfullscreen=\"allowfullscreen\"><\/iframe><br \/>\n<strong>Confort en ACS<\/strong><\/p>\n<p>Esta caldera cuenta con un sistema de carga modulante, que posee una sonda de temperatura para salida del agua. Nivelando los niveles t\u00e9rmicos para un mejor resultado. Este modo de funcionamiento se encuentra preinstalado en el equipo.<\/p>\n<p><strong>Termostato modulante<\/strong><\/p>\n<p>El termostato modulante que tiene incluido esta caldera, te permite obtener mayor facilidad de instalaci\u00f3n. Adem\u00e1s de alcanzar una eficiencia energ\u00e9tica A . Puedes obtener un rendimiento hasta del 97% m\u00e1s que las calderas comunes.<\/p>\n<p><strong>Sistema diagn\u00f3stico de regulaci\u00f3n<\/strong><\/p>\n<p>Este sistema diagnostico permite controlar los niveles t\u00e9rmicos de la caldera, a trav\u00e9s de un sensor de temperatura externo. Lo que garantiza un cambio autom\u00e1tico de los modos de funcionamiento regulados. Adem\u00e1s de garantiza la presencia de hielo que pueda afectar las funciones de la caldera.<\/p>\n<p><strong>Buen rendimiento<\/strong><\/p>\n<p>El rendimiento de este modelo, puede llegar hasta 109% de su capacidad. Lo que te garantiza un menor consumo energ\u00e9tico, ya que aprovechas los humos de calor. Lo que reduce los costos en calefacci\u00f3n y el impacto hacia el medio ambiente sea positivo.<\/p>\n<h3>Ficha T\u00e9cnica de la Caldera Viessmann VITODENS 111-W 35 KW<\/h3>\n<table>\n<tbody>\n<tr>\n<td width=\"354\"><strong>Potencia en Calefacci\u00f3n<\/strong><\/td>\n<td width=\"354\">35 kW.<\/td>\n<\/tr>\n<tr>\n<td width=\"354\"><strong>Rendimiento Estacional<\/strong><\/td>\n<td width=\"354\">109%.<\/td>\n<\/tr>\n<tr>\n<td width=\"354\"><strong>Eficiencia Energ\u00e9tica<\/strong><\/td>\n<td width=\"354\">A <\/td>\n<\/tr>\n<tr>\n<td width=\"354\"><strong>Acumulador <\/strong><\/td>\n<td width=\"354\">46 L.<\/td>\n<\/tr>\n<tr>\n<td width=\"354\"><strong>Dimensiones<\/strong><\/td>\n<td width=\"354\">900 x 480 x 600 mm.<\/td>\n<\/tr>\n<tr>\n<td width=\"354\"><strong>Bomba<\/strong><\/td>\n<td width=\"354\">Alta Eficiencia.<\/td>\n<\/tr>\n<tr>\n<td width=\"354\"><strong>Di\u00e1metro Salida de Gases<\/strong><\/td>\n<td width=\"354\">60\/100.<\/td>\n<\/tr>\n<tr>\n<td width=\"354\"><strong>Superficie a Calefactar<\/strong><\/td>\n<td width=\"354\">S\u00ed.<\/td>\n<\/tr>\n<\/tbody>\n<\/table>\n<p>&nbsp;<\/p>\n<h3>\u00bfPor qu\u00e9 comprar la Caldera Viessmann VITODENS 111-W 35 KW?<\/h3>\n<p>Este equipo garantiza un servicio \u00f3ptimo y protecci\u00f3n tanto para el ambiente como para los costos de energ\u00eda el\u00e9ctrica. Dise\u00f1ado bajo materiales resistentes que evitan la corrosi\u00f3n y la presencia de hielo en la caldera. Puedes obtener esta caldera a un precio \u00fanico en el mercado solo en nuestra tienda Instaclima.<\/p>\n","protected":false},"excerpt":{"rendered":"<p>OFERTA <strong>Caldera Viessmann VITODENS 111-W 35 KW<\/strong>. Potencia en Calefacci\u00f3n 35 kW. Rendimiento Estacional 109%. Eficiencia Energ\u00e9tica A . Acumulador\u00a0 46 L. Compra al mejor precio el Viessamann a gas.<\/p>\n","protected":false},"featured_media":2539,"comment_status":"open","ping_status":"closed","template":"","meta":[],"etheme_brands":[],"product_brand":[],"product_cat":[59],"product_tag":[69],"class_list":{"0":"post-2481","1":"product","2":"type-product","3":"status-publish","4":"has-post-thumbnail","6":"product_cat-calderas","7":"product_tag-viessmann","9":"first","10":"instock","11":"taxable","12":"shipping-taxable","13":"purchasable","14":"product-type-simple"},"_links":{"self":[{"href":"https:\/\/www.instaclima.com\/nuevaweb\/wp-json\/wp\/v2\/product\/2481","targetHints":{"allow":["GET"]}}],"collection":[{"href":"https:\/\/www.instaclima.com\/nuevaweb\/wp-json\/wp\/v2\/product"}],"about":[{"href":"https:\/\/www.instaclima.com\/nuevaweb\/wp-json\/wp\/v2\/types\/product"}],"replies":[{"embeddable":true,"href":"https:\/\/www.instaclima.com\/nuevaweb\/wp-json\/wp\/v2\/comments?post=2481"}],"version-history":[{"count":1,"href":"https:\/\/www.instaclima.com\/nuevaweb\/wp-json\/wp\/v2\/product\/2481\/revisions"}],"predecessor-version":[{"id":2540,"href":"https:\/\/www.instaclima.com\/nuevaweb\/wp-json\/wp\/v2\/product\/2481\/revisions\/2540"}],"wp:featuredmedia":[{"embeddable":true,"href":"https:\/\/www.instaclima.com\/nuevaweb\/wp-json\/wp\/v2\/media\/2539"}],"wp:attachment":[{"href":"https:\/\/www.instaclima.com\/nuevaweb\/wp-json\/wp\/v2\/media?parent=2481"}],"wp:term":[{"taxonomy":"brand","embeddable":true,"href":"https:\/\/www.instaclima.com\/nuevaweb\/wp-json\/wp\/v2\/etheme_brands?post=2481"},{"taxonomy":"product_brand","embeddable":true,"href":"https:\/\/www.instaclima.com\/nuevaweb\/wp-json\/wp\/v2\/product_brand?post=2481"},{"taxonomy":"product_cat","embeddable":true,"href":"https:\/\/www.instaclima.com\/nuevaweb\/wp-json\/wp\/v2\/product_cat?post=2481"},{"taxonomy":"product_tag","embeddable":true,"href":"https:\/\/www.instaclima.com\/nuevaweb\/wp-json\/wp\/v2\/product_tag?post=2481"}],"curies":[{"name":"wp","href":"https:\/\/api.w.org\/{rel}","templated":true}]}}