{"id":2541,"date":"2024-10-29T20:55:23","date_gmt":"2024-10-29T19:55:23","guid":{"rendered":"https:\/\/www.instaclima.com\/nuevaweb\/?post_type=product&#038;p=2541"},"modified":"2024-10-29T20:55:24","modified_gmt":"2024-10-29T19:55:24","slug":"caldera-viessmann-vitodens-111-w-26-kw","status":"publish","type":"product","link":"https:\/\/www.instaclima.com\/nuevaweb\/producto\/caldera-viessmann-vitodens-111-w-26-kw\/","title":{"rendered":"Caldera Viessmann VITODENS 111-W 26 KW"},"content":{"rendered":"<p>Instaclima tiene disponible la Caldera Viessmann VITODENS 111-W 26 KW, de gas condensado. Posee una potencia en calefacci\u00f3n de 26 Kw. Tiene una eficiencia energ\u00e9tica A . Incluye un acumulador de 46 litros y una bomba de alta eficiencia. Posee un rendimiento estacional de 109%.<\/p>\n<p>Tiene un tiempo de garant\u00eda total de 3 a\u00f1os; y un tiempo de garant\u00eda para el intercambiador de calor por 10 a\u00f1os. Disponible a un precio \u00fanico en nuestra tienda Instaclima.<\/p>\n<h2>Caracter\u00edsticas de la Caldera<\/h2>\n<p><iframe loading=\"lazy\" src=\"https:\/\/www.youtube.com\/embed\/xMsoyvAki7g\" width=\"560\" height=\"315\" frameborder=\"0\" allowfullscreen=\"allowfullscreen\"><\/iframe><br \/>\n<strong>Rendimiento hasta 109%<\/strong><\/p>\n<p>Esta caldera cuenta con un rendimiento optimo, que garantiza un menor consumo energ\u00e9tico. Dado que aprovecha el calor de los humos. De manera que genere un rendimiento hasta de 109%. Reduciendo los costos en calefacci\u00f3n y generando un impacto positivo al medio ambiente.<\/p>\n<p><strong>Sistema diagn\u00f3stico integrado<\/strong><\/p>\n<p>Esta caldera cuenta con un funcionamiento controlado por la temperatura exterior. De manera que regule la temperatura a trav\u00e9s de su circuito electr\u00f3nico. Esto se conecta a un sensor de temperatura exterior para que la caldera realice el cambio autom\u00e1tico y evite la presencia del hielo.<\/p>\n<p><strong>F\u00e1cil mantenimiento<\/strong><\/p>\n<p>Esta caldera no solo te garantiza un menor tiempo para obtener agua caliente, tambi\u00e9n realizara un mantenimiento eficaz a trav\u00e9s de su condensaci\u00f3n a gas. Incluye adem\u00e1s un dep\u00f3sito de expansi\u00f3n del agua para calefacci\u00f3n, bombas y dispositivos de seguridad que vienen preinstalados.<\/p>\n<p><strong>Sonda Exterior<\/strong><\/p>\n<p>Esta caldera cuenta con una sonda exterior que permite controlar la temperatura de la caldera en todo momento. Viene como una funci\u00f3n opcional, que logra garantizarte un dispositivo anti hielo funcional. Adem\u00e1s de brindarte una regulaci\u00f3n electr\u00f3nica.<\/p>\n<h3>Ficha T\u00e9cnica de la Caldera Viessmann VITODENS 111-W 26 KW<\/h3>\n<table>\n<tbody>\n<tr>\n<td width=\"354\"><strong>Potencia en Calefacci\u00f3n<\/strong><\/td>\n<td width=\"354\">26 kW.<\/td>\n<\/tr>\n<tr>\n<td width=\"354\"><strong>Dimensiones<\/strong><\/td>\n<td width=\"354\">900 x 480 x 600 mm.<\/td>\n<\/tr>\n<tr>\n<td width=\"354\"><strong>Eficiencia Energ\u00e9tica<\/strong><\/td>\n<td width=\"354\">A .<\/td>\n<\/tr>\n<tr>\n<td width=\"354\"><strong>Rendimiento Estacional<\/strong><\/td>\n<td width=\"354\">109%.<\/td>\n<\/tr>\n<tr>\n<td width=\"354\"><strong>Diametro Salida de Gases<\/strong><\/td>\n<td width=\"354\">60\/100.<\/td>\n<\/tr>\n<tr>\n<td width=\"354\"><strong>Bomba<\/strong><\/td>\n<td width=\"354\">Alta eficiencia.<\/td>\n<\/tr>\n<tr>\n<td width=\"354\"><strong>Acumulador<\/strong><\/td>\n<td width=\"354\">46 L.<\/td>\n<\/tr>\n<tr>\n<td width=\"354\"><strong>Superficie a Calefactar<\/strong><\/td>\n<td width=\"354\">S\u00ed.<\/td>\n<\/tr>\n<\/tbody>\n<\/table>\n<p>&nbsp;<\/p>\n<h3>\u00bfPor qu\u00e9 comprar la Caldera Viessmann VITODENS 111-W 26 KW?<\/h3>\n<p>Esta caldera posee un dise\u00f1o de primera, que puede adaptarse en cualquier espacio. Mantiene una limpieza total en el equipo y logra un impacto positivo para el medio ambiente. sus modos de funcionamiento te brindaran un ahorro energ\u00e9tico bueno sin afectar sus funciones principales. Obtenla al mejor precio en nuestra tienda Instaclima.<\/p>\n","protected":false},"excerpt":{"rendered":"<p>OFERTA <strong>Caldera Viessmann VITODENS 111-W 26 KW<\/strong>. Potencia en Calefacci\u00f3n 26 kW. Dimensiones 900 x 480 x 600 mm. Eficiencia Energ\u00e9tica A . Rendimiento Estacional 109%. Compra al mejor precio el Viessmann a gas.<\/p>\n","protected":false},"featured_media":0,"comment_status":"open","ping_status":"closed","template":"","meta":[],"etheme_brands":[],"product_brand":[],"product_cat":[59],"product_tag":[69],"class_list":{"0":"post-2541","1":"product","2":"type-product","3":"status-publish","5":"product_cat-calderas","6":"product_tag-viessmann","8":"first","9":"instock","10":"taxable","11":"shipping-taxable","12":"purchasable","13":"product-type-simple"},"_links":{"self":[{"href":"https:\/\/www.instaclima.com\/nuevaweb\/wp-json\/wp\/v2\/product\/2541","targetHints":{"allow":["GET"]}}],"collection":[{"href":"https:\/\/www.instaclima.com\/nuevaweb\/wp-json\/wp\/v2\/product"}],"about":[{"href":"https:\/\/www.instaclima.com\/nuevaweb\/wp-json\/wp\/v2\/types\/product"}],"replies":[{"embeddable":true,"href":"https:\/\/www.instaclima.com\/nuevaweb\/wp-json\/wp\/v2\/comments?post=2541"}],"version-history":[{"count":1,"href":"https:\/\/www.instaclima.com\/nuevaweb\/wp-json\/wp\/v2\/product\/2541\/revisions"}],"predecessor-version":[{"id":2571,"href":"https:\/\/www.instaclima.com\/nuevaweb\/wp-json\/wp\/v2\/product\/2541\/revisions\/2571"}],"wp:attachment":[{"href":"https:\/\/www.instaclima.com\/nuevaweb\/wp-json\/wp\/v2\/media?parent=2541"}],"wp:term":[{"taxonomy":"brand","embeddable":true,"href":"https:\/\/www.instaclima.com\/nuevaweb\/wp-json\/wp\/v2\/etheme_brands?post=2541"},{"taxonomy":"product_brand","embeddable":true,"href":"https:\/\/www.instaclima.com\/nuevaweb\/wp-json\/wp\/v2\/product_brand?post=2541"},{"taxonomy":"product_cat","embeddable":true,"href":"https:\/\/www.instaclima.com\/nuevaweb\/wp-json\/wp\/v2\/product_cat?post=2541"},{"taxonomy":"product_tag","embeddable":true,"href":"https:\/\/www.instaclima.com\/nuevaweb\/wp-json\/wp\/v2\/product_tag?post=2541"}],"curies":[{"name":"wp","href":"https:\/\/api.w.org\/{rel}","templated":true}]}}