{"id":2562,"date":"2024-10-29T20:55:24","date_gmt":"2024-10-29T19:55:24","guid":{"rendered":"https:\/\/www.instaclima.com\/nuevaweb\/?post_type=product&#038;p=2562"},"modified":"2024-10-29T20:55:41","modified_gmt":"2024-10-29T19:55:41","slug":"caldera-erp-warmhaus-enerwa-24-31","status":"publish","type":"product","link":"https:\/\/www.instaclima.com\/nuevaweb\/producto\/caldera-erp-warmhaus-enerwa-24-31\/","title":{"rendered":"Caldera ErP Warmhaus Enerwa 24\/31"},"content":{"rendered":"<p>Instaclima tiene disponible la nueva Caldera ErP Warmhaus Enerwa 24\/31, de condensaci\u00f3n. Dispone de una potencia en calefacci\u00f3n de 24 kW. Sus dimensiones oscilan entre 725 x 420 x 288 mm. Posee un NOx de 6 y utiliza el tipo de gas G20 y G31. Adem\u00e1s de tener un suministro estacional energ\u00e9tico de 230 V.<\/p>\n<p>Dispone de un tiempo de garant\u00eda por parte del fabricante equivalente a dos a\u00f1os. Puedes tener este equipo al mejor precio, solo en nuestra <a href=\"https:\/\/www.instaclima.com\">tienda online de climatizaci\u00f3n<\/a>.<\/p>\n<h2>Caracter\u00edsticas de la Caldera<\/h2>\n<p><iframe loading=\"lazy\" src=\"https:\/\/www.youtube.com\/embed\/tIez5smTGnk\" width=\"560\" height=\"315\" frameborder=\"0\" allowfullscreen=\"allowfullscreen\"><\/iframe><\/p>\n<p><strong>V\u00e1lvula de gas de adaptaci\u00f3n<\/strong><\/p>\n<p>Esta v\u00e1lvula te brindara una instalaci\u00f3n con alimentaci\u00f3n de gas metano y glp. De manera que no genere gases contaminantes u olores fuertes que puedan afectar tu salud. Adem\u00e1s de poseer un asesoramiento previo sobre el mantenimiento del equipo por parte del fabricante para evitar inconvenientes.<\/p>\n<p><strong>Producci\u00f3n de agua caliente sanitaria<\/strong><\/p>\n<p>Este equipo tiene la capacidad de productor agua caliente sanitaria hasta un 40% sobre el nivel est\u00e1ndar. Tiende a llegar hasta un 22,2 1\/M at 25\u00b0. Proporcionando adem\u00e1s un ahorro energ\u00e9tico de un 20% m\u00e1s que las calderas de la gama Full Condensing.<\/p>\n<p><strong>Circulador y convertidor de frecuencia<\/strong><\/p>\n<p>El circulador y convertidor de frecuencia que posee esta caldera, dispone de un alcance de 2.400 1\/h. Lo que genera una prevalencia de 7,8 Mac que te permitir\u00e1 instalarla en habitaciones multiplano sin inconvenientes.<\/p>\n<p><strong>Componentes hidr\u00e1ulicos en Lat\u00f3n<\/strong><\/p>\n<p>Este material de elaboraci\u00f3n que posee este equipo, permite una conservaci\u00f3n del equipo tanto externa como internamente. Lo que te permitir\u00e1 la posibilidad de no presentar ese aspecto de corrosi\u00f3n, producido por factores externos que pueden estropear la caldera y disminuir su tiempo de uso.<\/p>\n<h3>Ficha T\u00e9cnica de la Caldera ErP Warmhaus Enerwa 24\/31<\/h3>\n<table>\n<tbody>\n<tr>\n<td width=\"354\"><strong>Potencia en Calefacci\u00f3n<\/strong><\/td>\n<td width=\"354\">24 kW.<\/td>\n<\/tr>\n<tr>\n<td width=\"354\"><strong>Dimensiones<\/strong><\/td>\n<td width=\"354\">725 x 420 x 288.<\/td>\n<\/tr>\n<tr>\n<td width=\"354\"><strong>NOx<\/strong><\/td>\n<td width=\"354\">6.<\/td>\n<\/tr>\n<tr>\n<td width=\"354\"><strong>Tipo de Gas<\/strong><\/td>\n<td width=\"354\">G31.<\/td>\n<\/tr>\n<tr>\n<td width=\"354\"><strong>Suministro Estacional<\/strong><\/td>\n<td width=\"354\">230 V.<\/td>\n<\/tr>\n<tr>\n<td width=\"354\"><strong>Rango de Modulaci\u00f3n<\/strong><\/td>\n<td width=\"354\">1:10<\/td>\n<\/tr>\n<tr>\n<td width=\"354\"><strong>Superficie a Calefactar<\/strong><\/td>\n<td width=\"354\">S\u00ed.<\/td>\n<\/tr>\n<\/tbody>\n<\/table>\n<p>&nbsp;<\/p>\n<h3>\u00bfPor qu\u00e9 comprar la Caldera ErP Warmhaus Enerwa 24\/31?<\/h3>\n<p>Una de las \u00faltimas calderas de la marca Warmhaus que te ofrece modos de funcionamiento autom\u00e1ticos para adaptarlos a tus peticiones y comodidades. No genera grandes gastos energ\u00e9ticos durante o despu\u00e9s de su uso. Adem\u00e1s, sus dimensiones te permitir\u00e1n instalarla en cualquier parte del hogar sin problemas. Disponible solo en Instaclima al mejor precio.<\/p>\n","protected":false},"excerpt":{"rendered":"<p>OFERTA <strong>Caldera ErP Warmhaus Enerwa 24\/31<\/strong>. Potencia en Calefacci\u00f3n 24 kW. Dimensiones 725 x 420 x 288. NOx 6. Tipo de Gas G20.<\/p>\n","protected":false},"featured_media":2612,"comment_status":"open","ping_status":"closed","template":"","meta":[],"etheme_brands":[],"product_brand":[],"product_cat":[59],"product_tag":[83],"class_list":{"0":"post-2562","1":"product","2":"type-product","3":"status-publish","4":"has-post-thumbnail","6":"product_cat-calderas","7":"product_tag-caldera-warmhaus","9":"first","10":"instock","11":"featured","12":"taxable","13":"shipping-taxable","14":"purchasable","15":"product-type-simple"},"_links":{"self":[{"href":"https:\/\/www.instaclima.com\/nuevaweb\/wp-json\/wp\/v2\/product\/2562","targetHints":{"allow":["GET"]}}],"collection":[{"href":"https:\/\/www.instaclima.com\/nuevaweb\/wp-json\/wp\/v2\/product"}],"about":[{"href":"https:\/\/www.instaclima.com\/nuevaweb\/wp-json\/wp\/v2\/types\/product"}],"replies":[{"embeddable":true,"href":"https:\/\/www.instaclima.com\/nuevaweb\/wp-json\/wp\/v2\/comments?post=2562"}],"version-history":[{"count":1,"href":"https:\/\/www.instaclima.com\/nuevaweb\/wp-json\/wp\/v2\/product\/2562\/revisions"}],"predecessor-version":[{"id":2613,"href":"https:\/\/www.instaclima.com\/nuevaweb\/wp-json\/wp\/v2\/product\/2562\/revisions\/2613"}],"wp:featuredmedia":[{"embeddable":true,"href":"https:\/\/www.instaclima.com\/nuevaweb\/wp-json\/wp\/v2\/media\/2612"}],"wp:attachment":[{"href":"https:\/\/www.instaclima.com\/nuevaweb\/wp-json\/wp\/v2\/media?parent=2562"}],"wp:term":[{"taxonomy":"brand","embeddable":true,"href":"https:\/\/www.instaclima.com\/nuevaweb\/wp-json\/wp\/v2\/etheme_brands?post=2562"},{"taxonomy":"product_brand","embeddable":true,"href":"https:\/\/www.instaclima.com\/nuevaweb\/wp-json\/wp\/v2\/product_brand?post=2562"},{"taxonomy":"product_cat","embeddable":true,"href":"https:\/\/www.instaclima.com\/nuevaweb\/wp-json\/wp\/v2\/product_cat?post=2562"},{"taxonomy":"product_tag","embeddable":true,"href":"https:\/\/www.instaclima.com\/nuevaweb\/wp-json\/wp\/v2\/product_tag?post=2562"}],"curies":[{"name":"wp","href":"https:\/\/api.w.org\/{rel}","templated":true}]}}