{"id":2688,"date":"2024-10-29T20:56:08","date_gmt":"2024-10-29T19:56:08","guid":{"rendered":"https:\/\/www.instaclima.com\/nuevaweb\/?post_type=product&#038;p=2688"},"modified":"2024-10-29T20:56:26","modified_gmt":"2024-10-29T19:56:26","slug":"caldera-domusa-bioclass-hm-43","status":"publish","type":"product","link":"https:\/\/www.instaclima.com\/nuevaweb\/producto\/caldera-domusa-bioclass-hm-43\/","title":{"rendered":"Caldera DOMUSA BIOCLASS HM 43"},"content":{"rendered":"<p>Instaclima tiene disponible la nueva Caldera DOMUSA BIOCLASS HM 43. Posee una potencia en calefacci\u00f3n de 42,7 Kw. Tiene un rendimiento nominal de 94%. Cuenta con una tensi\u00f3n de alimentaci\u00f3n de 220 V. El volumen C\u00e1mara de agua es de 104 L. Sus dimensiones son 670&#215;1.310&#215;1.045 mm.<\/p>\n<p>Obt\u00e9n este equipo a un precio \u00fanico en nuestra tienda. Tendr\u00e1s una garant\u00eda de dos a\u00f1os por parte de su fabricante.<\/p>\n<h2>Caracter\u00edsticas de la Caldera<\/h2>\n<p><iframe loading=\"lazy\" src=\"https:\/\/www.youtube.com\/embed\/5xHFQwWNIMs\" width=\"560\" height=\"315\" frameborder=\"0\" allowfullscreen=\"allowfullscreen\"><\/iframe><br \/>\n<strong>Sistema de autolimpieza<\/strong><\/p>\n<p>Esta caldera cuenta con un grupo de turbuladores que no solo retienen el paso de los humos. Tambi\u00e9n logran mejorar el rendimiento del equipo y se encarga de realizar una autolimpienza para eliminar restos de cenizas. Esta funci\u00f3n se activa peri\u00f3dicamente, provocando un movimiento vertical para limpieza profunda.<\/p>\n<p><strong>Quemador con sistema patentado<\/strong><\/p>\n<p>Este equipo tiene un quemador que permite acceder a un sistema patentado de limpieza peri\u00f3dica para eliminar todos los restos de cenizas que son producto de la combusti\u00f3n. As\u00ed no presentar\u00e1 dificultades durante su funcionamiento.<\/p>\n<p><strong>Control electr\u00f3nico<\/strong><\/p>\n<p>El control electr\u00f3nico que incluye esta caldera, permite controlar la cantidad de combustible, para lograr una temperatura optima que logre un funcionamiento de primera. Esto permite unas inmejorables caracter\u00edsticas a nivel de combusti\u00f3n con potencias bajas.<\/p>\n<p><strong>Amplio Rango de modulaci\u00f3n<\/strong><\/p>\n<p>Esta caldera posee amplios rangos de modulaci\u00f3n, que logran trabajar con una potencia baja, donde los ciclos de marcha7paro se reduzcan. Evitando p\u00e9rdidas en su estado inactivo.<\/p>\n<h3>Ficha T\u00e9cnica de la Caldera DOMUSA BIOCLASS HM 43<\/h3>\n<table>\n<tbody>\n<tr>\n<td width=\"354\"><strong>Potencia en Calefacci\u00f3n<\/strong><\/td>\n<td width=\"354\">42,7 Kw.<\/td>\n<\/tr>\n<tr>\n<td width=\"354\"><strong>Rendimiento<\/strong><\/td>\n<td width=\"354\">94%.<\/td>\n<\/tr>\n<tr>\n<td width=\"354\"><strong>Tensi\u00f3n de Alimentaci\u00f3n<\/strong><\/td>\n<td width=\"354\">220 V.<\/td>\n<\/tr>\n<tr>\n<td width=\"354\"><strong>Volumen C\u00e1mara de Agua<\/strong><\/td>\n<td width=\"354\">104 L.<\/td>\n<\/tr>\n<tr>\n<td width=\"354\"><strong>Dimensiones <\/strong><\/td>\n<td width=\"354\">670&#215;1.310&#215;1.045 mm.<\/td>\n<\/tr>\n<tr>\n<td width=\"354\"><strong>Superficie a Calefactar<\/strong><\/td>\n<td width=\"354\">S\u00ed.<\/td>\n<\/tr>\n<\/tbody>\n<\/table>\n<p>&nbsp;<\/p>\n<h3>\u00bfPor qu\u00e9 comprar la Caldera DOMUSA BIOCLASS HM 43?<\/h3>\n<p>La DOMUSA BIOCLASS HM 43, es tu mejor opci\u00f3n para climatizaci\u00f3n del hogar. te permitir\u00e1 disponer de un ahorro energ\u00e9tico de calidad y la garant\u00eda de evitar ese riguroso proceso de limpieza peri\u00f3dica. Podr\u00e1s tener este equipo a un precio \u00fanico en nuestra tienda Instaclima.<\/p>\n","protected":false},"excerpt":{"rendered":"<p>OFERTA <strong>Caldera DOMUSA BIOCLASS HM 43<\/strong>. Potencia en Calefacci\u00f3n 42,7 Kw. Rendimiento 94%. Tensi\u00f3n de Alimentaci\u00f3n 220 V. Volumen C\u00e1mara de Agua 104 L. Dimensiones\u00a0 670&#215;1.310&#215;1.045 mm. Compra al mejor precio la Domusa a gas.<\/p>\n","protected":false},"featured_media":2735,"comment_status":"open","ping_status":"closed","template":"","meta":[],"etheme_brands":[],"product_brand":[],"product_cat":[59],"product_tag":[70],"class_list":{"0":"post-2688","1":"product","2":"type-product","3":"status-publish","4":"has-post-thumbnail","6":"product_cat-calderas","7":"product_tag-caldera-domusa","9":"first","10":"instock","11":"taxable","12":"shipping-taxable","13":"purchasable","14":"product-type-simple"},"_links":{"self":[{"href":"https:\/\/www.instaclima.com\/nuevaweb\/wp-json\/wp\/v2\/product\/2688","targetHints":{"allow":["GET"]}}],"collection":[{"href":"https:\/\/www.instaclima.com\/nuevaweb\/wp-json\/wp\/v2\/product"}],"about":[{"href":"https:\/\/www.instaclima.com\/nuevaweb\/wp-json\/wp\/v2\/types\/product"}],"replies":[{"embeddable":true,"href":"https:\/\/www.instaclima.com\/nuevaweb\/wp-json\/wp\/v2\/comments?post=2688"}],"version-history":[{"count":1,"href":"https:\/\/www.instaclima.com\/nuevaweb\/wp-json\/wp\/v2\/product\/2688\/revisions"}],"predecessor-version":[{"id":2736,"href":"https:\/\/www.instaclima.com\/nuevaweb\/wp-json\/wp\/v2\/product\/2688\/revisions\/2736"}],"wp:featuredmedia":[{"embeddable":true,"href":"https:\/\/www.instaclima.com\/nuevaweb\/wp-json\/wp\/v2\/media\/2735"}],"wp:attachment":[{"href":"https:\/\/www.instaclima.com\/nuevaweb\/wp-json\/wp\/v2\/media?parent=2688"}],"wp:term":[{"taxonomy":"brand","embeddable":true,"href":"https:\/\/www.instaclima.com\/nuevaweb\/wp-json\/wp\/v2\/etheme_brands?post=2688"},{"taxonomy":"product_brand","embeddable":true,"href":"https:\/\/www.instaclima.com\/nuevaweb\/wp-json\/wp\/v2\/product_brand?post=2688"},{"taxonomy":"product_cat","embeddable":true,"href":"https:\/\/www.instaclima.com\/nuevaweb\/wp-json\/wp\/v2\/product_cat?post=2688"},{"taxonomy":"product_tag","embeddable":true,"href":"https:\/\/www.instaclima.com\/nuevaweb\/wp-json\/wp\/v2\/product_tag?post=2688"}],"curies":[{"name":"wp","href":"https:\/\/api.w.org\/{rel}","templated":true}]}}