{"id":2689,"date":"2024-10-29T20:56:08","date_gmt":"2024-10-29T19:56:08","guid":{"rendered":"https:\/\/www.instaclima.com\/nuevaweb\/?post_type=product&#038;p=2689"},"modified":"2024-10-29T20:56:26","modified_gmt":"2024-10-29T19:56:26","slug":"caldera-ferroli-bluehelix-pro-rrt-32","status":"publish","type":"product","link":"https:\/\/www.instaclima.com\/nuevaweb\/producto\/caldera-ferroli-bluehelix-pro-rrt-32\/","title":{"rendered":"Caldera Ferroli BLUEHELIX PRO RRT 32"},"content":{"rendered":"<p>Nueva Caldera Ferroli BLUEHELIX PRO RRT 32, de condensaci\u00f3n. Posee una potencia en calefacci\u00f3n de 32 Kw. Tiene una eficiencia energ\u00e9tica A. Trabaja con gas natural y tiene una funci\u00f3n mixta para calefacci\u00f3n y otra para la producci\u00f3n de agua caliente sanitaria que garantiza mayor comodidad.<\/p>\n<p>Puedes tenerla al mejor precio en tu tienda Instaclima, con dos a\u00f1os de garant\u00eda por parte de su fabricante.<\/p>\n<h2>Caracter\u00edsticas de la Caldera<\/h2>\n<p><iframe loading=\"lazy\" src=\"https:\/\/www.youtube.com\/embed\/y-zDr_pMY4U\" width=\"560\" height=\"315\" frameborder=\"0\" allowfullscreen=\"allowfullscreen\"><\/iframe><br \/>\n<strong>Dimensiones reducidas<\/strong><\/p>\n<p>Esta caldera posee un fondo de 25 cm aproximadamente, que te permita instalarla en cualquier sitio o mueble de cocina est\u00e1ndar que desees. Adem\u00e1s de ser f\u00e1cil de instalar o trasladar.<\/p>\n<p><strong>Buena eficiencia energ\u00e9tica<\/strong><\/p>\n<p>El equipo posee los requisitos de la nueva normativa europea en su eficiencia energ\u00e9tica y etiqueta. Adem\u00e1s, te garantiza un ahorro del 30% mayor que otras calderas tradicionales.<\/p>\n<p><strong>Bajo nivel sonoro<\/strong><\/p>\n<p>El nivel sonoro de esta caldera es muy bajo. Lo que te garantiza un funcionamiento silencioso, que te permitir\u00e1 pasar largas noches de sue\u00f1o sin interrupciones. Garantiz\u00e1ndote un confort de calidad.<\/p>\n<p><strong>Excelente para Instalaciones solares<\/strong><\/p>\n<p>Si posees una estructura con instalaci\u00f3n solar, esta caldera tiene la capacidad de adaptarse perfectamente, sin presentar inconvenientes. Ya que su tecnolog\u00eda avanzada logra ser compatible con el medio ambiente.<\/p>\n<p><strong>F\u00e1cil funcionamiento<\/strong><\/p>\n<p>Esta caldera posee unas teclas en el panel de control y una pantalla LCD para que tengas la posibilidad de ver las lecturas sobre el estatus del equipo de forma clara y precisa.<\/p>\n<h3>Ficha T\u00e9cnica de la Caldera Ferroli BLUEHELIX PRO RRT 32<\/h3>\n<table>\n<tbody>\n<tr>\n<td width=\"354\"><strong>Potencia en Calefacci\u00f3n<\/strong><\/td>\n<td width=\"354\">32 Kw.<\/td>\n<\/tr>\n<tr>\n<td width=\"354\"><strong>Eficiencia Energ\u00e9tica<\/strong><\/td>\n<td width=\"354\">A.<\/td>\n<\/tr>\n<tr>\n<td width=\"354\"><strong>Tipo<\/strong><\/td>\n<td width=\"354\">Condensaci\u00f3n.<\/td>\n<\/tr>\n<tr>\n<td width=\"354\"><strong>Servicio<\/strong><\/td>\n<td width=\"354\">Calefacci\u00f3n\/Agua Caliente.<\/td>\n<\/tr>\n<tr>\n<td width=\"354\"><strong>Gas <\/strong><\/td>\n<td width=\"354\">Natural.<\/td>\n<\/tr>\n<tr>\n<td width=\"354\"><strong>Superficie a Calefactar<\/strong><\/td>\n<td width=\"354\">S\u00ed.<\/td>\n<\/tr>\n<\/tbody>\n<\/table>\n<p>&nbsp;<\/p>\n<h3>\u00bfPor qu\u00e9 comprar la Caldera Ferroli BLUEHELIX PRO RRT 32?<\/h3>\n<p>Con el Ferroli BLUEHELIX PRO RRT 32, podr\u00e1s tener un equipo totalmente compatible con el medio ambiente. el cual se adapta a superficies de todo tipo sin inconvenientes. Sus modos de funcionamiento avanzados podr\u00e1n ser adaptados de forma autom\u00e1tica. Solo podr\u00e1s encontrarla al mejor precio en tu tienda Instaclima.<\/p>\n","protected":false},"excerpt":{"rendered":"<p>OFERTA <strong>Caldera Ferroli BLUEHELIX PRO RRT 32<\/strong>. Potencia en Calefacci\u00f3n 32 Kw. Eficiencia Energ\u00e9tica A. Tipo Condensaci\u00f3n. Servicio Calefacci\u00f3n\/Agua Caliente. Gas\u00a0 Natural. Compra al mejor precio el Ferroli a gas.<\/p>\n","protected":false},"featured_media":2737,"comment_status":"open","ping_status":"closed","template":"","meta":[],"etheme_brands":[],"product_brand":[],"product_cat":[59],"product_tag":[60],"class_list":{"0":"post-2689","1":"product","2":"type-product","3":"status-publish","4":"has-post-thumbnail","6":"product_cat-calderas","7":"product_tag-ferroli","9":"first","10":"instock","11":"taxable","12":"shipping-taxable","13":"purchasable","14":"product-type-simple"},"_links":{"self":[{"href":"https:\/\/www.instaclima.com\/nuevaweb\/wp-json\/wp\/v2\/product\/2689","targetHints":{"allow":["GET"]}}],"collection":[{"href":"https:\/\/www.instaclima.com\/nuevaweb\/wp-json\/wp\/v2\/product"}],"about":[{"href":"https:\/\/www.instaclima.com\/nuevaweb\/wp-json\/wp\/v2\/types\/product"}],"replies":[{"embeddable":true,"href":"https:\/\/www.instaclima.com\/nuevaweb\/wp-json\/wp\/v2\/comments?post=2689"}],"version-history":[{"count":1,"href":"https:\/\/www.instaclima.com\/nuevaweb\/wp-json\/wp\/v2\/product\/2689\/revisions"}],"predecessor-version":[{"id":2738,"href":"https:\/\/www.instaclima.com\/nuevaweb\/wp-json\/wp\/v2\/product\/2689\/revisions\/2738"}],"wp:featuredmedia":[{"embeddable":true,"href":"https:\/\/www.instaclima.com\/nuevaweb\/wp-json\/wp\/v2\/media\/2737"}],"wp:attachment":[{"href":"https:\/\/www.instaclima.com\/nuevaweb\/wp-json\/wp\/v2\/media?parent=2689"}],"wp:term":[{"taxonomy":"brand","embeddable":true,"href":"https:\/\/www.instaclima.com\/nuevaweb\/wp-json\/wp\/v2\/etheme_brands?post=2689"},{"taxonomy":"product_brand","embeddable":true,"href":"https:\/\/www.instaclima.com\/nuevaweb\/wp-json\/wp\/v2\/product_brand?post=2689"},{"taxonomy":"product_cat","embeddable":true,"href":"https:\/\/www.instaclima.com\/nuevaweb\/wp-json\/wp\/v2\/product_cat?post=2689"},{"taxonomy":"product_tag","embeddable":true,"href":"https:\/\/www.instaclima.com\/nuevaweb\/wp-json\/wp\/v2\/product_tag?post=2689"}],"curies":[{"name":"wp","href":"https:\/\/api.w.org\/{rel}","templated":true}]}}